{"id":5933,"date":"2024-02-13T21:35:58","date_gmt":"2024-02-13T20:35:58","guid":{"rendered":"https:\/\/cauxpalace.ch\/?page_id=5933"},"modified":"2025-05-28T15:16:03","modified_gmt":"2025-05-28T13:16:03","slug":"terrasse-jardins","status":"publish","type":"page","link":"https:\/\/www.cauxpalace.ch\/fr\/facilities\/caux-palace\/terrasse-jardins\/","title":{"rendered":"Terrasse &#038; Jardins"},"content":{"rendered":"\n<p>D\u00e9tendez-vous sur la terrasse du Caux Palace, promenez-vous dans les jardins et d\u00e9couvrez les vues et les paysages \u00e9poustouflants de ce site exceptionnel.<\/p>\n","protected":false},"excerpt":{"rendered":"<p>D\u00e9tendez-vous sur la terrasse du Caux Palace, promenez-vous dans les jardins et d\u00e9couvrez les vues et les paysages \u00e9poustouflants de ce site exceptionnel.<\/p>\n","protected":false},"author":6,"featured_media":5876,"parent":312,"menu_order":5,"comment_status":"closed","ping_status":"closed","template":"room.php","meta":{"_acf_changed":false,"footnotes":""},"class_list":["post-5933","page","type-page","status-publish","has-post-thumbnail","hentry"],"acf":[],"_links":{"self":[{"href":"https:\/\/www.cauxpalace.ch\/fr\/wp-json\/wp\/v2\/pages\/5933","targetHints":{"allow":["GET"]}}],"collection":[{"href":"https:\/\/www.cauxpalace.ch\/fr\/wp-json\/wp\/v2\/pages"}],"about":[{"href":"https:\/\/www.cauxpalace.ch\/fr\/wp-json\/wp\/v2\/types\/page"}],"author":[{"embeddable":true,"href":"https:\/\/www.cauxpalace.ch\/fr\/wp-json\/wp\/v2\/users\/6"}],"replies":[{"embeddable":true,"href":"https:\/\/www.cauxpalace.ch\/fr\/wp-json\/wp\/v2\/comments?post=5933"}],"version-history":[{"count":3,"href":"https:\/\/www.cauxpalace.ch\/fr\/wp-json\/wp\/v2\/pages\/5933\/revisions"}],"predecessor-version":[{"id":7384,"href":"https:\/\/www.cauxpalace.ch\/fr\/wp-json\/wp\/v2\/pages\/5933\/revisions\/7384"}],"up":[{"embeddable":true,"href":"https:\/\/www.cauxpalace.ch\/fr\/wp-json\/wp\/v2\/pages\/312"}],"wp:featuredmedia":[{"embeddable":true,"href":"https:\/\/www.cauxpalace.ch\/fr\/wp-json\/wp\/v2\/media\/5876"}],"wp:attachment":[{"href":"https:\/\/www.cauxpalace.ch\/fr\/wp-json\/wp\/v2\/media?parent=5933"}],"curies":[{"name":"wp","href":"https:\/\/api.w.org\/{rel}","templated":true}]}}