{"id":5800,"date":"2024-02-07T16:11:00","date_gmt":"2024-02-07T15:11:00","guid":{"rendered":"https:\/\/cauxpalace.ch\/?page_id=5800"},"modified":"2024-02-07T16:14:30","modified_gmt":"2024-02-07T15:14:30","slug":"temoignages","status":"publish","type":"page","link":"https:\/\/www.cauxpalace.ch\/fr\/qui-sommes-nous\/temoignages\/","title":{"rendered":"Ce que l&rsquo;on dit de nous"},"content":{"rendered":"\n<p>\u00ab&nbsp;Les membres de la communaut\u00e9 du CCHN nous ont fait part de leur sentiment de privil\u00e8ge de d\u00e9couvrir un endroit aussi unique o\u00f9 ils peuvent vraiment se ressourcer, se reconnecter \u00e0 la nature et prendre le temps de s\u2019occuper d\u2019eux-m\u00eames apr\u00e8s une vie bien remplie&nbsp;\u00bb.<\/p>\n\n\n\n<p><em>\u2013 Jo\u00eblle Germanier, Centre de comp\u00e9tence sur la n\u00e9gociation humanitaire (CCHN<\/em>)<\/p>\n\n\n\n<p>***<\/p>\n\n\n\n<p>\u00ab&nbsp;Le Centre de politique de s\u00e9curit\u00e9 de Gen\u00e8ve et Initiatives et Changement ont pour mission commune de soutenir la paix et la s\u00e9curit\u00e9 internationales. Les deux organisations s\u2019emploient \u00e0 donner aux individus les moyens d\u2019atteindre cet objectif et b\u00e9n\u00e9ficient l\u2019une et l\u2019autre de l\u2019\u00e9change de connaissances et d\u2019expertise&nbsp;\u00bb.<\/p>\n\n\n\n<p><em>\u2013<\/em> <em>Christina Orisich, Centre de politique de s\u00e9curit\u00e9 de Gen\u00e8ve<\/em><\/p>\n\n\n\n<p>***<\/p>\n\n\n\n<p>\u00ab&nbsp;C\u00e9l\u00e9brer les 30 ans de la Fondation&nbsp;Etoile&nbsp;filante&nbsp;avec Initiatives of Change a \u00e9t\u00e9 une exp\u00e9rience de magie pure. Ils ont su pousser les murs et relever tous les d\u00e9fis. Les familles ont pu partager des moments de qualit\u00e9, de cocooning et de loisirs. Les acteurs de la sc\u00e8ne sociale, familiale et du divertissement ont pu cr\u00e9er des synergies pour le bonheur des enfants et des plus grands. Nous remercions encore tous nos partenaires et nos soutiens pour permettre \u00e0 la magie d\u2019op\u00e9rer. Gr\u00e2ce \u00e0 toutes et \u00e0 tous, les r\u00eaves deviennent r\u00e9alit\u00e9&nbsp;!&nbsp;\u00bb<\/p>\n\n\n\n<p><em>\u2013 M\u00e9lodie Schlaepfer, Fondation \u00c9toile filante<\/em><\/p>\n\n\n\n<p>***<\/p>\n\n\n\n<p>\u00ab&nbsp;Le Caux Palace offre un environnement id\u00e9al pour cr\u00e9er et renforcer la bonne volont\u00e9 et la confiance entre les membres de l\u2019\u00e9quipe.&nbsp;\u00bb<\/p>\n\n\n\n<p><em>\u2013 Stephen Cornish, M\u00e9cedins Sans Fronti\u00e8res<\/em><\/p>\n\n\n\n<p>***<\/p>\n\n\n\n<p>\u00ab\u00a0Caux a fourni une excellente atmosph\u00e8re pour notre retraite annuelle des dirigeants et les participants ont v\u00e9cu une exp\u00e9rience m\u00e9morable.\u00a0\u00bb<\/p>\n\n\n\n<p><em>\u2013 Ryan Stanton, International Civil Society Centre<\/em><\/p>\n\n\n\n<p>***<\/p>\n\n\n\n<p>\u00ab\u00a0Merci pour tous vos efforts et votre aide dans l&rsquo;organisation de la retraite du personnel de l&rsquo;ICVA.\u00a0\u00bb<\/p>\n\n\n\n<p><em>&#8211; Myl\u00e8ne Soto, International Council of Voluntary Agencies<\/em> (<em>ICVA<\/em>)<\/p>\n\n\n\n<p><\/p>\n\n\n\n<p><\/p>\n\n\n\n<p><\/p>\n","protected":false},"excerpt":{"rendered":"<p>\u00ab&nbsp;Les membres de la communaut\u00e9 du CCHN nous ont fait part de leur sentiment de privil\u00e8ge de d\u00e9couvrir un endroit aussi unique o\u00f9 ils peuvent vraiment se ressourcer, se reconnecter \u00e0 la nature et prendre le temps de s\u2019occuper d\u2019eux-m\u00eames apr\u00e8s une vie bien remplie&nbsp;\u00bb. \u2013 Jo\u00eblle Germanier, Centre de comp\u00e9tence sur la n\u00e9gociation humanitaire [&hellip;]<\/p>\n","protected":false},"author":6,"featured_media":0,"parent":7393,"menu_order":8,"comment_status":"closed","ping_status":"closed","template":"food-and-catering.php","meta":{"_acf_changed":false,"footnotes":""},"class_list":["post-5800","page","type-page","status-publish","hentry"],"acf":[],"_links":{"self":[{"href":"https:\/\/www.cauxpalace.ch\/fr\/wp-json\/wp\/v2\/pages\/5800","targetHints":{"allow":["GET"]}}],"collection":[{"href":"https:\/\/www.cauxpalace.ch\/fr\/wp-json\/wp\/v2\/pages"}],"about":[{"href":"https:\/\/www.cauxpalace.ch\/fr\/wp-json\/wp\/v2\/types\/page"}],"author":[{"embeddable":true,"href":"https:\/\/www.cauxpalace.ch\/fr\/wp-json\/wp\/v2\/users\/6"}],"replies":[{"embeddable":true,"href":"https:\/\/www.cauxpalace.ch\/fr\/wp-json\/wp\/v2\/comments?post=5800"}],"version-history":[{"count":2,"href":"https:\/\/www.cauxpalace.ch\/fr\/wp-json\/wp\/v2\/pages\/5800\/revisions"}],"predecessor-version":[{"id":5809,"href":"https:\/\/www.cauxpalace.ch\/fr\/wp-json\/wp\/v2\/pages\/5800\/revisions\/5809"}],"up":[{"embeddable":true,"href":"https:\/\/www.cauxpalace.ch\/fr\/wp-json\/wp\/v2\/pages\/7393"}],"wp:attachment":[{"href":"https:\/\/www.cauxpalace.ch\/fr\/wp-json\/wp\/v2\/media?parent=5800"}],"curies":[{"name":"wp","href":"https:\/\/api.w.org\/{rel}","templated":true}]}}