{"id":5795,"date":"2024-02-07T16:07:44","date_gmt":"2024-02-07T15:07:44","guid":{"rendered":"https:\/\/cauxpalace.ch\/?page_id=5795"},"modified":"2024-02-23T14:36:35","modified_gmt":"2024-02-23T13:36:35","slug":"activites-sur-mesure","status":"publish","type":"page","link":"https:\/\/www.cauxpalace.ch\/fr\/hospitalite-changement\/activites-sur-mesure\/","title":{"rendered":"Activit\u00e9s sur mesure"},"content":{"rendered":"\n<p>Notre \u00e9quipe d&rsquo;accueil peut proposer un large \u00e9ventail d&rsquo;activit\u00e9s de team building et de facilitation adapt\u00e9es \u00e0 vos besoins.<\/p>\n\n\n\n<p><a href=\"https:\/\/www.iofc.ch\/fr\/facilitation\">EN <\/a><a href=\"https:\/\/www.iofc.ch\/fr\/facilitation\" target=\"_blank\" rel=\"noreferrer noopener\">SAVOIR <\/a><a href=\"https:\/\/www.iofc.ch\/fr\/facilitation\">PLUS<\/a><\/p>\n\n\n\n<figure class=\"wp-block-image size-large\"><img loading=\"lazy\" decoding=\"async\" width=\"1024\" height=\"378\" src=\"\/wp-content\/uploads\/2024\/01\/Mountain-view-4-1024x378.png\" alt=\"\" class=\"wp-image-5406\" srcset=\"https:\/\/www.cauxpalace.ch\/wp-content\/uploads\/2024\/01\/Mountain-view-4-1024x378.png 1024w, https:\/\/www.cauxpalace.ch\/wp-content\/uploads\/2024\/01\/Mountain-view-4-300x111.png 300w, https:\/\/www.cauxpalace.ch\/wp-content\/uploads\/2024\/01\/Mountain-view-4-768x284.png 768w, https:\/\/www.cauxpalace.ch\/wp-content\/uploads\/2024\/01\/Mountain-view-4-1536x568.png 1536w, https:\/\/www.cauxpalace.ch\/wp-content\/uploads\/2024\/01\/Mountain-view-4.png 1905w\" sizes=\"auto, (max-width: 1024px) 100vw, 1024px\" \/><\/figure>\n\n\n\n<h3 class=\"wp-block-heading\">Ce que l&rsquo;on dit d&rsquo;un s\u00e9jour au Caux Palace<\/h3>\n\n\n\n<p>\u00ab&nbsp;Caux a fourni une excellente atmosph\u00e8re pour notre retraite annuelle des dirigeants et les participants ont v\u00e9cu une exp\u00e9rience m\u00e9morable.&nbsp;\u00bb<\/p>\n\n\n\n<p><em>\u2013 Ryan Stanton, International Civil Society Centre<\/em><\/p>\n\n\n\n<p>***<\/p>\n\n\n\n<p>\u00ab&nbsp;Le Caux Palace offre un environnement id\u00e9al pour cr\u00e9er et renforcer la bonne volont\u00e9 et la confiance entre les membres de l\u2019\u00e9quipe.&nbsp;\u00bb<\/p>\n\n\n\n<p><em>\u2013 Stephen Cornish, M\u00e9cedins Sans Fronti\u00e8res<\/em><\/p>\n\n\n\n<p>***<\/p>\n\n\n\n<p>\u00ab\u00a0Tout \u00e9tait tr\u00e8s professionnel et nous avons eu une r\u00e9union de retraite parfaite.\u00a0\u00bb<\/p>\n\n\n\n<p><em>\u2013<\/em> <em>Baha Mansour, KAICIID \u2013 International Dialogue Centre<\/em><\/p>\n","protected":false},"excerpt":{"rendered":"<p>Notre \u00e9quipe d&rsquo;accueil peut proposer un large \u00e9ventail d&rsquo;activit\u00e9s de team building et de facilitation adapt\u00e9es \u00e0 vos besoins. EN SAVOIR PLUS Ce que l&rsquo;on dit d&rsquo;un s\u00e9jour au Caux Palace \u00ab&nbsp;Caux a fourni une excellente atmosph\u00e8re pour notre retraite annuelle des dirigeants et les participants ont v\u00e9cu une exp\u00e9rience m\u00e9morable.&nbsp;\u00bb \u2013 Ryan Stanton, International [&hellip;]<\/p>\n","protected":false},"author":6,"featured_media":0,"parent":516,"menu_order":7,"comment_status":"closed","ping_status":"closed","template":"food-and-catering.php","meta":{"_acf_changed":false,"footnotes":""},"class_list":["post-5795","page","type-page","status-publish","hentry"],"acf":[],"_links":{"self":[{"href":"https:\/\/www.cauxpalace.ch\/fr\/wp-json\/wp\/v2\/pages\/5795","targetHints":{"allow":["GET"]}}],"collection":[{"href":"https:\/\/www.cauxpalace.ch\/fr\/wp-json\/wp\/v2\/pages"}],"about":[{"href":"https:\/\/www.cauxpalace.ch\/fr\/wp-json\/wp\/v2\/types\/page"}],"author":[{"embeddable":true,"href":"https:\/\/www.cauxpalace.ch\/fr\/wp-json\/wp\/v2\/users\/6"}],"replies":[{"embeddable":true,"href":"https:\/\/www.cauxpalace.ch\/fr\/wp-json\/wp\/v2\/comments?post=5795"}],"version-history":[{"count":4,"href":"https:\/\/www.cauxpalace.ch\/fr\/wp-json\/wp\/v2\/pages\/5795\/revisions"}],"predecessor-version":[{"id":6070,"href":"https:\/\/www.cauxpalace.ch\/fr\/wp-json\/wp\/v2\/pages\/5795\/revisions\/6070"}],"up":[{"embeddable":true,"href":"https:\/\/www.cauxpalace.ch\/fr\/wp-json\/wp\/v2\/pages\/516"}],"wp:attachment":[{"href":"https:\/\/www.cauxpalace.ch\/fr\/wp-json\/wp\/v2\/media?parent=5795"}],"curies":[{"name":"wp","href":"https:\/\/api.w.org\/{rel}","templated":true}]}}