{"id":5787,"date":"2024-02-07T16:00:25","date_gmt":"2024-02-07T15:00:25","guid":{"rendered":"https:\/\/cauxpalace.ch\/?page_id=5787"},"modified":"2024-02-23T14:37:26","modified_gmt":"2024-02-23T13:37:26","slug":"formations-facilitation","status":"publish","type":"page","link":"https:\/\/www.cauxpalace.ch\/fr\/offres\/formations-facilitation\/","title":{"rendered":"Formations &#038; Facilitation"},"content":{"rendered":"\n<p>Notre \u00e9quipe d\u2019accueil peut vous proposer une large gamme de restauration et d\u2019activit\u00e9s de team building adapt\u00e9es \u00e0 vos besoins.<\/p>\n\n\n\n<p>En \u00e9t\u00e9, notre spacieuse salle \u00e0 manger en libre-service peut accueillir jusqu\u2019\u00e0 350 personnes, avec des places assises \u00e0 l\u2019int\u00e9rieur et des tables \u00e0 l\u2019ext\u00e9rieur sur la grande terrasse ombrag\u00e9e offrant une vue spectaculaire sur le L\u00e9man. Pour les buffets et les r\u00e9ceptions, le grand hall est l\u2019endroit id\u00e9al.<\/p>\n\n\n\n<p>Tout au long de l\u2019ann\u00e9e, les petits groupes peuvent choisir entre un repas en libre-service, un buffet traiteur ou un service \u00e0 table adapt\u00e9 \u00e0 leurs pr\u00e9f\u00e9rences \u00e0 la Villa Maria<\/p>\n\n\n\n<figure class=\"wp-block-image size-large\"><img loading=\"lazy\" decoding=\"async\" width=\"1024\" height=\"378\" src=\"\/wp-content\/uploads\/2024\/01\/Inspire-workshop-training-1024x378.png\" alt=\"\" class=\"wp-image-5423\" srcset=\"https:\/\/www.cauxpalace.ch\/wp-content\/uploads\/2024\/01\/Inspire-workshop-training-1024x378.png 1024w, https:\/\/www.cauxpalace.ch\/wp-content\/uploads\/2024\/01\/Inspire-workshop-training-300x111.png 300w, https:\/\/www.cauxpalace.ch\/wp-content\/uploads\/2024\/01\/Inspire-workshop-training-768x283.png 768w, https:\/\/www.cauxpalace.ch\/wp-content\/uploads\/2024\/01\/Inspire-workshop-training-1536x566.png 1536w, https:\/\/www.cauxpalace.ch\/wp-content\/uploads\/2024\/01\/Inspire-workshop-training.png 1600w\" sizes=\"auto, (max-width: 1024px) 100vw, 1024px\" \/><\/figure>\n\n\n\n<p>La formation des \u00e9quipes et la facilitation des dialogues sont au c\u0153ur de la longue exp\u00e9rience d&rsquo;Initiatives et Changement dans le domaine de la paix et de l&rsquo;instauration de la confiance dans le monde entier. Nous combinons notre exp\u00e9rience et notre expertise et proposons un soutien \u00e0 la facilitation et une formation pour vos \u00e9v\u00e9nements au Palais de Caux et \u00e0 la Villa Maria afin d&rsquo;am\u00e9liorer la participation, d&rsquo;approfondir les conversations, de renforcer le travail d&rsquo;\u00e9quipe et de d\u00e9velopper l&rsquo;appropriation.<\/p>\n\n\n\n<p><a href=\"https:\/\/www.iofc.ch\/fr\/training-facilitation\">EN SAVOIR <\/a><a href=\"https:\/\/www.iofc.ch\/fr\/training-facilitation\" target=\"_blank\" rel=\"noreferrer noopener\">PLUS<\/a><\/p>\n\n\n\n<figure class=\"wp-block-image size-large\"><img loading=\"lazy\" decoding=\"async\" width=\"1024\" height=\"421\" src=\"\/wp-content\/uploads\/2024\/02\/Day-1-favourite-1cropped-1024x421.jpeg\" alt=\"\" class=\"wp-image-5788\" srcset=\"https:\/\/www.cauxpalace.ch\/wp-content\/uploads\/2024\/02\/Day-1-favourite-1cropped-1024x421.jpeg 1024w, https:\/\/www.cauxpalace.ch\/wp-content\/uploads\/2024\/02\/Day-1-favourite-1cropped-300x123.jpeg 300w, https:\/\/www.cauxpalace.ch\/wp-content\/uploads\/2024\/02\/Day-1-favourite-1cropped-768x316.jpeg 768w, https:\/\/www.cauxpalace.ch\/wp-content\/uploads\/2024\/02\/Day-1-favourite-1cropped.jpeg 1532w\" sizes=\"auto, (max-width: 1024px) 100vw, 1024px\" \/><\/figure>\n\n\n\n<h3 class=\"wp-block-heading\">Ce que l&rsquo;on dit de nos formations et offres de facilitation<\/h3>\n\n\n\n<p>\u00ab\u00a0C&rsquo;est l&rsquo;une des meilleures formations que j&rsquo;ai jamais suivies. Les m\u00e9thodes sont claires et utiles et la pr\u00e9sentation est un parfait \u00e9quilibre entre th\u00e9orie et pratique. Je la recommande vivement \u00e0 tous les facilitateurs, quel que soit leur niveau.\u00a0\u00bb<\/p>\n\n\n\n<p><em>\u2013 Kali Taylor, International Institute for Sustainable Development<\/em><\/p>\n\n\n\n<p>***<\/p>\n\n\n\n<p>\u00ab\u00a0C&rsquo;\u00e9tait une excellente occasion de d\u00e9velopper et d&rsquo;am\u00e9liorer les comp\u00e9tences cl\u00e9s n\u00e9cessaires pour g\u00e9n\u00e9rer des r\u00e9sultats positifs au sein d&rsquo;une \u00e9quipe, ainsi que de prendre confiance en ses propres comp\u00e9tences en mati\u00e8re de facilitation.\u00a0\u00bb<\/p>\n\n\n\n<p><em>\u2013 Renzo Costa, Geneva Centre for Security Policy<\/em><\/p>\n","protected":false},"excerpt":{"rendered":"<p>Notre \u00e9quipe d\u2019accueil peut vous proposer une large gamme de restauration et d\u2019activit\u00e9s de team building adapt\u00e9es \u00e0 vos besoins. En \u00e9t\u00e9, notre spacieuse salle \u00e0 manger en libre-service peut accueillir jusqu\u2019\u00e0 350 personnes, avec des places assises \u00e0 l\u2019int\u00e9rieur et des tables \u00e0 l\u2019ext\u00e9rieur sur la grande terrasse ombrag\u00e9e offrant une vue spectaculaire sur [&hellip;]<\/p>\n","protected":false},"author":6,"featured_media":0,"parent":2879,"menu_order":6,"comment_status":"closed","ping_status":"closed","template":"food-and-catering.php","meta":{"_acf_changed":false,"footnotes":""},"class_list":["post-5787","page","type-page","status-publish","hentry"],"acf":[],"_links":{"self":[{"href":"https:\/\/www.cauxpalace.ch\/fr\/wp-json\/wp\/v2\/pages\/5787","targetHints":{"allow":["GET"]}}],"collection":[{"href":"https:\/\/www.cauxpalace.ch\/fr\/wp-json\/wp\/v2\/pages"}],"about":[{"href":"https:\/\/www.cauxpalace.ch\/fr\/wp-json\/wp\/v2\/types\/page"}],"author":[{"embeddable":true,"href":"https:\/\/www.cauxpalace.ch\/fr\/wp-json\/wp\/v2\/users\/6"}],"replies":[{"embeddable":true,"href":"https:\/\/www.cauxpalace.ch\/fr\/wp-json\/wp\/v2\/comments?post=5787"}],"version-history":[{"count":7,"href":"https:\/\/www.cauxpalace.ch\/fr\/wp-json\/wp\/v2\/pages\/5787\/revisions"}],"predecessor-version":[{"id":6071,"href":"https:\/\/www.cauxpalace.ch\/fr\/wp-json\/wp\/v2\/pages\/5787\/revisions\/6071"}],"up":[{"embeddable":true,"href":"https:\/\/www.cauxpalace.ch\/fr\/wp-json\/wp\/v2\/pages\/2879"}],"wp:attachment":[{"href":"https:\/\/www.cauxpalace.ch\/fr\/wp-json\/wp\/v2\/media?parent=5787"}],"curies":[{"name":"wp","href":"https:\/\/api.w.org\/{rel}","templated":true}]}}