{"id":5781,"date":"2024-02-07T15:53:39","date_gmt":"2024-02-07T14:53:39","guid":{"rendered":"https:\/\/cauxpalace.ch\/?page_id=5781"},"modified":"2025-05-28T14:57:25","modified_gmt":"2025-05-28T12:57:25","slug":"arts-culture","status":"publish","type":"page","link":"https:\/\/www.cauxpalace.ch\/fr\/hospitalite-changement\/arts-culture\/","title":{"rendered":"Arts &#038; Culture"},"content":{"rendered":"\n<p>La fondation Caux Initiatives et Changement a une association de longue date avec les arts, reconnaissant le pouvoir de l\u2019expression artistique pour promouvoir la compr\u00e9hension, la r\u00e9conciliation et le changement social positif.<\/p>\n\n\n\n<p>Que ce soit pour accueillir des concerts, des expositions, des repr\u00e9sentations th\u00e9\u00e2trales ou devenir lieu de r\u00e9sidence, le Caux Palace offre un lieu unique et inspirant qui garantit une exp\u00e9rience inoubliable pour votre public.<\/p>\n\n\n\n<p>Nos espaces d\u00e9di\u00e9s, comprennent le th\u00e9\u00e2tre de 385 places enti\u00e8rement \u00e9quip\u00e9, le grand hall, \u00e9galement \u00e9quip\u00e9e d\u2019une sc\u00e8ne plus intimiste, et la salle d\u2019exposition Belle Epoque.<\/p>\n\n\n\n<p><em><strong><a rel=\"noreferrer noopener\" href=\"https:\/\/www.iofc.ch\/sites\/default\/files\/2023-09\/Caux_iofC_Flyer_French.pdf\" target=\"_blank\">T\u00e9l\u00e9charger notre brochure<\/a><\/strong><\/em><\/p>\n\n\n\n<figure class=\"wp-block-image size-large\"><img loading=\"lazy\" decoding=\"async\" width=\"1024\" height=\"372\" src=\"\/wp-content\/uploads\/2024\/01\/Maria-banner-1024x372.png\" alt=\"\" class=\"wp-image-5141\" srcset=\"https:\/\/www.cauxpalace.ch\/wp-content\/uploads\/2024\/01\/Maria-banner-1024x372.png 1024w, https:\/\/www.cauxpalace.ch\/wp-content\/uploads\/2024\/01\/Maria-banner-300x109.png 300w, https:\/\/www.cauxpalace.ch\/wp-content\/uploads\/2024\/01\/Maria-banner-768x279.png 768w, https:\/\/www.cauxpalace.ch\/wp-content\/uploads\/2024\/01\/Maria-banner-1536x559.png 1536w, https:\/\/www.cauxpalace.ch\/wp-content\/uploads\/2024\/01\/Maria-banner.png 1650w\" sizes=\"auto, (max-width: 1024px) 100vw, 1024px\" \/><\/figure>\n\n\n\n<p>La salle de bal d&rsquo;origine a \u00e9t\u00e9 transform\u00e9e en un th\u00e9\u00e2tre de 385 places enti\u00e8rement \u00e9quip\u00e9 avec \u00e9clairage, son et projection.<\/p>\n\n\n\n<p>Des pianos \u00e0 queue se trouvent dans le th\u00e9\u00e2tre, dans le Grand Hall et dans la salle Belle Epoque. Le Grand Hall est \u00e9galement \u00e9quip\u00e9e d&rsquo;une sc\u00e8ne plus informelle, d&rsquo;un projecteur, d&rsquo;un \u00e9clairage et d&rsquo;un son.<\/p>\n\n\n\n<h3 class=\"wp-block-heading\"><strong>Contactez-nous<\/strong><\/h3>\n\n\n\n<p>Pour plus d&rsquo;informations sur nos services d&rsquo;accueil, veuillez nous contacter: <strong><a href=\"mailto:Hospitality@caux.ch\">EMAIL<\/a><\/strong><\/p>\n","protected":false},"excerpt":{"rendered":"<p>La fondation Caux Initiatives et Changement a une association de longue date avec les arts, reconnaissant le pouvoir de l\u2019expression artistique pour promouvoir la compr\u00e9hension, la r\u00e9conciliation et le changement social positif. Que ce soit pour accueillir des concerts, des expositions, des repr\u00e9sentations th\u00e9\u00e2trales ou devenir lieu de r\u00e9sidence, le Caux Palace offre un lieu [&hellip;]<\/p>\n","protected":false},"author":6,"featured_media":4738,"parent":516,"menu_order":5,"comment_status":"closed","ping_status":"closed","template":"food-and-catering.php","meta":{"_acf_changed":false,"footnotes":""},"class_list":["post-5781","page","type-page","status-publish","has-post-thumbnail","hentry"],"acf":[],"_links":{"self":[{"href":"https:\/\/www.cauxpalace.ch\/fr\/wp-json\/wp\/v2\/pages\/5781","targetHints":{"allow":["GET"]}}],"collection":[{"href":"https:\/\/www.cauxpalace.ch\/fr\/wp-json\/wp\/v2\/pages"}],"about":[{"href":"https:\/\/www.cauxpalace.ch\/fr\/wp-json\/wp\/v2\/types\/page"}],"author":[{"embeddable":true,"href":"https:\/\/www.cauxpalace.ch\/fr\/wp-json\/wp\/v2\/users\/6"}],"replies":[{"embeddable":true,"href":"https:\/\/www.cauxpalace.ch\/fr\/wp-json\/wp\/v2\/comments?post=5781"}],"version-history":[{"count":5,"href":"https:\/\/www.cauxpalace.ch\/fr\/wp-json\/wp\/v2\/pages\/5781\/revisions"}],"predecessor-version":[{"id":7369,"href":"https:\/\/www.cauxpalace.ch\/fr\/wp-json\/wp\/v2\/pages\/5781\/revisions\/7369"}],"up":[{"embeddable":true,"href":"https:\/\/www.cauxpalace.ch\/fr\/wp-json\/wp\/v2\/pages\/516"}],"wp:featuredmedia":[{"embeddable":true,"href":"https:\/\/www.cauxpalace.ch\/fr\/wp-json\/wp\/v2\/media\/4738"}],"wp:attachment":[{"href":"https:\/\/www.cauxpalace.ch\/fr\/wp-json\/wp\/v2\/media?parent=5781"}],"curies":[{"name":"wp","href":"https:\/\/api.w.org\/{rel}","templated":true}]}}