{"id":5776,"date":"2024-02-07T15:47:28","date_gmt":"2024-02-07T14:47:28","guid":{"rendered":"https:\/\/cauxpalace.ch\/?page_id=5776"},"modified":"2025-05-28T14:57:03","modified_gmt":"2025-05-28T12:57:03","slug":"seminaires-reunions-retraits","status":"publish","type":"page","link":"https:\/\/www.cauxpalace.ch\/fr\/hospitalite-changement\/seminaires-reunions-retraits\/","title":{"rendered":"S\u00e9minaires, r\u00e9unions &#038; retraites"},"content":{"rendered":"\n<p>Outre les nombreuses salles de r\u00e9union du Caux Palace, la Villa Maria, id\u00e9alement situ\u00e9e en face du Caux Palace, offre des espaces exclusifs pour vos r\u00e9unions et retraites tout au long de l\u2019ann\u00e9e. Ces espaces bien con\u00e7us offrent une exp\u00e9rience sans tracas, cr\u00e9ant une atmosph\u00e8re plus intime qui encourage les discussions ouvertes.<\/p>\n\n\n\n<p>La Villa Maria propose des repas privatis\u00e9s, des salles de r\u00e9union confortables et une salle de conf\u00e9rence spacieuse \u00e9quip\u00e9e d\u2019installations audiovisuelles modernes et de tableaux blancs de la largeur de la pi\u00e8ce.<\/p>\n\n\n\n<p><em><strong><a rel=\"noreferrer noopener\" href=\"https:\/\/www.iofc.ch\/sites\/default\/files\/2023-09\/Caux_iofC_Flyer_French.pdf\" target=\"_blank\">T\u00e9l\u00e9charger notre brochure<\/a><\/strong><\/em><\/p>\n\n\n\n<figure class=\"wp-block-image size-large\"><img loading=\"lazy\" decoding=\"async\" width=\"1024\" height=\"378\" src=\"\/wp-content\/uploads\/2024\/01\/Quiet-Time-1-1024x378.png\" alt=\"\" class=\"wp-image-5515\" srcset=\"https:\/\/www.cauxpalace.ch\/wp-content\/uploads\/2024\/01\/Quiet-Time-1-1024x378.png 1024w, https:\/\/www.cauxpalace.ch\/wp-content\/uploads\/2024\/01\/Quiet-Time-1-300x111.png 300w, https:\/\/www.cauxpalace.ch\/wp-content\/uploads\/2024\/01\/Quiet-Time-1-768x284.png 768w, https:\/\/www.cauxpalace.ch\/wp-content\/uploads\/2024\/01\/Quiet-Time-1-1536x568.png 1536w, https:\/\/www.cauxpalace.ch\/wp-content\/uploads\/2024\/01\/Quiet-Time-1.png 1905w\" sizes=\"auto, (max-width: 1024px) 100vw, 1024px\" \/><\/figure>\n\n\n\n<h3 class=\"wp-block-heading\">Ce que l&rsquo;on dit de nous<\/h3>\n\n\n\n<p>\u00ab\u00a0Le Caux Palace offre un environnement id\u00e9al pour cr\u00e9er et renforcer la bonne volont\u00e9 et la confiance entre les membres de l&rsquo;\u00e9quipe.\u00a0\u00bb<\/p>\n\n\n\n<p><em>\u2013 Stephen Cornish, M\u00e9cedins Sans Fronti\u00e8res<\/em><\/p>\n\n\n\n<p>***<\/p>\n\n\n\n<p>\u00ab\u00a0Caux a fourni une excellente atmosph\u00e8re pour notre retraite annuelle des dirigeants et les participants ont v\u00e9cu une exp\u00e9rience m\u00e9morable.\u00a0\u00bb<\/p>\n\n\n\n<p><em>\u2013 Ryan Stanton, International Civil Society Centre<\/em><\/p>\n\n\n\n<p>***<\/p>\n\n\n\n<p>\u00ab\u00a0Les membres de la communaut\u00e9 du CCHN nous ont fait part de leur sentiment de privil\u00e8ge de d\u00e9couvrir un endroit aussi unique o\u00f9 ils peuvent vraiment se ressourcer, se reconnecter \u00e0 la nature et prendre le temps de s&rsquo;occuper d&rsquo;eux-m\u00eames apr\u00e8s une vie bien remplie\u00a0\u00bb.<\/p>\n\n\n\n<p><em>\u2013 Jo\u00eblle Germanier, Centre de Comp\u00e9tence en N\u00e9gociation Humanitaire (CCNH)<\/em><\/p>\n\n\n\n<figure class=\"wp-block-image size-large\"><img loading=\"lazy\" decoding=\"async\" width=\"1024\" height=\"378\" src=\"\/wp-content\/uploads\/2024\/01\/Conference-Roomv3-1-1024x378.png\" alt=\"\" class=\"wp-image-4547\" srcset=\"https:\/\/www.cauxpalace.ch\/wp-content\/uploads\/2024\/01\/Conference-Roomv3-1-1024x378.png 1024w, https:\/\/www.cauxpalace.ch\/wp-content\/uploads\/2024\/01\/Conference-Roomv3-1-300x111.png 300w, https:\/\/www.cauxpalace.ch\/wp-content\/uploads\/2024\/01\/Conference-Roomv3-1-768x284.png 768w, https:\/\/www.cauxpalace.ch\/wp-content\/uploads\/2024\/01\/Conference-Roomv3-1-1536x568.png 1536w, https:\/\/www.cauxpalace.ch\/wp-content\/uploads\/2024\/01\/Conference-Roomv3-1.png 1905w\" sizes=\"auto, (max-width: 1024px) 100vw, 1024px\" \/><\/figure>\n\n\n\n<h3 class=\"wp-block-heading\"><strong>Contactez-nous<\/strong><\/h3>\n\n\n\n<p>Pour plus d&rsquo;informations sur nos services d&rsquo;accueil, veuillez nous contacter: <strong><a href=\"mailto:Hospitality@caux.ch\">EMAIL<\/a><\/strong><\/p>\n","protected":false},"excerpt":{"rendered":"<p>Outre les nombreuses salles de r\u00e9union du Caux Palace, la Villa Maria, id\u00e9alement situ\u00e9e en face du Caux Palace, offre des espaces exclusifs pour vos r\u00e9unions et retraites tout au long de l\u2019ann\u00e9e. Ces espaces bien con\u00e7us offrent une exp\u00e9rience sans tracas, cr\u00e9ant une atmosph\u00e8re plus intime qui encourage les discussions ouvertes. La Villa Maria [&hellip;]<\/p>\n","protected":false},"author":6,"featured_media":0,"parent":516,"menu_order":4,"comment_status":"closed","ping_status":"closed","template":"food-and-catering.php","meta":{"_acf_changed":false,"footnotes":""},"class_list":["post-5776","page","type-page","status-publish","hentry"],"acf":[],"_links":{"self":[{"href":"https:\/\/www.cauxpalace.ch\/fr\/wp-json\/wp\/v2\/pages\/5776","targetHints":{"allow":["GET"]}}],"collection":[{"href":"https:\/\/www.cauxpalace.ch\/fr\/wp-json\/wp\/v2\/pages"}],"about":[{"href":"https:\/\/www.cauxpalace.ch\/fr\/wp-json\/wp\/v2\/types\/page"}],"author":[{"embeddable":true,"href":"https:\/\/www.cauxpalace.ch\/fr\/wp-json\/wp\/v2\/users\/6"}],"replies":[{"embeddable":true,"href":"https:\/\/www.cauxpalace.ch\/fr\/wp-json\/wp\/v2\/comments?post=5776"}],"version-history":[{"count":8,"href":"https:\/\/www.cauxpalace.ch\/fr\/wp-json\/wp\/v2\/pages\/5776\/revisions"}],"predecessor-version":[{"id":7368,"href":"https:\/\/www.cauxpalace.ch\/fr\/wp-json\/wp\/v2\/pages\/5776\/revisions\/7368"}],"up":[{"embeddable":true,"href":"https:\/\/www.cauxpalace.ch\/fr\/wp-json\/wp\/v2\/pages\/516"}],"wp:attachment":[{"href":"https:\/\/www.cauxpalace.ch\/fr\/wp-json\/wp\/v2\/media?parent=5776"}],"curies":[{"name":"wp","href":"https:\/\/api.w.org\/{rel}","templated":true}]}}