{"id":5772,"date":"2024-02-07T15:41:41","date_gmt":"2024-02-07T14:41:41","guid":{"rendered":"https:\/\/cauxpalace.ch\/?page_id=5772"},"modified":"2025-05-28T14:56:42","modified_gmt":"2025-05-28T12:56:42","slug":"conferences","status":"publish","type":"page","link":"https:\/\/www.cauxpalace.ch\/fr\/hospitalite-changement\/conferences\/","title":{"rendered":"Conf\u00e9rences"},"content":{"rendered":"\n<p>Le grand hall de style m\u00e9di\u00e9val et le th\u00e9\u00e2tre baroque peuvent accueillir jusqu\u2019\u00e0 385 personnes. Avec plus de 20 salles et espaces de r\u00e9union distincts, dont le Salon des Dames, le Salon du Pasquier et la Belle \u00c9poque, nous vous proposons un large \u00e9ventail d\u2019options pour vos conf\u00e9rences et r\u00e9unions.<\/p>\n\n\n\n<p>Pour l\u2019h\u00e9bergement, le centre Caux Palace dispose de plus de 200 chambres dot\u00e9es d\u2019un mobilier d\u2019\u00e9poque, de salles de bains privatives, de balcons et de vues sur le lac.<\/p>\n\n\n\n<p>Nos installations comprennent des syst\u00e8mes audiovisuels modernes, y compris des cabines d\u2019interpr\u00e9tation et des \u00e9quipements d\u00e9di\u00e9s, ce qui nous permet de r\u00e9pondre aux besoins d\u2019un public international diversifi\u00e9.<\/p>\n\n\n\n<p><em><strong><a rel=\"noreferrer noopener\" href=\"https:\/\/www.iofc.ch\/sites\/default\/files\/2023-09\/Caux_iofC_Flyer_French.pdf\" target=\"_blank\">T\u00e9l\u00e9charger notre brochure<\/a><\/strong><\/em><\/p>\n\n\n\n<figure class=\"wp-block-image size-large is-resized\"><img loading=\"lazy\" decoding=\"async\" src=\"\/wp-content\/uploads\/2024\/01\/Kofi-Annan-1024x378.png\" alt=\"\" class=\"wp-image-4700\" width=\"844\" height=\"311\" srcset=\"https:\/\/www.cauxpalace.ch\/wp-content\/uploads\/2024\/01\/Kofi-Annan-1024x378.png 1024w, https:\/\/www.cauxpalace.ch\/wp-content\/uploads\/2024\/01\/Kofi-Annan-300x111.png 300w, https:\/\/www.cauxpalace.ch\/wp-content\/uploads\/2024\/01\/Kofi-Annan-768x284.png 768w, https:\/\/www.cauxpalace.ch\/wp-content\/uploads\/2024\/01\/Kofi-Annan.png 1500w\" sizes=\"auto, (max-width: 844px) 100vw, 844px\" \/><\/figure>\n\n\n\n<h2 class=\"wp-block-heading\">Ce que l&rsquo;on dit de nous<\/h2>\n\n\n\n<p>\u00ab\u00a0Les membres de la communaut\u00e9 du CCHN nous ont fait part de leur sentiment de privil\u00e8ge de d\u00e9couvrir un endroit aussi unique o\u00f9 ils peuvent vraiment se ressourcer, se reconnecter \u00e0 la nature et prendre le temps de s&rsquo;occuper d&rsquo;eux-m\u00eames apr\u00e8s une vie bien remplie\u00a0\u00bb.<\/p>\n\n\n\n<p><em>&#8211; Jo\u00eblle Germanier, Centre de comp\u00e9tence sur la n\u00e9gociation humanitaire (CCHN<\/em>)<\/p>\n\n\n\n<p>***<\/p>\n\n\n\n<p>\u00ab\u00a0Le Centre de politique de s\u00e9curit\u00e9 de Gen\u00e8ve et Initiatives et Changement ont pour mission commune de soutenir la paix et la s\u00e9curit\u00e9 internationales. Les deux organisations s&#8217;emploient \u00e0 donner aux individus les moyens d&rsquo;atteindre cet objectif et b\u00e9n\u00e9ficient l&rsquo;une et l&rsquo;autre de l&rsquo;\u00e9change de connaissances et d&rsquo;expertise\u00a0\u00bb.<\/p>\n\n\n\n<p><em>&#8211;<\/em> <em>Christina Orisich, Centre de politique de s\u00e9curit\u00e9 de Gen\u00e8ve<\/em><\/p>\n\n\n\n<p>***<\/p>\n\n\n\n<p>\u00ab\u00a0C\u00e9l\u00e9brer les 30 ans de la Fondation&nbsp;Etoile&nbsp;filante&nbsp;avec Initiatives of Change a \u00e9t\u00e9 une exp\u00e9rience de magie pure. Ils ont su pousser les murs et relever tous les d\u00e9fis. Les familles ont pu partager des moments de qualit\u00e9, de cocooning et de loisirs. Les acteurs de la sc\u00e8ne sociale, familiale et du divertissement ont pu cr\u00e9er des synergies pour le bonheur des enfants et des plus grands. Nous remercions encore tous nos partenaires et nos soutiens pour permettre \u00e0 la magie d\u2019op\u00e9rer. Gr\u00e2ce \u00e0 toutes et \u00e0 tous, les r\u00eaves deviennent r\u00e9alit\u00e9&nbsp;!\u00a0\u00bb<\/p>\n\n\n\n<p><em>&#8211; M\u00e9lodie Schlaepfer, Fondation \u00c9toile filante <\/em><\/p>\n\n\n\n<figure class=\"wp-block-image size-large\"><img loading=\"lazy\" decoding=\"async\" width=\"1024\" height=\"378\" src=\"\/wp-content\/uploads\/2024\/01\/Terrace-1-1024x378.png\" alt=\"\" class=\"wp-image-5111\" srcset=\"https:\/\/www.cauxpalace.ch\/wp-content\/uploads\/2024\/01\/Terrace-1-1024x378.png 1024w, https:\/\/www.cauxpalace.ch\/wp-content\/uploads\/2024\/01\/Terrace-1-300x111.png 300w, https:\/\/www.cauxpalace.ch\/wp-content\/uploads\/2024\/01\/Terrace-1-768x284.png 768w, https:\/\/www.cauxpalace.ch\/wp-content\/uploads\/2024\/01\/Terrace-1.png 1500w\" sizes=\"auto, (max-width: 1024px) 100vw, 1024px\" \/><\/figure>\n\n\n\n<h3 class=\"wp-block-heading\"><strong>Contactez-nous<\/strong><\/h3>\n\n\n\n<p>Pour plus d&rsquo;informations sur nos services d&rsquo;hospitalit\u00e9, veuillez nous contacter: <strong><a href=\"mailto:Hospitality@caux.ch\">EMAIL<\/a><\/strong><\/p>\n","protected":false},"excerpt":{"rendered":"<p>Le grand hall de style m\u00e9di\u00e9val et le th\u00e9\u00e2tre baroque peuvent accueillir jusqu\u2019\u00e0 385 personnes. Avec plus de 20 salles et espaces de r\u00e9union distincts, dont le Salon des Dames, le Salon du Pasquier et la Belle \u00c9poque, nous vous proposons un large \u00e9ventail d\u2019options pour vos conf\u00e9rences et r\u00e9unions. Pour l\u2019h\u00e9bergement, le centre Caux [&hellip;]<\/p>\n","protected":false},"author":6,"featured_media":0,"parent":516,"menu_order":3,"comment_status":"closed","ping_status":"closed","template":"food-and-catering.php","meta":{"_acf_changed":false,"footnotes":""},"class_list":["post-5772","page","type-page","status-publish","hentry"],"acf":[],"_links":{"self":[{"href":"https:\/\/www.cauxpalace.ch\/fr\/wp-json\/wp\/v2\/pages\/5772","targetHints":{"allow":["GET"]}}],"collection":[{"href":"https:\/\/www.cauxpalace.ch\/fr\/wp-json\/wp\/v2\/pages"}],"about":[{"href":"https:\/\/www.cauxpalace.ch\/fr\/wp-json\/wp\/v2\/types\/page"}],"author":[{"embeddable":true,"href":"https:\/\/www.cauxpalace.ch\/fr\/wp-json\/wp\/v2\/users\/6"}],"replies":[{"embeddable":true,"href":"https:\/\/www.cauxpalace.ch\/fr\/wp-json\/wp\/v2\/comments?post=5772"}],"version-history":[{"count":7,"href":"https:\/\/www.cauxpalace.ch\/fr\/wp-json\/wp\/v2\/pages\/5772\/revisions"}],"predecessor-version":[{"id":7367,"href":"https:\/\/www.cauxpalace.ch\/fr\/wp-json\/wp\/v2\/pages\/5772\/revisions\/7367"}],"up":[{"embeddable":true,"href":"https:\/\/www.cauxpalace.ch\/fr\/wp-json\/wp\/v2\/pages\/516"}],"wp:attachment":[{"href":"https:\/\/www.cauxpalace.ch\/fr\/wp-json\/wp\/v2\/media?parent=5772"}],"curies":[{"name":"wp","href":"https:\/\/api.w.org\/{rel}","templated":true}]}}