{"id":5767,"date":"2024-02-07T15:29:52","date_gmt":"2024-02-07T14:29:52","guid":{"rendered":"https:\/\/cauxpalace.ch\/?page_id=5767"},"modified":"2025-05-28T14:56:09","modified_gmt":"2025-05-28T12:56:09","slug":"restauration","status":"publish","type":"page","link":"https:\/\/www.cauxpalace.ch\/fr\/hospitalite-changement\/restauration\/","title":{"rendered":"Restauration"},"content":{"rendered":"\n<p>Notre \u00e9quipe d\u2019accueil peut vous proposer une large gamme de restauration et d\u2019activit\u00e9s de team building adapt\u00e9es \u00e0 vos besoins.<\/p>\n\n\n\n<p>En \u00e9t\u00e9, notre spacieuse salle \u00e0 manger en libre-service peut accueillir jusqu\u2019\u00e0 350 personnes, avec des places assises \u00e0 l\u2019int\u00e9rieur et des tables \u00e0 l\u2019ext\u00e9rieur sur la grande terrasse ombrag\u00e9e offrant une vue spectaculaire sur le L\u00e9man. Pour les buffets et les r\u00e9ceptions, le grand hall est l\u2019endroit id\u00e9al.<\/p>\n\n\n\n<p>Tout au long de l\u2019ann\u00e9e, les petits groupes peuvent choisir entre un repas en libre-service, un buffet traiteur ou un service \u00e0 table adapt\u00e9 \u00e0 leurs pr\u00e9f\u00e9rences \u00e0 la Villa Maria<\/p>\n\n\n\n<p><em><strong><a rel=\"noreferrer noopener\" href=\"https:\/\/www.iofc.ch\/sites\/default\/files\/2023-09\/Caux_iofC_Flyer_French.pdf\" target=\"_blank\">T\u00e9l\u00e9charger notre brochure<\/a><\/strong><\/em><\/p>\n\n\n\n<figure class=\"wp-block-image size-large\"><img loading=\"lazy\" decoding=\"async\" width=\"1024\" height=\"378\" src=\"\/wp-content\/uploads\/2024\/01\/Salle-a-manger-1-1024x378.png\" alt=\"\" class=\"wp-image-5199\" srcset=\"https:\/\/www.cauxpalace.ch\/wp-content\/uploads\/2024\/01\/Salle-a-manger-1-1024x378.png 1024w, https:\/\/www.cauxpalace.ch\/wp-content\/uploads\/2024\/01\/Salle-a-manger-1-300x111.png 300w, https:\/\/www.cauxpalace.ch\/wp-content\/uploads\/2024\/01\/Salle-a-manger-1-768x284.png 768w, https:\/\/www.cauxpalace.ch\/wp-content\/uploads\/2024\/01\/Salle-a-manger-1-1536x568.png 1536w, https:\/\/www.cauxpalace.ch\/wp-content\/uploads\/2024\/01\/Salle-a-manger-1.png 1905w\" sizes=\"auto, (max-width: 1024px) 100vw, 1024px\" \/><\/figure>\n\n\n\n<h3 class=\"wp-block-heading\"><strong>Contactez-nous<\/strong><\/h3>\n\n\n\n<p>Pour plus d&rsquo;informations sur nos services d&rsquo;accueil, veuillez nous contacter: <strong><a href=\"mailto:Hospitality@caux.ch\">EMAIL<\/a><\/strong><\/p>\n\n\n\n<figure class=\"wp-block-image size-large\"><img loading=\"lazy\" decoding=\"async\" width=\"1024\" height=\"378\" src=\"\/wp-content\/uploads\/2024\/01\/Belle-Epoque-1024x378.png\" alt=\"\" class=\"wp-image-5210\" srcset=\"https:\/\/www.cauxpalace.ch\/wp-content\/uploads\/2024\/01\/Belle-Epoque-1024x378.png 1024w, https:\/\/www.cauxpalace.ch\/wp-content\/uploads\/2024\/01\/Belle-Epoque-300x111.png 300w, https:\/\/www.cauxpalace.ch\/wp-content\/uploads\/2024\/01\/Belle-Epoque-768x284.png 768w, https:\/\/www.cauxpalace.ch\/wp-content\/uploads\/2024\/01\/Belle-Epoque.png 1500w\" sizes=\"auto, (max-width: 1024px) 100vw, 1024px\" \/><\/figure>\n\n\n\n<h3 class=\"wp-block-heading\">Ce que l&rsquo;on dit de nous<\/h3>\n\n\n\n<p>\u00ab\u00a0Tout \u00e9tait tr\u00e8s professionnel et nous avons eu une r\u00e9union de retraite parfaite.<\/p>\n\n\n\n<p><em>&#8211; Baha Mansour, KAICIID &#8211; Centre de dialogue international<\/em><\/p>\n\n\n\n<p>***<\/p>\n\n\n\n<p>\u00ab\u00a0Le Caux Palace offre un environnement id\u00e9al pour construire et renforcer la bonne volont\u00e9 et la confiance entre les membres de l&rsquo;\u00e9quipe.<\/p>\n\n\n\n<p><em>&#8211; Stephen Cornish, M\u00e9decins Sans Fronti\u00e8res<\/em><\/p>\n\n\n\n<p>***<\/p>\n\n\n\n<p>\u00ab\u00a0Merci pour tous vos efforts et votre aide dans l&rsquo;organisation de la retraite du personnel de l&rsquo;ICVA.<\/p>\n\n\n\n<p><em>&#8211; Myl\u00e8ne Soto, Conseil international des agences b\u00e9n\u00e9voles (ICVA)<\/em><\/p>\n\n\n\n<p><\/p>\n\n\n\n<hr class=\"wp-block-separator has-alpha-channel-opacity\"\/>\n","protected":false},"excerpt":{"rendered":"<p>Notre \u00e9quipe d\u2019accueil peut vous proposer une large gamme de restauration et d\u2019activit\u00e9s de team building adapt\u00e9es \u00e0 vos besoins. En \u00e9t\u00e9, notre spacieuse salle \u00e0 manger en libre-service peut accueillir jusqu\u2019\u00e0 350 personnes, avec des places assises \u00e0 l\u2019int\u00e9rieur et des tables \u00e0 l\u2019ext\u00e9rieur sur la grande terrasse ombrag\u00e9e offrant une vue spectaculaire sur [&hellip;]<\/p>\n","protected":false},"author":6,"featured_media":0,"parent":516,"menu_order":2,"comment_status":"closed","ping_status":"closed","template":"food-and-catering.php","meta":{"_acf_changed":false,"footnotes":""},"class_list":["post-5767","page","type-page","status-publish","hentry"],"acf":[],"_links":{"self":[{"href":"https:\/\/www.cauxpalace.ch\/fr\/wp-json\/wp\/v2\/pages\/5767","targetHints":{"allow":["GET"]}}],"collection":[{"href":"https:\/\/www.cauxpalace.ch\/fr\/wp-json\/wp\/v2\/pages"}],"about":[{"href":"https:\/\/www.cauxpalace.ch\/fr\/wp-json\/wp\/v2\/types\/page"}],"author":[{"embeddable":true,"href":"https:\/\/www.cauxpalace.ch\/fr\/wp-json\/wp\/v2\/users\/6"}],"replies":[{"embeddable":true,"href":"https:\/\/www.cauxpalace.ch\/fr\/wp-json\/wp\/v2\/comments?post=5767"}],"version-history":[{"count":6,"href":"https:\/\/www.cauxpalace.ch\/fr\/wp-json\/wp\/v2\/pages\/5767\/revisions"}],"predecessor-version":[{"id":7366,"href":"https:\/\/www.cauxpalace.ch\/fr\/wp-json\/wp\/v2\/pages\/5767\/revisions\/7366"}],"up":[{"embeddable":true,"href":"https:\/\/www.cauxpalace.ch\/fr\/wp-json\/wp\/v2\/pages\/516"}],"wp:attachment":[{"href":"https:\/\/www.cauxpalace.ch\/fr\/wp-json\/wp\/v2\/media?parent=5767"}],"curies":[{"name":"wp","href":"https:\/\/api.w.org\/{rel}","templated":true}]}}