{"id":518,"date":"2017-04-06T14:32:32","date_gmt":"2017-04-06T12:32:32","guid":{"rendered":"http:\/\/caux-palace.dev.acw.website\/reservation\/"},"modified":"2025-11-25T11:44:41","modified_gmt":"2025-11-25T10:44:41","slug":"contact-acces","status":"publish","type":"page","link":"https:\/\/www.cauxpalace.ch\/fr\/contact-acces\/","title":{"rendered":"Contact &#038; Acc\u00e8s"},"content":{"rendered":"\n<h2 class=\"wp-block-heading\"><strong>Comment nous trouver<\/strong><\/h2>\n\n\n\n<p>Nous vous recommandons vivement de vous rendre \u00e0 Caux en utilisant les transports publics, car les places de parking sont limit\u00e9es.<\/p>\n\n\n\n<p><strong>La gare de Caux<\/strong> est situ\u00e9e juste \u00e0 c\u00f4t\u00e9 du Caux Palace.<\/p>\n\n\n\n<p>Caux est accessible en une heure et demie en voiture ou en train depuis Gen\u00e8ve, et en deux heures depuis Berne. Des trains circulent toutes les heures \u00e0 partir de l&rsquo;a\u00e9roport de Gen\u00e8ve ainsi que de Berne.<\/p>\n\n\n\n<p>Pour conna\u00eetre les horaires exacts et les correspondances, consultez <a href=\"http:\/\/www.rail.ch\/\" target=\"_blank\" rel=\"noopener noreferrer\">www.rail.ch<\/a> .<\/p>\n\n\n\n<p>Un petit conseil pour <strong>votre trajet en voiture<\/strong> depuis Lausanne ou Vevey, privil\u00e9giez l&rsquo;itin\u00e9raire par Clarens ou Montreux Gare sur votre GPS. L&rsquo;option \u00ab\u00a0Les Avants\u00a0\u00bb est une route de montagne qui est plus longue et sinueuse et est \u00e0 \u00e9viter.<\/p>\n\n\n\n<p>Cliquez <a href=\"http:\/\/maps.google.ch\/maps?f=q&amp;hl=fr&amp;geocode=&amp;q=rue+du+panorama,+caux&amp;sll=46.4321,6.937713&amp;sspn=0.010766,0.020084&amp;ie=UTF8&amp;z=16&amp;iwloc=addr\" target=\"_blank\" rel=\"noopener noreferrer\">ici<\/a> pour une carte d\u00e9taill\u00e9e de la r\u00e9gion.<\/p>\n\n\n\n<div style=\"height:100px\" aria-hidden=\"true\" class=\"wp-block-spacer\"><\/div>\n\n\n\n<p><\/p>\n\n\n\n<h2 class=\"wp-block-heading\"><strong>INFORMATIONS PRATIQUES<\/strong><\/h2>\n\n\n\n<div style=\"height:42px\" aria-hidden=\"true\" class=\"wp-block-spacer\"><\/div>\n\n\n\n<h4 class=\"wp-block-heading\"><strong><a rel=\"noreferrer noopener\" href=\"https:\/\/www.iofc.ch\/media-coverage-policy\" target=\"_blank\">Politique de couverture m\u00e9diatique<\/a><\/strong><\/h4>\n\n\n\n<h4 class=\"wp-block-heading\"><strong><a href=\"https:\/\/cauxpalace.ch\/fr\/conditions-generales\/\" target=\"_blank\" rel=\"noreferrer noopener\">Conditions g\u00e9n\u00e9rales pour votre s\u00e9jour au Caux Palace<\/a><\/strong><\/h4>\n\n\n\n<h2 class=\"wp-block-heading\"><\/h2>\n","protected":false},"excerpt":{"rendered":"<p>Comment nous trouver Nous vous recommandons vivement de vous rendre \u00e0 Caux en utilisant les transports publics, car les places de parking sont limit\u00e9es. La gare de Caux est situ\u00e9e juste \u00e0 c\u00f4t\u00e9 du Caux Palace. Caux est accessible en une heure et demie en voiture ou en train depuis Gen\u00e8ve, et en deux heures [&hellip;]<\/p>\n","protected":false},"author":9,"featured_media":0,"parent":0,"menu_order":8,"comment_status":"closed","ping_status":"closed","template":"contact-us.php","meta":{"_acf_changed":false,"footnotes":""},"class_list":["post-518","page","type-page","status-publish","hentry"],"acf":[],"_links":{"self":[{"href":"https:\/\/www.cauxpalace.ch\/fr\/wp-json\/wp\/v2\/pages\/518","targetHints":{"allow":["GET"]}}],"collection":[{"href":"https:\/\/www.cauxpalace.ch\/fr\/wp-json\/wp\/v2\/pages"}],"about":[{"href":"https:\/\/www.cauxpalace.ch\/fr\/wp-json\/wp\/v2\/types\/page"}],"author":[{"embeddable":true,"href":"https:\/\/www.cauxpalace.ch\/fr\/wp-json\/wp\/v2\/users\/9"}],"replies":[{"embeddable":true,"href":"https:\/\/www.cauxpalace.ch\/fr\/wp-json\/wp\/v2\/comments?post=518"}],"version-history":[{"count":51,"href":"https:\/\/www.cauxpalace.ch\/fr\/wp-json\/wp\/v2\/pages\/518\/revisions"}],"predecessor-version":[{"id":7409,"href":"https:\/\/www.cauxpalace.ch\/fr\/wp-json\/wp\/v2\/pages\/518\/revisions\/7409"}],"wp:attachment":[{"href":"https:\/\/www.cauxpalace.ch\/fr\/wp-json\/wp\/v2\/media?parent=518"}],"curies":[{"name":"wp","href":"https:\/\/api.w.org\/{rel}","templated":true}]}}