{"id":504,"date":"2017-04-12T15:54:23","date_gmt":"2017-04-12T13:54:23","guid":{"rendered":"http:\/\/caux-palace.dev.acw.website\/facilities\/caux-palace\/guest-room\/"},"modified":"2021-06-23T10:34:33","modified_gmt":"2021-06-23T08:34:33","slug":"chambres","status":"publish","type":"page","link":"https:\/\/www.cauxpalace.ch\/fr\/chambres\/","title":{"rendered":"Chambres"},"content":{"rendered":"<h6 style=\"text-align: center\">Le Caux Palace compte plus de 200 chambres. Une s\u00e9lection des plus belles chambres, fra\u00eechement r\u00e9nov\u00e9es, est mise toute l\u2019ann\u00e9e \u00e0 disposition des participant-e-s \u00e0 nos s\u00e9minaires . Le b\u00e2timent a conserv\u00e9 le charme de sa vocation initiale d&rsquo;h\u00f4tel de luxe pour la haute soci\u00e9t\u00e9 internationale de la Belle \u00c9poque.<\/h6>\n<h6 style=\"text-align: center\">Suivez les pas d&rsquo;Edgar Wallace, de John D. Rockefeller, de Scott Fitzgerald et du Maharaja de Baroda qui ont tous \u00e9t\u00e9 les h\u00f4tes du Caux Palace Hotel \u00e0 son apog\u00e9e.<\/h6>\n<p>&nbsp;<\/p>\n<h3 style=\"text-align: center\"><strong>Un voyage au temps de la Belle \u00c9poque<\/strong><\/h3>\n<h6 style=\"text-align: center\">Remontez le temps en s\u00e9journant dans nos chambres \u00e0 hauts plafonds, am\u00e9nag\u00e9es avec des meubles d&rsquo;\u00e9poque. Toutes les chambres disposent d&rsquo;un balcon avec vue sur le lac et d&rsquo;une salle de bains privative. Certaines disposent m\u00eame d&rsquo;une baignoire sur pieds d&rsquo;origine.<\/h6>\n<h6 style=\"text-align: center\">Nos chambres n&rsquo;offrent pas d&rsquo;\u00e9quipements modernes comme une t\u00e9l\u00e9vision, un s\u00e8che-cheveux ou un minibar, mais un acc\u00e8s wifi gratuit est disponible dans tout le b\u00e2timent.<\/h6>\n<p>&nbsp;<\/p>\n<h3 style=\"text-align: center\"><strong>Chambres doubles historiques<\/strong><\/h3>\n<h6 style=\"text-align: center\">Nos chambres doubles sont \u00e9quip\u00e9es de deux lits simples, soit en lits jumeaux, soit en lits doubles. Certaines chambres sont \u00e9quip\u00e9es d\u2019une douche, d&rsquo;autres d\u2019une baignoire. Si vous avez une pr\u00e9f\u00e9rence, faites-le nous savoir.<\/h6>\n<h6 style=\"text-align: center\">Des lits suppl\u00e9mentaires et des lits b\u00e9b\u00e9 peuvent \u00eatre install\u00e9s sur demande.<\/h6>\n<p>&nbsp;<\/p>\n<h3 style=\"text-align: center\"><strong>Chambres individuelles historiques<\/strong><\/h3>\n<h6 style=\"text-align: center\">Nos chambres individuelles sont toutes \u00e9quip\u00e9es d&rsquo;une salle de bain privative avec douche.<\/h6>\n<h6 style=\"text-align: center\">Si vous voyagez avec un enfant en bas \u00e2ge, un lit b\u00e9b\u00e9 peut \u00eatre install\u00e9 sur demande.<\/h6>\n","protected":false},"excerpt":{"rendered":"<p>Le Caux Palace compte plus de 200 chambres. Une s\u00e9lection des plus belles chambres, fra\u00eechement r\u00e9nov\u00e9es, est mise toute l\u2019ann\u00e9e \u00e0 disposition des participant-e-s \u00e0 nos s\u00e9minaires . Le b\u00e2timent a conserv\u00e9 le charme de sa vocation initiale d&rsquo;h\u00f4tel de luxe pour la haute soci\u00e9t\u00e9 internationale de la Belle \u00c9poque. Suivez les pas d&rsquo;Edgar Wallace, [&hellip;]<\/p>\n","protected":false},"author":9,"featured_media":0,"parent":0,"menu_order":5,"comment_status":"closed","ping_status":"closed","template":"room.php","meta":{"_acf_changed":false,"footnotes":""},"class_list":["post-504","page","type-page","status-publish","hentry"],"acf":[],"_links":{"self":[{"href":"https:\/\/www.cauxpalace.ch\/fr\/wp-json\/wp\/v2\/pages\/504","targetHints":{"allow":["GET"]}}],"collection":[{"href":"https:\/\/www.cauxpalace.ch\/fr\/wp-json\/wp\/v2\/pages"}],"about":[{"href":"https:\/\/www.cauxpalace.ch\/fr\/wp-json\/wp\/v2\/types\/page"}],"author":[{"embeddable":true,"href":"https:\/\/www.cauxpalace.ch\/fr\/wp-json\/wp\/v2\/users\/9"}],"replies":[{"embeddable":true,"href":"https:\/\/www.cauxpalace.ch\/fr\/wp-json\/wp\/v2\/comments?post=504"}],"version-history":[{"count":40,"href":"https:\/\/www.cauxpalace.ch\/fr\/wp-json\/wp\/v2\/pages\/504\/revisions"}],"predecessor-version":[{"id":3675,"href":"https:\/\/www.cauxpalace.ch\/fr\/wp-json\/wp\/v2\/pages\/504\/revisions\/3675"}],"wp:attachment":[{"href":"https:\/\/www.cauxpalace.ch\/fr\/wp-json\/wp\/v2\/media?parent=504"}],"curies":[{"name":"wp","href":"https:\/\/api.w.org\/{rel}","templated":true}]}}