{"id":3141,"date":"2020-10-20T11:52:20","date_gmt":"2020-10-20T09:52:20","guid":{"rendered":"http:\/\/www.cauxpalace.ch\/?page_id=3141"},"modified":"2021-02-02T20:48:04","modified_gmt":"2021-02-02T19:48:04","slug":"couverture-mediatique","status":"publish","type":"page","link":"https:\/\/www.cauxpalace.ch\/fr\/contact-acces\/couverture-mediatique\/","title":{"rendered":"Politique en mati\u00e8re de couverture m\u00e9diatique"},"content":{"rendered":"<h2><\/h2>\n<h2 style=\"text-align: center;\"><strong>Initiatives &amp; Changement Suisse &#8211; <b>\u00c8<\/b>v\u00e8nements &amp; Locaux<br \/>\n<\/strong><\/h2>\n<p>&nbsp;<\/p>\n<p><strong>Les journalistes, les blogueurs et blogueuses, les organisations, les institutions et les individu-e-s souhaitant couvrir les \u00e9v\u00e8nements organis\u00e9s au Centre de conf\u00e9rences et de seminaires de Caux sont les bienvenu-e-s. En fonction de votre r\u00f4le et de qui vous repr\u00e9sentez, diff\u00e9rentes exigences, termes et conditions seront appliqu\u00e9s.<\/strong><\/p>\n<p><strong>Toute demande de couverture d&rsquo;un \u00e9v\u00e9nement, y compris les interviews avec les participant-e-s ou les intervenant-e-s, devrait nous \u00eatre adress\u00e9e <a href=\"mailto:%20comms@caux.ch\">par email.<\/a><\/strong><\/p>\n<p><strong>Vous pouvez \u00e9galement utiliser le formulaire ci-dessous.<\/strong><\/p>\n<p>&nbsp;<\/p>\n<h3><u>Couverture de presse<\/u><\/h3>\n<div class=\"card-body\">\n<div class=\"__accordion-description\" data-quickedit-field-id=\"paragraph\/1605\/field_accordion_description\/fr\/default\">\n<p>Les journalistes et les m\u00e9dias souhaitant couvrir un \u00e9v\u00e9nement doivent demander la permission avant le d\u00e9but de l&rsquo;\u00e9v\u00e9nement. Les r\u00e9unions confidentielles et les s\u00e9ances en groupes communautaires sont ferm\u00e9es aux m\u00e9dias, sauf en cas d\u2019accord pr\u00e9alable avec l\u2019\u00e9quipe organisant l\u2019\u00e9v\u00e8nement concern\u00e9 et avec l\u2019\u00e9quipe de la communication de la fondation.<\/p>\n<p>L\u2019acc\u00e8s \u00e0 tous les \u00e9v\u00e8nements publics est libre. Pour une demande de permission, vous pouvez utiliser le formulaire ci-dessous.<\/p>\n<\/div>\n<\/div>\n<p>&nbsp;<\/p>\n<h3><u>Blogueurs et blogueuses et organisations ind\u00e9pendant-e-s<br \/>\n<\/u><\/h3>\n<div class=\"card-body\">\n<div class=\"__accordion-description\" data-quickedit-field-id=\"paragraph\/1606\/field_accordion_description\/fr\/default\">\n<p>Les blogueurs et blogueuses et repr\u00e9sentant-e-s d\u2019organisations de la soci\u00e9t\u00e9 civile doivent s\u2019inscrire aux \u00e9v\u00e9nements de la m\u00eame fa\u00e7on que les autres participant-e-s. Des tarifs et conditions seront appliqu\u00e9s.<\/p>\n<p>Toute communication destin\u00e9e au public doit \u00eatre approuv\u00e9e \u00e0 la fois par l&rsquo;\u00e9quipe de communication et par l&rsquo;\u00e9quipe organisatrice de l&rsquo;\u00e9v\u00e9nement. Les demandes doivent \u00eatre remises au moins une semaine avant l&rsquo;\u00e9v\u00e9nement.<\/p>\n<p><strong>Veuillez envoyer votre demande en remplissant le formulaire ci-dessous une semaine avant l&rsquo;\u00e9v\u00e9nement.<\/strong><\/p>\n<\/div>\n<\/div>\n<p>&nbsp;<\/p>\n<h3><u>Organisations et institutions partenaires<br \/>\n<\/u><\/h3>\n<div class=\"card-body\">\n<div class=\"__accordion-description\" data-quickedit-field-id=\"paragraph\/1607\/field_accordion_description\/fr\/default\">\n<p>Les activit\u00e9s de communication des organisations et des institutions partenaires d&rsquo;Initiatives et Changement Suisse et\/ou de l\u2019\u00e9quipe organisant les \u00e9v\u00e8nements doivent \u00eatre conformes aux conditions sp\u00e9cifiques d\u00e9finies dans un protocole d\u2019accord.<\/p>\n<p>Les demandes sp\u00e9cifiques concernant la photographie et les enregistrements vid\u00e9o ne seront consid\u00e9r\u00e9es que dans le cadre du partenariat. Toute d\u00e9cision d\u2019autoriser la couverture m\u00e9diatique sera prise par les parties ayant sign\u00e9 le protocole d\u2019accord, conform\u00e9ment \u00e0 ses proc\u00e9dures.<\/p>\n<p>Les t\u00e2ches de communication doivent \u00eatre d\u00e9finies par l\u2019\u00e9quipe de la communication d&rsquo;Initiatives et Changement lors du processus de r\u00e9daction du protocole d\u2019accord.<\/p>\n<\/div>\n<\/div>\n<p>&nbsp;<\/p>\n<h3><u>Photographie<\/u><\/h3>\n<p>Les \u00e9v\u00e9nements organis\u00e9s par Initiatives et Changement Suisse offrent un espace s\u00fbr qui doit \u00eatre respect\u00e9. Veuillez demander \u00e0 l&rsquo;\u00e9quipe organisatrice de la r\u00e9union s&rsquo;il est permis de prendre des photos ou des captures d&rsquo;\u00e9cran. Les captures d&rsquo;\u00e9cran et les enregistrements doivent \u00eatre trait\u00e9s comme d&rsquo;autres interactions interpersonnelles potentiellement harcelantes. Ainsi, lorsqu&rsquo;une personne dans l&rsquo;interaction dit \u00ab\u00a0stop\u00a0\u00bb ou \u00ab\u00a0laissez-moi tranquille\u00a0\u00bb ou des mots \u00e0 cet effet, l&rsquo;interaction doit prendre fin. Dans ce cas, les participant-e-s ne doivent pas tenter de photographier \u00e0 nouveau cette personne. Enfin, la personne concern\u00e9e peut \u00e0 tout moment inspecter la capture d&rsquo;\u00e9cran\/enregistrement et, sur demande, la photographie ou les images, etc. selon le cas, doivent \u00eatre imm\u00e9diatement supprim\u00e9es.<\/p>\n<p>Pour les \u00e9v\u00e8nements sp\u00e9ciaux, un photographe professionnel sera engag\u00e9 par l\u2019\u00e9quipe de la communication, et ces photos pourront \u00e9galement \u00eatre utilis\u00e9es librement, avec la mention suivante : \u00a9 Initiatives et Changement | Cr\u00e9dit photo (Nom du photographe)<\/p>\n<p><strong><em>Pour toute demande concernant la prise de photos \u00e0 un \u00e9v\u00e9nement ou du Centre de conf\u00e9rences et de s\u00e9minaires de Caux, veuillez remplir le formulaire ci-dessous et nous l\u2019envoyer au moins une semaine avant la date de la s\u00e9ance photo.<\/em><\/strong><\/p>\n<p>&nbsp;<\/p>\n<h3><u>Enregistrements \/ Films vid\u00e9o<br \/>\n<\/u><\/h3>\n<p>Les participant-e-s aux \u00e9v\u00e9nements en ligne ne sont pas autoris\u00e9-e-s \u00e0 enregistrer les sessions. Pour certaines sessions, un enregistrement sera mis \u00e0 la disposition des participant-e-s. Il sera annonc\u00e9 au d\u00e9but des sessions.<\/p>\n<p>Tout enregistrement vid\u00e9o effectu\u00e9 pendant l&rsquo;\u00e9v\u00e9nement doit \u00eatre pr\u00e9alablement autoris\u00e9 par l\u2019\u00e9quipe de la communication, au moins une semaine avant la date souhait\u00e9e pour ledit enregistrement. Ceux et celles ne respectant pas cette proc\u00e9dure risqueraient de devoir quitter l&rsquo;\u00e9v\u00e9nement ou le Caux Palace.<\/p>\n<p>Tout tournage vid\u00e9o des locaux du Centre de conf\u00e9rences et de s\u00e9minaires de Caux n\u00e9cessite \u00e9galement une autorisation pr\u00e9alable.<\/p>\n<p><em><strong>Pour les demandes concernant la prise de vid\u00e9os lors d&rsquo;\u00e9v\u00e9nements ou au Centre de conf\u00e9rences et de s\u00e9minaires de Caux, veuillez remplir le formulaire ci-dessous.<\/strong><\/em><\/p>\n<p>&nbsp;<\/p>\n<h3><u>Retransmissions live<br \/>\n<\/u><\/h3>\n<div class=\"card-body\">\n<div class=\"__accordion-description\" data-quickedit-field-id=\"paragraph\/1610\/field_accordion_description\/fr\/default\">\n<p>Certains \u00e9v\u00e9nements sont retransmis live via diverses plateformes, y compris les r\u00e9seaux sociaux. Initiatives et Changement Suisse d\u00e9tient les droits exclusifs sur ces retransmissions.<\/p>\n<p>Aucun autre montage ou diffusion en continu live ne sera autoris\u00e9-e.<\/p>\n<\/div>\n<\/div>\n<p>&nbsp;<\/p>\n<p><strong>Pour plus d&rsquo;informations, veuillez contacter <\/strong><a href=\"mailto:comms@caux.ch\"><strong>l&rsquo;\u00e9quipe de communication de I&amp;C Suisse.<\/strong><\/a><\/p>\n<p>&nbsp;<\/p>\n<p><iframe loading=\"lazy\" style=\"position: relative; width: 1px; min-width: 100%; *width: 100%;\" frameborder=\"0\" height=\"508\" scrolling=\"yes\" src=\"https:\/\/services.cognitoforms.com\/f\/yN7RjhEjnkujE280ybIhjQ?id=28\" width=\"100%\"><\/iframe><script src=\"https:\/\/services.cognitoforms.com\/scripts\/embed.js\"><\/script><\/p>\n<p>&nbsp;<\/p>\n","protected":false},"excerpt":{"rendered":"<p>Initiatives &amp; Changement Suisse &#8211; \u00c8v\u00e8nements &amp; Locaux &nbsp; Les journalistes, les blogueurs et blogueuses, les organisations, les institutions et les individu-e-s souhaitant couvrir les \u00e9v\u00e8nements organis\u00e9s au Centre de conf\u00e9rences et de seminaires de Caux sont les bienvenu-e-s. En fonction de votre r\u00f4le et de qui vous repr\u00e9sentez, diff\u00e9rentes exigences, termes et conditions seront [&hellip;]<\/p>\n","protected":false},"author":6,"featured_media":0,"parent":518,"menu_order":0,"comment_status":"closed","ping_status":"closed","template":"plain-page.php","meta":{"_acf_changed":false,"footnotes":""},"class_list":["post-3141","page","type-page","status-publish","hentry"],"acf":[],"_links":{"self":[{"href":"https:\/\/www.cauxpalace.ch\/fr\/wp-json\/wp\/v2\/pages\/3141","targetHints":{"allow":["GET"]}}],"collection":[{"href":"https:\/\/www.cauxpalace.ch\/fr\/wp-json\/wp\/v2\/pages"}],"about":[{"href":"https:\/\/www.cauxpalace.ch\/fr\/wp-json\/wp\/v2\/types\/page"}],"author":[{"embeddable":true,"href":"https:\/\/www.cauxpalace.ch\/fr\/wp-json\/wp\/v2\/users\/6"}],"replies":[{"embeddable":true,"href":"https:\/\/www.cauxpalace.ch\/fr\/wp-json\/wp\/v2\/comments?post=3141"}],"version-history":[{"count":11,"href":"https:\/\/www.cauxpalace.ch\/fr\/wp-json\/wp\/v2\/pages\/3141\/revisions"}],"predecessor-version":[{"id":3347,"href":"https:\/\/www.cauxpalace.ch\/fr\/wp-json\/wp\/v2\/pages\/3141\/revisions\/3347"}],"up":[{"embeddable":true,"href":"https:\/\/www.cauxpalace.ch\/fr\/wp-json\/wp\/v2\/pages\/518"}],"wp:attachment":[{"href":"https:\/\/www.cauxpalace.ch\/fr\/wp-json\/wp\/v2\/media?parent=3141"}],"curies":[{"name":"wp","href":"https:\/\/api.w.org\/{rel}","templated":true}]}}