{"id":2976,"date":"2020-07-23T12:24:10","date_gmt":"2020-07-23T10:24:10","guid":{"rendered":"http:\/\/www.cauxpalace.ch\/?page_id=2976"},"modified":"2026-01-21T15:42:33","modified_gmt":"2026-01-21T14:42:33","slug":"forfaits-2026","status":"publish","type":"page","link":"https:\/\/www.cauxpalace.ch\/fr\/offres\/forfaits-2026\/","title":{"rendered":"Forfaits 2026"},"content":{"rendered":"<p><strong>R\u00e9servez votre dialogue, votre atelier ou votre retraite dans un cadre unique!<\/strong><\/p>\n<p>Surplombant le lac L\u00e9man, au-dessus de Montreux en Suisse, le <strong><a href=\"https:\/\/www.cauxpalace.ch\/facilities\/caux-palace\/\">Caux Palace<\/a><\/strong>\u00a0offre un cadre inspirant qui vous permet de prendre du recul et propose un lieu qui favorise des \u00e9changes fructueux.<\/p>\n<p><strong>Nous vous proposons les options suivantes pour vos rencontres, ateliers ou retraites :<\/strong><\/p>\n<ul>\n<li><strong>Offre sp\u00e9ciale \u00e9t\u00e9<\/strong> (valable du 15 juin au 31 ao\u00fbt 2026) pour des groupes de 25 \u00e0 250 personnes.<\/li>\n<li><strong>Offre de location exclusive de la Villa Maria<\/strong> (valable pendant toute l&rsquo;ann\u00e9e) pour des groupes de 15 \u00e0 30 personnes.<\/li>\n<\/ul>\n<p><strong>Veuillez nous contacter directement pour conna\u00eetre les disponibilit\u00e9s et les prix. Nous serons heureux de vous proposer une offre adapt\u00e9e \u00e0 vos besoins individuels. Vous trouverez ci-dessous le d\u00e9tail de nos offres et forfaits. <\/strong><\/p>\n<h3><strong>Offre sp\u00e9ciale \u00e9t\u00e9<\/strong><\/h3>\n<ul>\n<li>Valable du 15 juin au 31 ao\u00fbt 2026 (d\u00e9j\u00e0 complet pour 2026)<\/li>\n<li>Pour groupes de 25 \u00e0 250 personnes<\/li>\n<li>S\u00e9jour minimum 2 nuits<\/li>\n<li>Les prix sont par personne et par nuit<\/li>\n<li>Le\u00a0<a href=\"https:\/\/www.cauxpalace.ch\/facilities\/caux-palace\/\">Caux Palace<\/a> peut \u00eatre r\u00e9serv\u00e9 exclusivement ou pour des groupes plus petits en usage collectif avec d&rsquo;autres groupes.<\/li>\n<li>Les taxes de s\u00e9jour ne sont pas incluses, elles donnent acc\u00e8s aux r\u00e9ductions de la Riviera Card, y compris la gratuit\u00e9 des transports publics de Montreux<\/li>\n<\/ul>\n<p><strong>L&rsquo;offre comprend par nuit\u00e9e:<br \/>\n<\/strong><\/p>\n<ul>\n<li>Logement au <a href=\"https:\/\/www.cauxpalace.ch\/facilities\/caux-palace\/\">Caux Palace<\/a><\/li>\n<li>Petit-d\u00e9jeuner, d\u00e9jeuner et d\u00eener (style buffet avec caf\u00e9 et th\u00e9)<\/li>\n<li>2 demi-journ\u00e9es d\u2019utilisation de nos salles de s\u00e9minaires \u00e9quip\u00e9es (incl. Wifi)<\/li>\n<li>1 pause-caf\u00e9 et une pause th\u00e9 l\u2019apr\u00e8s-midi<\/li>\n<\/ul>\n<p><strong>Nous proposons <\/strong><a href=\"https:\/\/www.cauxpalace.ch\/fr\/chambres\/\"><strong>trois cat\u00e9gories de chambres diff\u00e9rentes:<\/strong><\/a><\/p>\n<ul>\n<li><a href=\"https:\/\/www.cauxpalace.ch\/fr\/chambres\/\">Chambres doubles standard<\/a><\/li>\n<li><a href=\"https:\/\/www.cauxpalace.ch\/fr\/chambres\/\">Chambres simples standard <\/a><\/li>\n<li><a href=\"https:\/\/www.cauxpalace.ch\/fr\/chambres\/\">Chambres premium<\/a><\/li>\n<\/ul>\n<p>Toutes nos chambres disposent d&rsquo;un balcon avec vue exclusive sur les Alpes et le lac L\u00e9man, ainsi que d&rsquo;une salle de bain privative avec douche\/baignoire et toilett<br \/>\nes.<\/p>\n<h3><strong>Villa Maria Forfait Journ\u00e9e compl\u00e8te<br \/>\n<\/strong><\/h3>\n<ul>\n<li>Utilisation exclusive de la <a href=\"https:\/\/www.cauxpalace.ch\/fr\/facilities\/villa-maria\/\">Villa Maria<\/a><\/li>\n<li>Espaces de reunion \u00e9quip\u00e9s et wifi<\/li>\n<li>D\u00e9jeuner, d\u00eener et pauses-caf\u00e9<\/li>\n<li>Rafra\u00eechissements toute la journ\u00e9e<\/li>\n<\/ul>\n<h3><strong>Vous souhaitez ajouter une nuit\u00e9e?<br \/>\n<\/strong><\/h3>\n<ul>\n<li>Logement au <a href=\"https:\/\/www.cauxpalace.ch\/fr\/facilities\/caux-palace\/\">Caux Palace <\/a>(25 chambres)<\/li>\n<li>Logement \u00e0 la<a href=\"https:\/\/www.cauxpalace.ch\/fr\/facilities\/villa-maria\/\"> Villa Maria<\/a> (6 chambres)<\/li>\n<li>Petit-d\u00e9jeuner sain et \u00e9quilibr\u00e9<\/li>\n<\/ul>\n<h3><strong>Offres Villa Maria<br \/>\n<\/strong><\/h3>\n<ul>\n<li>Valable toute l&rsquo;ann\u00e9e<\/li>\n<li>Pour les groupes de 15 \u00e0 30 personnes<\/li>\n<li>La <a href=\"https:\/\/www.cauxpalace.ch\/fr\/facilities\/villa-maria\/\">Villa Maria<\/a> peut \u00eatre r\u00e9serv\u00e9 pour une utilisation journali\u00e8re ou avec logement<\/li>\n<li>Les taxes de s\u00e9jour elles donnent acc\u00e8s aux r\u00e9ductions de la Riviera Card, y compris la gratuit\u00e9 des transports publics de et vers Montreux<\/li>\n<\/ul>\n<p><strong>Des r\u00e9ductions sont disponibles pour les ONG et les organisations partenaires.<\/strong><\/p>\n<h3><strong>D\u00e9couvrez les joyaux de la r\u00e9gion lors de votre s\u00e9jour!<\/strong><\/h3>\n<ul>\n<li>D\u00e9couvrir la vue panoramique des<a href=\"https:\/\/www.myswitzerland.com\/fr-fr\/decouvrir\/rochers-de-naye\/\"> Rochers-de-Naye<\/a><\/li>\n<li>Faire une visite du fameux <a href=\"https:\/\/www.chillon.ch\/\">Ch\u00e2teau de Chillon<\/a><\/li>\n<li>Faire une croisi\u00e8re <a href=\"https:\/\/www.tripadvisor.com\/Attraction_Review-g188107-d1830342-Reviews-La_Suisse_Belle_Epoque_paddle_steamboat-Lausanne_Canton_of_Vaud.html\">Belle Epoque avec un bateau \u00e0 vapeur<\/a> sur le Lac L\u00e9man<\/li>\n<li>Visiter l&rsquo;inoubliable mus\u00e9e <a href=\"https:\/\/www.chaplinsworld.com\/en\">Chaplin\u2019s World \u00e0 Corsier-sur-Vevey<\/a><\/li>\n<li>Faire une balade au bord du lac \u00e0 <a href=\"https:\/\/www.montreux.ch\/accueil\">Montreux ou \u00e0<\/a> <a href=\"https:\/\/www.vevey.ch\/\">Vevey<\/a><\/li>\n<\/ul>\n<p>Pour en savoir plus sur les tarifs r\u00e9duits avec la Riviera Card, rendez-vous sur le site <a href=\"https:\/\/static.mycity.travel\/manage\/uploads\/6\/24\/262987\/9\/montreux-riviera-card-prestations-et-transports-2025.pdf\">de l&rsquo;Office du tourisme de Montreux.<\/a><\/p>\n<h3><strong>Vous cherchez \u00e0 rendre votre \u00e9v\u00e8nement interactif\u00a0?<\/strong><\/h3>\n<p>Avec 80 ans d\u2019exp\u00e9rience en <a href=\"https:\/\/www.iofc.ch\/fr\/promotion-de-la-confiance\/facilitation-de-dialogues\">faciliation de dialogue et d\u2019\u00e9v\u00e8nement,<\/a> nous nous ferons un plaisir de vous accompagner dans la conception et faciliation de votre \u00e9v\u00e8nement. N\u2019h\u00e9sitez pas \u00e0 nous demander une offre.<\/p>\n<p><strong>Pour recevoir une offre d\u00e9taill\u00e9e et sans obligations,\u00a0<\/strong><strong><a href=\"mailto: info@cauxpalace.ch\">contactez-nous<\/a><\/strong> <strong>ou remplissez notre <\/strong><strong><a href=\"https:\/\/www.cauxpalace.ch\/fr\/contact-acces\/\">formulaire de contact.<\/a><\/strong><\/p>\n<p><a href=\"https:\/\/cauxpalace.ch\/fr\/conditions-generales\/\">Veuillez d\u00e9couvrir nos conditions g\u00e9n\u00e9rales.<\/a><\/p>\n<p><em>Le Caux Palace appartient \u00e0 la <a href=\"https:\/\/www.iofc.ch\/fr\">Fondation Caux Initiatives et Changement, <\/a>une fondation \u00e0 but non lucratif cr\u00e9e en 1946.<\/em><br \/>\n<em> Notre fondation a pour vision un monde en paix, juste et durable, o\u00f9 les individus agissent dans un esprit d\u2019interd\u00e9pendance et de responsabilit\u00e9 globales.<\/em><\/p>\n","protected":false},"excerpt":{"rendered":"<p>R\u00e9servez votre dialogue, votre atelier ou votre retraite dans un cadre unique! Surplombant le lac L\u00e9man, au-dessus de Montreux en Suisse, le Caux Palace\u00a0offre un cadre inspirant qui vous permet de prendre du recul et propose un lieu qui favorise des \u00e9changes fructueux. Nous vous proposons les options suivantes pour vos rencontres, ateliers ou retraites [&hellip;]<\/p>\n","protected":false},"author":6,"featured_media":0,"parent":2879,"menu_order":0,"comment_status":"closed","ping_status":"closed","template":"plain-page.php","meta":{"_acf_changed":false,"footnotes":""},"class_list":["post-2976","page","type-page","status-publish","hentry"],"acf":[],"_links":{"self":[{"href":"https:\/\/www.cauxpalace.ch\/fr\/wp-json\/wp\/v2\/pages\/2976","targetHints":{"allow":["GET"]}}],"collection":[{"href":"https:\/\/www.cauxpalace.ch\/fr\/wp-json\/wp\/v2\/pages"}],"about":[{"href":"https:\/\/www.cauxpalace.ch\/fr\/wp-json\/wp\/v2\/types\/page"}],"author":[{"embeddable":true,"href":"https:\/\/www.cauxpalace.ch\/fr\/wp-json\/wp\/v2\/users\/6"}],"replies":[{"embeddable":true,"href":"https:\/\/www.cauxpalace.ch\/fr\/wp-json\/wp\/v2\/comments?post=2976"}],"version-history":[{"count":31,"href":"https:\/\/www.cauxpalace.ch\/fr\/wp-json\/wp\/v2\/pages\/2976\/revisions"}],"predecessor-version":[{"id":7419,"href":"https:\/\/www.cauxpalace.ch\/fr\/wp-json\/wp\/v2\/pages\/2976\/revisions\/7419"}],"up":[{"embeddable":true,"href":"https:\/\/www.cauxpalace.ch\/fr\/wp-json\/wp\/v2\/pages\/2879"}],"wp:attachment":[{"href":"https:\/\/www.cauxpalace.ch\/fr\/wp-json\/wp\/v2\/media?parent=2976"}],"curies":[{"name":"wp","href":"https:\/\/api.w.org\/{rel}","templated":true}]}}