{"id":2888,"date":"2020-06-14T10:14:06","date_gmt":"2020-06-14T08:14:06","guid":{"rendered":"http:\/\/www.cauxpalace.ch\/?page_id=2888"},"modified":"2025-05-16T14:36:17","modified_gmt":"2025-05-16T12:36:17","slug":"conditions-generales","status":"publish","type":"page","link":"https:\/\/www.cauxpalace.ch\/fr\/conditions-generales\/","title":{"rendered":"Conditions g\u00e9n\u00e9rales"},"content":{"rendered":"\n<p><\/p>\n\n\n\n<p class=\"has-text-align-center\">Veuillez lire nos <a href=\"https:\/\/www.iofc.ch\/sites\/default\/files\/2025-05\/T%26C%20Caux%20Foundation%20Events%202025%201_0.pdf\"><strong>conditions g\u00e9n\u00e9rales<\/strong><\/a> attentivement.<\/p>\n\n\n\n<p class=\"has-text-align-center\">Nous vous souhaitons un s\u00e9jour inspirant au Caux Palace !<\/p>\n","protected":false},"excerpt":{"rendered":"<p>Veuillez lire nos conditions g\u00e9n\u00e9rales attentivement. Nous vous souhaitons un s\u00e9jour inspirant au Caux Palace !<\/p>\n","protected":false},"author":6,"featured_media":0,"parent":0,"menu_order":0,"comment_status":"closed","ping_status":"closed","template":"plain-page.php","meta":{"_acf_changed":false,"footnotes":""},"class_list":["post-2888","page","type-page","status-publish","hentry"],"acf":[],"_links":{"self":[{"href":"https:\/\/www.cauxpalace.ch\/fr\/wp-json\/wp\/v2\/pages\/2888","targetHints":{"allow":["GET"]}}],"collection":[{"href":"https:\/\/www.cauxpalace.ch\/fr\/wp-json\/wp\/v2\/pages"}],"about":[{"href":"https:\/\/www.cauxpalace.ch\/fr\/wp-json\/wp\/v2\/types\/page"}],"author":[{"embeddable":true,"href":"https:\/\/www.cauxpalace.ch\/fr\/wp-json\/wp\/v2\/users\/6"}],"replies":[{"embeddable":true,"href":"https:\/\/www.cauxpalace.ch\/fr\/wp-json\/wp\/v2\/comments?post=2888"}],"version-history":[{"count":7,"href":"https:\/\/www.cauxpalace.ch\/fr\/wp-json\/wp\/v2\/pages\/2888\/revisions"}],"predecessor-version":[{"id":7270,"href":"https:\/\/www.cauxpalace.ch\/fr\/wp-json\/wp\/v2\/pages\/2888\/revisions\/7270"}],"wp:attachment":[{"href":"https:\/\/www.cauxpalace.ch\/fr\/wp-json\/wp\/v2\/media?parent=2888"}],"curies":[{"name":"wp","href":"https:\/\/api.w.org\/{rel}","templated":true}]}}