{"id":2883,"date":"2020-06-14T10:10:36","date_gmt":"2020-06-14T08:10:36","guid":{"rendered":"http:\/\/www.cauxpalace.ch\/?page_id=2883"},"modified":"2025-02-13T09:58:06","modified_gmt":"2025-02-13T08:58:06","slug":"tours-guides","status":"publish","type":"page","link":"https:\/\/www.cauxpalace.ch\/fr\/offres\/tours-guides\/","title":{"rendered":"Visites guid\u00e9es"},"content":{"rendered":"\n<p>Plongez dans l&rsquo;histoire fascinante du<strong><a href=\"https:\/\/cauxpalace.ch\/fr\" rel=\"noreferrer noopener\" target=\"_blank\">&nbsp;Caux Palace<\/a><\/strong>, construit entre 1900 et 1902 comme un magnifique Grand H\u00f4tel Belle Epoque offrant l&rsquo;une des vues les plus spectaculaires de Suisse.<\/p>\n\n\n\n<p>Le Caux Palace est un monument historique d&rsquo;une importance exceptionnelle. Class\u00e9 objet d&rsquo;int\u00e9r\u00eat national, l&rsquo;ancien h\u00f4tel Belle \u00c9poque est une pi\u00e8ce unique du patrimoine suisse. Son architecture, son histoire et son r\u00f4le culturel en font un lieu fascinant au patrimoine riche.<\/p>\n\n\n\n<div style=\"height:32px\" aria-hidden=\"true\" class=\"wp-block-spacer\"><\/div>\n\n\n\n<figure class=\"wp-block-gallery has-nested-images columns-default is-cropped wp-block-gallery-1 is-layout-flex wp-block-gallery-is-layout-flex\">\n<figure class=\"wp-block-image size-large\"><img loading=\"lazy\" decoding=\"async\" width=\"1905\" height=\"704\" data-id=\"6987\" src=\"\/wp-content\/uploads\/2024\/11\/Main-Hall-historical-2.png\" alt=\"\" class=\"wp-image-6987\" srcset=\"https:\/\/www.cauxpalace.ch\/wp-content\/uploads\/2024\/11\/Main-Hall-historical-2.png 1905w, https:\/\/www.cauxpalace.ch\/wp-content\/uploads\/2024\/11\/Main-Hall-historical-2-300x111.png 300w, https:\/\/www.cauxpalace.ch\/wp-content\/uploads\/2024\/11\/Main-Hall-historical-2-1024x378.png 1024w, https:\/\/www.cauxpalace.ch\/wp-content\/uploads\/2024\/11\/Main-Hall-historical-2-768x284.png 768w, https:\/\/www.cauxpalace.ch\/wp-content\/uploads\/2024\/11\/Main-Hall-historical-2-1536x568.png 1536w\" sizes=\"auto, (max-width: 1905px) 100vw, 1905px\" \/><figcaption class=\"wp-element-caption\">Le Caux Palace en d\u00e9but du XXe si\u00e8cle<\/figcaption><\/figure>\n<\/figure>\n\n\n\n<div style=\"height:39px\" aria-hidden=\"true\" class=\"wp-block-spacer\"><\/div>\n\n\n\n<p>Construit en 1902 par&nbsp;<strong>Eug\u00e8ne Jost<\/strong>, \u00e9galement architecte du Majestic Palace Hotel, il s&rsquo;\u00e9tend sur une terrasse de plus de 500 m\u00e8tres de long et se niche sur les hauteurs de Montreux, \u00e0 1000 m\u00e8tres d&rsquo;altitude, offrant une vue imprenable sur tout le bassin l\u00e9manique et les Alpes suisses.<\/p>\n\n\n\n<p>Au cours de la visite, vous d\u00e9couvrirez des espaces prestigieux, comme le th\u00e9\u00e2tre baroque et l&rsquo;imposante salle principale, et explorerez les coulisses, comme les buanderies et les ateliers de construction.<\/p>\n\n\n\n<p>Vous en saurez \u00e9galement plus sur le r\u00e9seau international de la<a href=\"https:\/\/www.iofc.ch\/discover-iofc\">&nbsp;Fondation Caux Initiatives<\/a>&nbsp;et<a href=\"https:\/\/www.iofc.ch\/discover-iofc\">&nbsp;Changement<\/a>&nbsp;et sur ses activit\u00e9s en Suisse et \u00e0 l&rsquo;\u00e9tranger.<\/p>\n\n\n\n<div style=\"height:37px\" aria-hidden=\"true\" class=\"wp-block-spacer\"><\/div>\n\n\n\n<figure class=\"wp-block-image size-large\"><img loading=\"lazy\" decoding=\"async\" width=\"1024\" height=\"372\" src=\"\/wp-content\/uploads\/2024\/11\/corridor-1024x372.png\" alt=\"\" class=\"wp-image-7053\" srcset=\"https:\/\/www.cauxpalace.ch\/wp-content\/uploads\/2024\/11\/corridor-1024x372.png 1024w, https:\/\/www.cauxpalace.ch\/wp-content\/uploads\/2024\/11\/corridor-300x109.png 300w, https:\/\/www.cauxpalace.ch\/wp-content\/uploads\/2024\/11\/corridor-768x279.png 768w, https:\/\/www.cauxpalace.ch\/wp-content\/uploads\/2024\/11\/corridor-1536x559.png 1536w, https:\/\/www.cauxpalace.ch\/wp-content\/uploads\/2024\/11\/corridor.png 1650w\" sizes=\"auto, (max-width: 1024px) 100vw, 1024px\" \/><\/figure>\n\n\n\n<div style=\"height:34px\" aria-hidden=\"true\" class=\"wp-block-spacer\"><\/div>\n\n\n\n<h3 class=\"wp-block-heading\"><strong>L&rsquo;HISTOIRE<\/strong><\/h3>\n\n\n\n<p>Construit au d\u00e9but du XXe si\u00e8cle, le Caux Palace a \u00e9t\u00e9 con\u00e7u comme un h\u00f4tel de luxe pour les riches et les c\u00e9l\u00e9brit\u00e9s. Mais les deux guerres mondiales conduisent le Caux Palace \u00e0 la faillite et il est r\u00e9quisitionn\u00e9 par l&rsquo;arm\u00e9e suisse pour h\u00e9berger des r\u00e9fugi\u00e9.e.s juifs et juives en 1944.<\/p>\n\n\n\n<p>En 1946, le Caux Palace est rachet\u00e9 par 100 familles suisses pour servir de lieu de \u00ab R\u00e9armement moral \u00bb (aujourd&rsquo;hui connu sous le nom d&rsquo;<a href=\"https:\/\/www.iofc.ch\/discover-iofc\">Initiatives et Changement<\/a>), un mouvement initi\u00e9 par l&rsquo;Am\u00e9ricain Frank Buchman pour aider \u00e0 la reconstruction de l&rsquo;Europe apr\u00e8s la Seconde Guerre mondiale. Depuis lors, des individu.e.s et des d\u00e9l\u00e9gations d&rsquo;Europe et du monde entier sont venu.e.s \u00e0 Caux pour travailler \u00e0 la<a href=\"https:\/\/www.iofc.ch\/anniversary-stories\">&nbsp;paix et \u00e0 la r\u00e9conciliation<\/a>.<\/p>\n\n\n\n<div style=\"height:34px\" aria-hidden=\"true\" class=\"wp-block-spacer\"><\/div>\n\n\n\n<figure class=\"wp-block-image size-large\"><img loading=\"lazy\" decoding=\"async\" width=\"1024\" height=\"372\" src=\"\/wp-content\/uploads\/2024\/11\/JOEUP-3-1024x372.png\" alt=\"\" class=\"wp-image-6990\" srcset=\"https:\/\/www.cauxpalace.ch\/wp-content\/uploads\/2024\/11\/JOEUP-3-1024x372.png 1024w, https:\/\/www.cauxpalace.ch\/wp-content\/uploads\/2024\/11\/JOEUP-3-300x109.png 300w, https:\/\/www.cauxpalace.ch\/wp-content\/uploads\/2024\/11\/JOEUP-3-768x279.png 768w, https:\/\/www.cauxpalace.ch\/wp-content\/uploads\/2024\/11\/JOEUP-3-1536x559.png 1536w, https:\/\/www.cauxpalace.ch\/wp-content\/uploads\/2024\/11\/JOEUP-3.png 1650w\" sizes=\"auto, (max-width: 1024px) 100vw, 1024px\" \/><\/figure>\n\n\n\n<div style=\"height:36px\" aria-hidden=\"true\" class=\"wp-block-spacer\"><\/div>\n\n\n\n<h3 class=\"wp-block-heading\"><strong>NOS VISITES GUID\u00c9ES &#8211; UNE EXP\u00c9RIENCE INOUBLIABLE<\/strong><\/h3>\n\n\n\n<div style=\"height:13px\" aria-hidden=\"true\" class=\"wp-block-spacer\"><\/div>\n\n\n\n<p>Venez d\u00e9couvrir les nombreux tr\u00e9sors historiques du Caux Palace et suivez nos guides dans une visite guid\u00e9e fascinante \u00e0 travers le b\u00e2timent et sa riche histoire.<\/p>\n\n\n\n<p>R\u00e9servez une visite guid\u00e9e du Caux Palace et visitez des espaces prestigieux, comme le <a href=\"https:\/\/cauxpalace.ch\/offers\/historic-house-tours\/_wp_link_placeholder\">th\u00e9\u00e2tre de<\/a> style baroque, la chambre du Maharaja de Baroda ou la <a href=\"https:\/\/cauxpalace.ch\/facilities\/caux-palace\/main-hall\/\">Grande Salle<\/a>, ainsi que les coulisses, comme la buanderie et les ateliers de construction, qui ont \u00e9t\u00e9 utilis\u00e9s dans la s\u00e9rie<a href=\"https:\/\/www.rts.ch\/fiction\/2024\/article\/winter-palace-une-serie-realisee-par-pierre-monnard-28676845.html\"> <\/a>RTS <a href=\"https:\/\/www.rts.ch\/fiction\/2024\/article\/winter-palace-une-serie-realisee-par-pierre-monnard-28676845.html\"><em>Winter Palace<\/em> <\/a>, tourn\u00e9e en collaboration avec Netflix.<\/p>\n\n\n\n<div style=\"height:12px\" aria-hidden=\"true\" class=\"wp-block-spacer\"><\/div>\n\n\n\n<p>Votre guide sera&nbsp;<strong><a href=\"https:\/\/www.iofc.ch\/fr\/andrew-stallybrass\" rel=\"noreferrer noopener\" target=\"_blank\">Andrew Stallybrass<\/a>,<\/strong>&nbsp;un expert de l&rsquo;histoire du Caux Palace et du mouvement Initiatives et Changement.<\/p>\n\n\n\n<p>Veuillez noter que les visites se d\u00e9roulent&nbsp;<strong>en fran\u00e7ais ou en anglais&nbsp;<\/strong>et durent environ une heure et demie ! Nous proposons \u00e9galement des visites&nbsp;<strong>en ukrainien<\/strong>&nbsp;(sur demande).<\/p>\n\n\n\n<p>Les groupes sont les bienvenus (20 personnes maximum)<\/p>\n\n\n\n<div style=\"height:34px\" aria-hidden=\"true\" class=\"wp-block-spacer\"><\/div>\n\n\n\n<figure class=\"wp-block-image size-large\"><img loading=\"lazy\" decoding=\"async\" width=\"1024\" height=\"379\" src=\"\/wp-content\/uploads\/2024\/11\/Maharadja-1536x568-1-1024x379.png\" alt=\"\" class=\"wp-image-7060\" srcset=\"https:\/\/www.cauxpalace.ch\/wp-content\/uploads\/2024\/11\/Maharadja-1536x568-1-1024x379.png 1024w, https:\/\/www.cauxpalace.ch\/wp-content\/uploads\/2024\/11\/Maharadja-1536x568-1-300x111.png 300w, https:\/\/www.cauxpalace.ch\/wp-content\/uploads\/2024\/11\/Maharadja-1536x568-1-768x284.png 768w, https:\/\/www.cauxpalace.ch\/wp-content\/uploads\/2024\/11\/Maharadja-1536x568-1.png 1536w\" sizes=\"auto, (max-width: 1024px) 100vw, 1024px\" \/><\/figure>\n\n\n\n<div style=\"height:43px\" aria-hidden=\"true\" class=\"wp-block-spacer\"><\/div>\n\n\n\n<h3 class=\"wp-block-heading\"><strong>TARIFS<\/strong><\/h3>\n\n\n\n<p>Adultes: CHF 20.-\/personne<\/p>\n\n\n\n<p>Enfants 6 &#8211; 15 ans: CHF 10.-\/personne<\/p>\n\n\n\n<p>Enfants 0 &#8211; 5 Jahre: entr\u00e9e libre<\/p>\n\n\n\n<p>Tarifs pour des groupes (max 20 personnes) sur demande:\u00a0\u00a0<a href=\"mailto:info@cauxpalace.ch\">Email<\/a><\/p>\n\n\n\n<div style=\"height:35px\" aria-hidden=\"true\" class=\"wp-block-spacer\"><\/div>\n\n\n\n<div style=\"height:25px\" aria-hidden=\"true\" class=\"wp-block-spacer\"><\/div>\n\n\n\n<h3 class=\"wp-block-heading\"><strong>OFFRES SUPPL\u00c9MENTAIRES<\/strong><\/h3>\n\n\n\n<p>Ap\u00e9ritif apr\u00e8s la visite comprenant une bi\u00e8re Caux Palace ou 2dl de vin de notre s\u00e9lection de vins locaux : CHF 15.-\/personne<\/p>\n\n\n\n<p>Pause-caf\u00e9 apr\u00e8s la visite, comprenant jus + boissons chaudes + snacks sucr\u00e9s + fruits : CHF 8.-\/personne<\/p>\n\n\n\n<div style=\"height:33px\" aria-hidden=\"true\" class=\"wp-block-spacer\"><\/div>\n\n\n\n<figure class=\"wp-block-image size-large\"><img loading=\"lazy\" decoding=\"async\" width=\"1024\" height=\"384\" src=\"\/wp-content\/uploads\/2024\/11\/Caux-Conference-and-Seminar-Centre_Caux-Village-1024x384.jpg\" alt=\"\" class=\"wp-image-7019\" srcset=\"https:\/\/www.cauxpalace.ch\/wp-content\/uploads\/2024\/11\/Caux-Conference-and-Seminar-Centre_Caux-Village-1024x384.jpg 1024w, https:\/\/www.cauxpalace.ch\/wp-content\/uploads\/2024\/11\/Caux-Conference-and-Seminar-Centre_Caux-Village-300x113.jpg 300w, https:\/\/www.cauxpalace.ch\/wp-content\/uploads\/2024\/11\/Caux-Conference-and-Seminar-Centre_Caux-Village-768x288.jpg 768w, https:\/\/www.cauxpalace.ch\/wp-content\/uploads\/2024\/11\/Caux-Conference-and-Seminar-Centre_Caux-Village-1536x576.jpg 1536w, https:\/\/www.cauxpalace.ch\/wp-content\/uploads\/2024\/11\/Caux-Conference-and-Seminar-Centre_Caux-Village.jpg 2000w\" sizes=\"auto, (max-width: 1024px) 100vw, 1024px\" \/><\/figure>\n\n\n\n<div style=\"height:27px\" aria-hidden=\"true\" class=\"wp-block-spacer\"><\/div>\n\n\n\n<h3 class=\"wp-block-heading\"><strong>COMMENT SE RENDRE AU CAUX PALACE<\/strong><\/h3>\n\n\n\n<div style=\"height:32px\" aria-hidden=\"true\" class=\"wp-block-spacer\"><\/div>\n\n\n\n<p><strong>ACC\u00c8S<\/strong><\/p>\n\n\n\n<p>En train : arr\u00eat \u00ab\u00a0Caux\u00a0\u00bb du train Montreux-Rochers de Naye \/ En voiture : depuis Montreux : prendre direction &lsquo;\u00a0\u00bbGlion &#8211; Caux\u00a0\u00bb.<\/p>\n\n\n\n<div style=\"height:26px\" aria-hidden=\"true\" class=\"wp-block-spacer\"><\/div>\n\n\n\n<p><strong>PARKING<\/strong><\/p>\n\n\n\n<p>Des places de parking sont disponibles \u00e0 proximit\u00e9.<\/p>\n\n\n\n<div style=\"height:26px\" aria-hidden=\"true\" class=\"wp-block-spacer\"><\/div>\n\n\n\n<p><strong>MOBILIT\u00c9 R\u00c9DUITE<\/strong><\/p>\n\n\n\n<p>Acc\u00e8s aux fauteuils roulants et toilettes PMR &#8211; Retrouvez tous les d\u00e9tails&nbsp;<a href=\"https:\/\/cauxpalace.ch\/news-post\/barrier-free-living\/\">ici<\/a>!<\/p>\n\n\n\n<div style=\"height:31px\" aria-hidden=\"true\" class=\"wp-block-spacer\"><\/div>\n\n\n\n<h3 class=\"wp-block-heading\">&nbsp;<\/h3>\n\n\n\n<h2 class=\"wp-block-heading has-text-align-center\"><a href=\"https:\/\/www.montreuxriviera.com\/fr\/F2185\/visite-guidee-au-caux-palace#\/\"><strong>R\u00c9SERVEZ VOTRE VISITE ICI<\/strong><\/a><\/h2>\n\n\n\n<div style=\"height:35px\" aria-hidden=\"true\" class=\"wp-block-spacer\"><\/div>\n\n\n\n<h2 class=\"wp-block-heading\">&nbsp;<\/h2>\n\n\n\n<p>Plus de d\u00e9tails sur le <a href=\"https:\/\/www.montreuxriviera.com\/fr\/F2185\/visite-guidee-au-caux-palace#\/experience\/TDS00020014816614277\">site de Montreux Riviera<\/a><\/p>\n\n\n\n<p>Pour toute information compl\u00e9mentaire, veuillez nous contacter par <a href=\"mailto:info@cauxpalace.ch\">email<\/a> ou par t\u00e9l\u00e9phone au +41 (0)21 962 91 11.<\/p>\n\n\n\n<div style=\"height:42px\" aria-hidden=\"true\" class=\"wp-block-spacer\"><\/div>\n","protected":false},"excerpt":{"rendered":"<p>Plongez dans l&rsquo;histoire fascinante du&nbsp;Caux Palace, construit entre 1900 et 1902 comme un magnifique Grand H\u00f4tel Belle Epoque offrant l&rsquo;une des vues les plus spectaculaires de Suisse. Le Caux Palace est un monument historique d&rsquo;une importance exceptionnelle. Class\u00e9 objet d&rsquo;int\u00e9r\u00eat national, l&rsquo;ancien h\u00f4tel Belle \u00c9poque est une pi\u00e8ce unique du patrimoine suisse. Son architecture, son [&hellip;]<\/p>\n","protected":false},"author":6,"featured_media":0,"parent":2879,"menu_order":1,"comment_status":"closed","ping_status":"closed","template":"food-and-catering.php","meta":{"_acf_changed":false,"footnotes":""},"class_list":["post-2883","page","type-page","status-publish","hentry"],"acf":[],"_links":{"self":[{"href":"https:\/\/www.cauxpalace.ch\/fr\/wp-json\/wp\/v2\/pages\/2883","targetHints":{"allow":["GET"]}}],"collection":[{"href":"https:\/\/www.cauxpalace.ch\/fr\/wp-json\/wp\/v2\/pages"}],"about":[{"href":"https:\/\/www.cauxpalace.ch\/fr\/wp-json\/wp\/v2\/types\/page"}],"author":[{"embeddable":true,"href":"https:\/\/www.cauxpalace.ch\/fr\/wp-json\/wp\/v2\/users\/6"}],"replies":[{"embeddable":true,"href":"https:\/\/www.cauxpalace.ch\/fr\/wp-json\/wp\/v2\/comments?post=2883"}],"version-history":[{"count":32,"href":"https:\/\/www.cauxpalace.ch\/fr\/wp-json\/wp\/v2\/pages\/2883\/revisions"}],"predecessor-version":[{"id":7153,"href":"https:\/\/www.cauxpalace.ch\/fr\/wp-json\/wp\/v2\/pages\/2883\/revisions\/7153"}],"up":[{"embeddable":true,"href":"https:\/\/www.cauxpalace.ch\/fr\/wp-json\/wp\/v2\/pages\/2879"}],"wp:attachment":[{"href":"https:\/\/www.cauxpalace.ch\/fr\/wp-json\/wp\/v2\/media?parent=2883"}],"curies":[{"name":"wp","href":"https:\/\/api.w.org\/{rel}","templated":true}]}}