{"id":2879,"date":"2020-06-14T10:09:12","date_gmt":"2020-06-14T08:09:12","guid":{"rendered":"http:\/\/www.cauxpalace.ch\/?page_id=2879"},"modified":"2025-08-21T13:21:33","modified_gmt":"2025-08-21T11:21:33","slug":"offres","status":"publish","type":"page","link":"https:\/\/www.cauxpalace.ch\/fr\/offres\/","title":{"rendered":"Offres"},"content":{"rendered":"\n<p class=\"has-text-align-center\"><strong>D\u00e9couvrez nos offres sp\u00e9ciaux et restez connect\u00e9-e-s !<\/strong><\/p>\n\n\n\n<p class=\"has-text-align-center\">&#8211;<a href=\"https:\/\/cauxpalace.ch\/fr\/contact-acces\/\">Prix &amp; Forfaits 2025<\/a> <br> &#8211;<a href=\"https:\/\/www.iofc.ch\/fr\/tours-guidees-caux-palace\">Tours historiques guid\u00e9es du Caux Palace<\/a> <br> &#8211;<a href=\"https:\/\/www.cauxpalace.ch\/fr\/offres-speciaux\/activites-autour-de-caux\/\">Activit\u00e9s autour de Caux<\/a> <br> &#8211;<a href=\"https:\/\/cauxpalace.ch\/fr\/conditions-generales\/\" target=\"_blank\" rel=\"noreferrer noopener\">Conditions g\u00e9n\u00e9rales <\/a><a href=\"https:\/\/www.iofc.ch\/sites\/default\/files\/2025-05\/T%26C%20Caux%20Foundation%20Events%202025%201.pdf\" target=\"_blank\" rel=\"noreferrer noopener\">pour <\/a><a href=\"https:\/\/cauxpalace.ch\/fr\/conditions-generales\/\" target=\"_blank\" rel=\"noreferrer noopener\">votre s\u00e9jour au Caux Palace<\/a><\/p>\n","protected":false},"excerpt":{"rendered":"<p>D\u00e9couvrez nos offres sp\u00e9ciaux et restez connect\u00e9-e-s ! &#8211;Prix &amp; Forfaits 2025 &#8211;Tours historiques guid\u00e9es du Caux Palace &#8211;Activit\u00e9s autour de Caux &#8211;Conditions g\u00e9n\u00e9rales pour votre s\u00e9jour au Caux Palace<\/p>\n","protected":false},"author":6,"featured_media":0,"parent":0,"menu_order":7,"comment_status":"closed","ping_status":"closed","template":"food-and-catering.php","meta":{"_acf_changed":false,"footnotes":""},"class_list":["post-2879","page","type-page","status-publish","hentry"],"acf":[],"_links":{"self":[{"href":"https:\/\/www.cauxpalace.ch\/fr\/wp-json\/wp\/v2\/pages\/2879","targetHints":{"allow":["GET"]}}],"collection":[{"href":"https:\/\/www.cauxpalace.ch\/fr\/wp-json\/wp\/v2\/pages"}],"about":[{"href":"https:\/\/www.cauxpalace.ch\/fr\/wp-json\/wp\/v2\/types\/page"}],"author":[{"embeddable":true,"href":"https:\/\/www.cauxpalace.ch\/fr\/wp-json\/wp\/v2\/users\/6"}],"replies":[{"embeddable":true,"href":"https:\/\/www.cauxpalace.ch\/fr\/wp-json\/wp\/v2\/comments?post=2879"}],"version-history":[{"count":21,"href":"https:\/\/www.cauxpalace.ch\/fr\/wp-json\/wp\/v2\/pages\/2879\/revisions"}],"predecessor-version":[{"id":7403,"href":"https:\/\/www.cauxpalace.ch\/fr\/wp-json\/wp\/v2\/pages\/2879\/revisions\/7403"}],"wp:attachment":[{"href":"https:\/\/www.cauxpalace.ch\/fr\/wp-json\/wp\/v2\/media?parent=2879"}],"curies":[{"name":"wp","href":"https:\/\/api.w.org\/{rel}","templated":true}]}}