{"id":1431,"date":"2017-08-31T15:28:46","date_gmt":"2017-08-31T13:28:46","guid":{"rendered":"http:\/\/www.cauxpalace.ch\/?page_id=1431\/"},"modified":"2018-12-18T09:47:09","modified_gmt":"2018-12-18T08:47:09","slug":"actus-activites","status":"publish","type":"page","link":"https:\/\/www.cauxpalace.ch\/fr\/actus-activites\/","title":{"rendered":"Actus &#038; Activit\u00e9s"},"content":{"rendered":"<p><strong>Caux offre la possibilit\u00e9 unique d\u2019\u00eatre loin de la fr\u00e9n\u00e9sie quotidienne, dans une atmosph\u00e8re sereine, tout en restant proche de sites naturels magnifiques ou de la ville connect\u00e9e.<\/strong><\/p>\n<p>Profitez de pauses ou d\u2019activit\u00e9s de groupe en ext\u00e9rieur et laissez-vous inspirer par les paysages \u00e0 couper le souffle qu\u2019offre Caux.<\/p>\n<p>Au sortir du Palace, vous avez l\u2019opportunit\u00e9 de faire l\u2019ascension des Rochers de Naye (2024m) au moyen d\u2019une randonn\u00e9e sportive ou en prenant le chemin de fer d\u2019\u00e9poque qui part directement de Caux.<\/p>\n<p>Que ce soient des activit\u00e9s d\u2019ext\u00e9rieur dans les Alpes suisses ou la visite des villes de bord de lac de la Riviera de Montreux, la r\u00e9gion vous fournit des lieux exceptionnels qui valent la peine d\u2019\u00eatre visit\u00e9s et une vari\u00e9t\u00e9 d\u2019activit\u00e9s qui feront de votre s\u00e9jour une exp\u00e9rience enrichissante.<\/p>\n<p>Visitez des restaurants locaux proposant les meilleurs plats et produits r\u00e9gionaux, ou vivez la culture, la musique et les arts \u00e0 travers une large gamme de mus\u00e9es, de galeries d\u2019art et de salles de concert.<\/p>\n","protected":false},"excerpt":{"rendered":"<p>Caux offre la possibilit\u00e9 unique d\u2019\u00eatre loin de la fr\u00e9n\u00e9sie quotidienne, dans une atmosph\u00e8re sereine, tout en restant proche de sites naturels magnifiques ou de la ville connect\u00e9e. Profitez de pauses ou d\u2019activit\u00e9s de groupe en ext\u00e9rieur et laissez-vous inspirer par les paysages \u00e0 couper le souffle qu\u2019offre Caux. Au sortir du Palace, vous avez [&hellip;]<\/p>\n","protected":false},"author":2,"featured_media":0,"parent":0,"menu_order":6,"comment_status":"closed","ping_status":"closed","template":"template-page-news.php","meta":{"_acf_changed":false,"footnotes":""},"class_list":["post-1431","page","type-page","status-publish","hentry"],"acf":[],"_links":{"self":[{"href":"https:\/\/www.cauxpalace.ch\/fr\/wp-json\/wp\/v2\/pages\/1431","targetHints":{"allow":["GET"]}}],"collection":[{"href":"https:\/\/www.cauxpalace.ch\/fr\/wp-json\/wp\/v2\/pages"}],"about":[{"href":"https:\/\/www.cauxpalace.ch\/fr\/wp-json\/wp\/v2\/types\/page"}],"author":[{"embeddable":true,"href":"https:\/\/www.cauxpalace.ch\/fr\/wp-json\/wp\/v2\/users\/2"}],"replies":[{"embeddable":true,"href":"https:\/\/www.cauxpalace.ch\/fr\/wp-json\/wp\/v2\/comments?post=1431"}],"version-history":[{"count":5,"href":"https:\/\/www.cauxpalace.ch\/fr\/wp-json\/wp\/v2\/pages\/1431\/revisions"}],"predecessor-version":[{"id":2078,"href":"https:\/\/www.cauxpalace.ch\/fr\/wp-json\/wp\/v2\/pages\/1431\/revisions\/2078"}],"wp:attachment":[{"href":"https:\/\/www.cauxpalace.ch\/fr\/wp-json\/wp\/v2\/media?parent=1431"}],"curies":[{"name":"wp","href":"https:\/\/api.w.org\/{rel}","templated":true}]}}