{"id":7396,"date":"2025-05-28T15:29:51","date_gmt":"2025-05-28T13:29:51","guid":{"rendered":"https:\/\/cauxpalace.ch\/?page_id=7396"},"modified":"2025-05-28T17:26:03","modified_gmt":"2025-05-28T15:26:03","slug":"ueber-uns","status":"publish","type":"page","link":"https:\/\/www.cauxpalace.ch\/de\/ueber-uns\/","title":{"rendered":"\u00dcber uns"},"content":{"rendered":"\n<h3 class=\"wp-block-heading\">Die Stiftung Caux Initiativen der Ver\u00e4nderung<\/h3>\n\n\n\n<p>Die 1946 gegr\u00fcndete<a href=\"https:\/\/www.iofc.ch\/\"> Stiftung Caux Initiativen der Ver\u00e4nderung <\/a>organisiert und koordiniert internationale und lokale Veranstaltungen, Konferenzen und Schulungen und bietet Hotellerie-Angebote in ihrem Schweizer Zentrum f\u00fcr Dialog, dem Caux Palace, wo Menschen aus allen Bereichen des Lebens zusammenkommen.<\/p>\n\n\n\n<p>Caux Initiativen der Ver\u00e4nderung ist die nationale Schweizer Organisation und Gr\u00fcndungsmitglied von <a href=\"https:\/\/www.iofc.ch\/discover-iofc\/our-network\">Initiatives of Change International, <\/a>einer Nichtregierungsorganisation mit besonderem Beraterstatus beim Wirtschafts- und Sozialrat (ECOSOC) der Vereinten Nationen und mit partizipativem Status als internationale Nichtregierungsorganisation beim Europarat.<\/p>\n\n\n\n<figure class=\"wp-block-image\"><img loading=\"lazy\" decoding=\"async\" width=\"1024\" height=\"378\" src=\"https:\/\/cauxpalace.ch\/wp-content\/uploads\/2024\/02\/29-2-1024x378.png\" alt=\"\" class=\"wp-image-6421\" srcset=\"https:\/\/www.cauxpalace.ch\/wp-content\/uploads\/2024\/02\/29-2-1024x378.png 1024w, https:\/\/www.cauxpalace.ch\/wp-content\/uploads\/2024\/02\/29-2-300x111.png 300w, https:\/\/www.cauxpalace.ch\/wp-content\/uploads\/2024\/02\/29-2-768x284.png 768w, https:\/\/www.cauxpalace.ch\/wp-content\/uploads\/2024\/02\/29-2-1536x568.png 1536w, https:\/\/www.cauxpalace.ch\/wp-content\/uploads\/2024\/02\/29-2.png 1905w\" sizes=\"auto, (max-width: 1024px) 100vw, 1024px\" \/><\/figure>\n\n\n\n<h3 class=\"wp-block-heading\">Unsere Vision<\/h3>\n\n\n\n<p>Unsere Vision ist eine gerechte, friedliche und nachhaltige Welt, in der die Menschen aus einem Gef\u00fchl der globalen Verbundenheit und Verantwortung heraus handeln.<\/p>\n\n\n\n<p>Unsere Stiftung arbeitet im Einklang mit ihrem<a href=\"https:\/\/www.iofc.ch\/discover-iofc\/our-approach\"> zentralen Ansatz<\/a>, globalen Wandel durch pers\u00f6nlichen Wandel zu bewirken, und mit ihren Grundwerten der uneingeschr\u00e4nkten Achtung der Menschenw\u00fcrde, der Wahrheit, der Solidarit\u00e4t und der F\u00fcrsorge auf allen Ebenen des \u00f6ffentlichen und privaten Lebens.<\/p>\n\n\n\n<figure class=\"wp-block-image\"><img loading=\"lazy\" decoding=\"async\" width=\"1024\" height=\"372\" src=\"https:\/\/cauxpalace.ch\/wp-content\/uploads\/2024\/02\/2-4-1024x372.png\" alt=\"\" class=\"wp-image-6431\" srcset=\"https:\/\/www.cauxpalace.ch\/wp-content\/uploads\/2024\/02\/2-4-1024x372.png 1024w, https:\/\/www.cauxpalace.ch\/wp-content\/uploads\/2024\/02\/2-4-300x109.png 300w, https:\/\/www.cauxpalace.ch\/wp-content\/uploads\/2024\/02\/2-4-768x279.png 768w, https:\/\/www.cauxpalace.ch\/wp-content\/uploads\/2024\/02\/2-4-1536x559.png 1536w, https:\/\/www.cauxpalace.ch\/wp-content\/uploads\/2024\/02\/2-4.png 1650w\" sizes=\"auto, (max-width: 1024px) 100vw, 1024px\" \/><\/figure>\n\n\n\n<h3 class=\"wp-block-heading\">Our Mission<\/h3>\n\n\n\n<p>Caux Initiativen der Ver\u00e4nderung m\u00f6chte Einzelpersonen, Gruppen und Organisationen aus aller Welt in einem sicheren Raum inspirieren, bef\u00e4higen und miteinander verbinden, damit sie sich wirksam und innovativ f\u00fcr die F\u00f6rderung von Vertrauen, ethischem Leadership, nachhaltigem Leben und menschlicher Sicherheit einsetzen k\u00f6nnen.<\/p>\n\n\n\n<figure class=\"wp-block-image\"><img loading=\"lazy\" decoding=\"async\" width=\"1024\" height=\"378\" src=\"https:\/\/cauxpalace.ch\/wp-content\/uploads\/2024\/01\/Community-3-1024x378.png\" alt=\"\" class=\"wp-image-5462\" srcset=\"https:\/\/www.cauxpalace.ch\/wp-content\/uploads\/2024\/01\/Community-3-1024x378.png 1024w, https:\/\/www.cauxpalace.ch\/wp-content\/uploads\/2024\/01\/Community-3-300x111.png 300w, https:\/\/www.cauxpalace.ch\/wp-content\/uploads\/2024\/01\/Community-3-768x284.png 768w, https:\/\/www.cauxpalace.ch\/wp-content\/uploads\/2024\/01\/Community-3.png 1500w\" sizes=\"auto, (max-width: 1024px) 100vw, 1024px\" \/><\/figure>\n\n\n\n<h3 class=\"wp-block-heading\">Gastfreundschaft f\u00fcr den Wandel<\/h3>\n\n\n\n<p>Gastfreundschaft f\u00fcr den Wandel ist ein ganzheitliches Konzept, das unsere Exzellenz in der Gastfreundschaft mit unserer Expertise in den Bereichen Vertrauensbildung, Friedensf\u00f6rderung und ethischem Leadership verbindet. Caux Initiativen der Ver\u00e4nderung bietet einen sicheren Raum, frei von Vorurteilen und Ablenkungen des Alltags, in dem Menschen offen sprechen k\u00f6nnen und Ver\u00e4nderung stattfinden kann.<\/p>\n\n\n\n<p>Mit Blick auf den Genfer See, oberhalb der Stadt Montreux und nur 1 Stunde 20 Minuten von Genf entfernt, bieten der Caux Palace und die Villa Maria einen inspirierenden und aussergew\u00f6hnlichen Rahmen f\u00fcr Ihre Tagungen und Workshops, Konferenzen, kulturellen Veranstaltungen und Retreats.<\/p>\n\n\n\n<p>*<a href=\"https:\/\/cauxpalace.ch\/hospitality-for-change\/\"><strong><em>Entdecken Sie unsere Hotellerie-Angebote<\/em><\/strong><\/a><strong><em> und <\/em><\/strong><a href=\"https:\/\/cauxpalace.ch\/facilities\/\"><strong><em>unsere Einrichtungen<\/em><\/strong><\/a><\/p>\n\n\n\n<p>*<a href=\"https:\/\/cauxpalace.ch\/history\/\"><strong><em>Erfahren Sie mehr \u00fcber die reiche und inspirierende Geschichte des Caux Palace &amp; Villa<\/em><\/strong> <strong><em>Maria.<\/em><\/strong><\/a><\/p>\n\n\n\n<p>*<a href=\"https:\/\/cauxpalace.ch\/about-us\/sustainability\/\"><strong><em>Erfahren Sie mehr \u00fcber unsere Nachhaltigkeitsbem\u00fchungen und Partnerschaften f\u00fcr eine nachhaltige Zukunft.<\/em><\/strong><\/a><\/p>\n\n\n\n<p>*<a href=\"https:\/\/www.iofc.ch\/stories\/Ignacio-packer-international-gender-champions-network\"><strong><em>Erfahren Sie mehr \u00fcber unser Engagement f\u00fcr die Gleichstellung der Geschlechter<\/em><\/strong><\/a><\/p>\n","protected":false},"excerpt":{"rendered":"<p>Die Stiftung Caux Initiativen der Ver\u00e4nderung Die 1946 gegr\u00fcndete Stiftung Caux Initiativen der Ver\u00e4nderung organisiert und koordiniert internationale und lokale Veranstaltungen, Konferenzen und Schulungen und bietet Hotellerie-Angebote in ihrem Schweizer Zentrum f\u00fcr Dialog, dem Caux Palace, wo Menschen aus allen Bereichen des Lebens zusammenkommen. Caux Initiativen der Ver\u00e4nderung ist die nationale Schweizer Organisation und Gr\u00fcndungsmitglied [&hellip;]<\/p>\n","protected":false},"author":6,"featured_media":0,"parent":0,"menu_order":1,"comment_status":"closed","ping_status":"closed","template":"food-and-catering.php","meta":{"_acf_changed":false,"footnotes":""},"class_list":["post-7396","page","type-page","status-publish","hentry"],"acf":[],"_links":{"self":[{"href":"https:\/\/www.cauxpalace.ch\/de\/wp-json\/wp\/v2\/pages\/7396","targetHints":{"allow":["GET"]}}],"collection":[{"href":"https:\/\/www.cauxpalace.ch\/de\/wp-json\/wp\/v2\/pages"}],"about":[{"href":"https:\/\/www.cauxpalace.ch\/de\/wp-json\/wp\/v2\/types\/page"}],"author":[{"embeddable":true,"href":"https:\/\/www.cauxpalace.ch\/de\/wp-json\/wp\/v2\/users\/6"}],"replies":[{"embeddable":true,"href":"https:\/\/www.cauxpalace.ch\/de\/wp-json\/wp\/v2\/comments?post=7396"}],"version-history":[{"count":2,"href":"https:\/\/www.cauxpalace.ch\/de\/wp-json\/wp\/v2\/pages\/7396\/revisions"}],"predecessor-version":[{"id":7400,"href":"https:\/\/www.cauxpalace.ch\/de\/wp-json\/wp\/v2\/pages\/7396\/revisions\/7400"}],"wp:attachment":[{"href":"https:\/\/www.cauxpalace.ch\/de\/wp-json\/wp\/v2\/media?parent=7396"}],"curies":[{"name":"wp","href":"https:\/\/api.w.org\/{rel}","templated":true}]}}