{"id":7191,"date":"2025-05-14T12:07:29","date_gmt":"2025-05-14T10:07:29","guid":{"rendered":"https:\/\/cauxpalace.ch\/gastfreundschaft-wandel\/acces-mobilite-reduite\/"},"modified":"2025-05-14T20:04:08","modified_gmt":"2025-05-14T18:04:08","slug":"eingeschraenkte-mobilitaet","status":"publish","type":"page","link":"https:\/\/www.cauxpalace.ch\/de\/ueber-uns\/eingeschraenkte-mobilitaet\/","title":{"rendered":"Zugang f\u00fcr eingeschr\u00e4nkte Mobilit\u00e4t"},"content":{"rendered":"\n<p><strong><strong>Caux Palace &amp; Villa Maria sind Teil der Initiative OK:GO!<\/strong><\/strong><\/p>\n\n\n\n<p>Im Rahmen unseres kontinuierlichen Engagements f\u00fcr Inklusion und die Schaffung eines sicheren und einladenden Ortes f\u00fcr alle hat sich die Stiftung Caux Initiativen der Ver\u00e4nderung im Jahr 2024 mit dem <a href=\"https:\/\/www.stv-fst.ch\/fr\">Schweizer Tourismusverband<\/a>  zusammengeschlossen, um <a href=\"https:\/\/www.stv-fst.ch\/fr\/durabilite\/centre-de-competences\/initiative-okgo\">die Initiative OK:GO<\/a> zu unterst\u00fctzen. <\/p>\n\n\n\n<p>Diese Zusammenarbeit erm\u00f6glicht es uns, klare Informationen \u00fcber die Barrierefreiheit unserer Geb\u00e4ude zu ver\u00f6ffentlichen, damit Menschen mit eingeschr\u00e4nkter Mobilit\u00e4t ihren Besuch sicher planen k\u00f6nnen.<\/p>\n\n\n\n<p>Wenn Sie Fragen haben, wenden Sie sich bitte per <a href=\"https:\/\/cauxpalace.ch\/access-contact\/\"><strong>E-Mail<\/strong><\/a><strong> <\/strong>an uns.<\/p>\n\n\n\n<p><a href=\"https:\/\/www.ginto.guide\/entries\/52b6bcbd-532f-467c-a336-eee5fb360340?lnk_src=business\"><strong>Entdecken Sie die Barrierefreiheit des<\/strong><\/a> <a href=\"https:\/\/www.ginto.guide\/entries\/52b6bcbd-532f-467c-a336-eee5fb360340?lnk_src=business\"><strong>Caux Palace &amp; der Villa Maria<\/strong><\/a><\/p>\n\n\n\n<p><\/p>\n","protected":false},"excerpt":{"rendered":"<p>Caux Palace &amp; Villa Maria sind Teil der Initiative OK:GO! Im Rahmen unseres kontinuierlichen Engagements f\u00fcr Inklusion und die Schaffung eines sicheren und einladenden Ortes f\u00fcr alle hat sich die Stiftung Caux Initiativen der Ver\u00e4nderung im Jahr 2024 mit dem Schweizer Tourismusverband zusammengeschlossen, um die Initiative OK:GO zu unterst\u00fctzen. Diese Zusammenarbeit erm\u00f6glicht es uns, klare [&hellip;]<\/p>\n","protected":false},"author":6,"featured_media":0,"parent":7396,"menu_order":1,"comment_status":"closed","ping_status":"closed","template":"food-and-catering.php","meta":{"_acf_changed":false,"footnotes":""},"class_list":["post-7191","page","type-page","status-publish","hentry"],"acf":[],"_links":{"self":[{"href":"https:\/\/www.cauxpalace.ch\/de\/wp-json\/wp\/v2\/pages\/7191","targetHints":{"allow":["GET"]}}],"collection":[{"href":"https:\/\/www.cauxpalace.ch\/de\/wp-json\/wp\/v2\/pages"}],"about":[{"href":"https:\/\/www.cauxpalace.ch\/de\/wp-json\/wp\/v2\/types\/page"}],"author":[{"embeddable":true,"href":"https:\/\/www.cauxpalace.ch\/de\/wp-json\/wp\/v2\/users\/6"}],"replies":[{"embeddable":true,"href":"https:\/\/www.cauxpalace.ch\/de\/wp-json\/wp\/v2\/comments?post=7191"}],"version-history":[{"count":3,"href":"https:\/\/www.cauxpalace.ch\/de\/wp-json\/wp\/v2\/pages\/7191\/revisions"}],"predecessor-version":[{"id":7206,"href":"https:\/\/www.cauxpalace.ch\/de\/wp-json\/wp\/v2\/pages\/7191\/revisions\/7206"}],"up":[{"embeddable":true,"href":"https:\/\/www.cauxpalace.ch\/de\/wp-json\/wp\/v2\/pages\/7396"}],"wp:attachment":[{"href":"https:\/\/www.cauxpalace.ch\/de\/wp-json\/wp\/v2\/media?parent=7191"}],"curies":[{"name":"wp","href":"https:\/\/api.w.org\/{rel}","templated":true}]}}