{"id":6256,"date":"2024-02-24T09:49:17","date_gmt":"2024-02-24T08:49:17","guid":{"rendered":"https:\/\/cauxpalace.ch\/?page_id=6256"},"modified":"2024-02-24T09:51:46","modified_gmt":"2024-02-24T08:51:46","slug":"kunden-feedback","status":"publish","type":"page","link":"https:\/\/www.cauxpalace.ch\/de\/ueber-uns\/kunden-feedback\/","title":{"rendered":"G\u00e4stefeedback"},"content":{"rendered":"\n<p class=\"has-text-align-center\">&#8222;Alles war sehr professionell und wir verbrachten eine perfekte Klausurtagung&#8220;.<\/p>\n\n\n\n<p class=\"has-text-align-center\">&#8211; <em>Baha Mansour, KAICIID &#8211; Internationales Dialogzentrum<\/em><\/p>\n\n\n\n<p class=\"has-text-align-center\">***<\/p>\n\n\n\n<p class=\"has-text-align-center\">&#8222;Der Caux Palace bietet das ideale Umfeld, um guten Willen und Vertrauen unter den Teammitgliedern aufzubauen und zu st\u00e4rken.&#8220;<\/p>\n\n\n\n<p class=\"has-text-align-center\"><em>&#8211; Stephen Cornish, \u00c4rzte ohne Grenzen<\/em><\/p>\n\n\n\n<p class=\"has-text-align-center\">***<\/p>\n\n\n\n<p class=\"has-text-align-center\">&#8222;Caux bot eine hervorragende Atmosph\u00e4re f\u00fcr unsere j\u00e4hrliche F\u00fchrungskr\u00e4ftetagung und die Teilnehmenden hatten eine unvergessliche Erfahrung.&#8220;<\/p>\n\n\n\n<p class=\"has-text-align-center\"><em>&#8211; Ryan Stanton, Internationales Zentrum der Zivilgesellschaft<\/em><\/p>\n\n\n\n<p class=\"has-text-align-center\">***<\/p>\n\n\n\n<p class=\"has-text-align-center\">&#8222;Mitglieder der CCHN-Gemeinschaft haben uns mitgeteilt, wie privilegiert sie sich f\u00fchlen, einen so einzigartigen Ort zu entdecken, an dem sie wirklich neue Energie tanken, sich wieder mit der Natur verbinden und eine Auszeit von ihrem hektischen Leben nehmen k\u00f6nnen, um sich um sich selbst zu k\u00fcmmern.&#8220;<\/p>\n\n\n\n<p class=\"has-text-align-center\"><em>&#8211; Jo\u00eblle Germanier, Kompetenzzentrum f\u00fcr humanit\u00e4re Verhandlung (CCHN)<\/em><\/p>\n\n\n\n<p class=\"has-text-align-center\">***<\/p>\n\n\n\n<p class=\"has-text-align-center\">&#8222;Vielen Dank f\u00fcr all Ihre Bem\u00fchungen und Ihre Unterst\u00fctzung bei der Organisation der ICVA-Klausurtagung.&#8220;<\/p>\n\n\n\n<p class=\"has-text-align-center\">&#8211; <em>Myl\u00e8ne Soto, Internationaler Rat der Freiwilligenagenturen(ICVA<\/em>)<\/p>\n\n\n\n<p class=\"has-text-align-center\">***<\/p>\n\n\n\n<p class=\"has-text-align-center\">&#8222;Das Genfer Zentrum f\u00fcr Sicherheitspolitik und Initiativen der Ver\u00e4nderung verfolgen das gleiche Ziel: die F\u00f6rderung des internationalen Friedens und der Sicherheit. Beide Organisationen setzen sich daf\u00fcr ein, Menschen zu bef\u00e4higen, dieses Ziel zu erreichen, und beide profitieren voneinander durch den Austausch von Wissen und Expertise.&#8220;<\/p>\n\n\n\n<p class=\"has-text-align-center\">&#8211; <em>Christina Orisich, Genfer Zentrum f\u00fcr Sicherheitspolitik<\/em><\/p>\n\n\n\n<p class=\"has-text-align-center\">***<\/p>\n\n\n\n<p class=\"has-text-align-center\">***<\/p>\n\n\n\n<p class=\"has-text-align-center\">&#8222;Das 30-j\u00e4hrige Bestehen der Stiftung \u00c9toile filante mit Initiativen der Ver\u00e4nderung zu feiern, war pure Magie. Sie haben Hindernisse \u00fcberwunden und jede Herausforderung gemeistert. Die Familien konnten wertvolle Momente und Gem\u00fctlichkeit erleben und freie Zeit miteinander verbringen. Agierende auf sozialer, famili\u00e4rer und unterhaltender Ebene konnten zur Freude von Kindern und Erwachsenen Synergien schaffen. Wir m\u00f6chten uns noch einmal bei all unseren Partnerorganisationen und Unterst\u00fctzenden bedanken, die diese magische Veranstaltung m\u00f6glich gemacht haben. Dank Ihnen allen werden Tr\u00e4ume wahr!<\/p>\n\n\n\n<p class=\"has-text-align-center\"><em>&#8211; M\u00e9lodie Schlaepfer, Stiftung \u00c9toile filante<\/em><\/p>\n","protected":false},"excerpt":{"rendered":"<p>&#8222;Alles war sehr professionell und wir verbrachten eine perfekte Klausurtagung&#8220;. &#8211; Baha Mansour, KAICIID &#8211; Internationales Dialogzentrum *** &#8222;Der Caux Palace bietet das ideale Umfeld, um guten Willen und Vertrauen unter den Teammitgliedern aufzubauen und zu st\u00e4rken.&#8220; &#8211; Stephen Cornish, \u00c4rzte ohne Grenzen *** &#8222;Caux bot eine hervorragende Atmosph\u00e4re f\u00fcr unsere j\u00e4hrliche F\u00fchrungskr\u00e4ftetagung und die [&hellip;]<\/p>\n","protected":false},"author":6,"featured_media":0,"parent":7396,"menu_order":8,"comment_status":"closed","ping_status":"closed","template":"food-and-catering.php","meta":{"_acf_changed":false,"footnotes":""},"class_list":["post-6256","page","type-page","status-publish","hentry"],"acf":[],"_links":{"self":[{"href":"https:\/\/www.cauxpalace.ch\/de\/wp-json\/wp\/v2\/pages\/6256","targetHints":{"allow":["GET"]}}],"collection":[{"href":"https:\/\/www.cauxpalace.ch\/de\/wp-json\/wp\/v2\/pages"}],"about":[{"href":"https:\/\/www.cauxpalace.ch\/de\/wp-json\/wp\/v2\/types\/page"}],"author":[{"embeddable":true,"href":"https:\/\/www.cauxpalace.ch\/de\/wp-json\/wp\/v2\/users\/6"}],"replies":[{"embeddable":true,"href":"https:\/\/www.cauxpalace.ch\/de\/wp-json\/wp\/v2\/comments?post=6256"}],"version-history":[{"count":6,"href":"https:\/\/www.cauxpalace.ch\/de\/wp-json\/wp\/v2\/pages\/6256\/revisions"}],"predecessor-version":[{"id":6263,"href":"https:\/\/www.cauxpalace.ch\/de\/wp-json\/wp\/v2\/pages\/6256\/revisions\/6263"}],"up":[{"embeddable":true,"href":"https:\/\/www.cauxpalace.ch\/de\/wp-json\/wp\/v2\/pages\/7396"}],"wp:attachment":[{"href":"https:\/\/www.cauxpalace.ch\/de\/wp-json\/wp\/v2\/media?parent=6256"}],"curies":[{"name":"wp","href":"https:\/\/api.w.org\/{rel}","templated":true}]}}