{"id":6244,"date":"2024-02-24T09:40:36","date_gmt":"2024-02-24T08:40:36","guid":{"rendered":"https:\/\/cauxpalace.ch\/?page_id=6244"},"modified":"2024-02-24T09:42:02","modified_gmt":"2024-02-24T08:42:02","slug":"aktivitaten-nach-mass","status":"publish","type":"page","link":"https:\/\/www.cauxpalace.ch\/de\/gastfreundschaft-wandel\/aktivitaten-nach-mass\/","title":{"rendered":"Massgeschneiderte Aktivit\u00e4ten"},"content":{"rendered":"\n<p>Unser Hospitality-Team bietet Ihnen eine breite Palette an Teambuilding- und Freizeitaktivit\u00e4ten, die auf Ihre Bed\u00fcrfnisse zugeschnitten sind.<\/p>\n\n\n\n<p><a href=\"https:\/\/www.iofc.ch\/facilitation-offers\">MEHR DAZU HIER<\/a><\/p>\n\n\n\n<figure class=\"wp-block-image size-large\"><img loading=\"lazy\" decoding=\"async\" width=\"1024\" height=\"378\" src=\"\/wp-content\/uploads\/2024\/01\/Mountain-view-4-1024x378.png\" alt=\"\" class=\"wp-image-5405\" srcset=\"https:\/\/www.cauxpalace.ch\/wp-content\/uploads\/2024\/01\/Mountain-view-4-1024x378.png 1024w, https:\/\/www.cauxpalace.ch\/wp-content\/uploads\/2024\/01\/Mountain-view-4-300x111.png 300w, https:\/\/www.cauxpalace.ch\/wp-content\/uploads\/2024\/01\/Mountain-view-4-768x284.png 768w, https:\/\/www.cauxpalace.ch\/wp-content\/uploads\/2024\/01\/Mountain-view-4-1536x568.png 1536w, https:\/\/www.cauxpalace.ch\/wp-content\/uploads\/2024\/01\/Mountain-view-4.png 1905w\" sizes=\"auto, (max-width: 1024px) 100vw, 1024px\" \/><\/figure>\n\n\n\n<h2 class=\"wp-block-heading\">Was sie \u00fcber ihren Aufenthalt im Caux Palace sagen<\/h2>\n\n\n\n<p>&#8222;Alles war sehr professionell und wir verbrachten perfekte Einkehrtage&#8220;.<\/p>\n\n\n\n<p><em>\u2013<\/em> <em>Baha Mansour, KAICIID \u2013 International Dialogue Centre<\/em><\/p>\n\n\n\n<p>***<\/p>\n\n\n\n<p>&#8222;Der Caux Palace bietet ein ideales Umfeld, um Wohlwollen und Vertrauen unter den Teammitgliedern aufzubauen und zu st\u00e4rken&#8220;.<\/p>\n\n\n\n<p><em>\u2013 Stephen Cornish, \u00c4rzte ohne Grenzen<\/em><\/p>\n\n\n\n<p>***<\/p>\n\n\n\n<p>&#8222;Caux bot eine hervorragende Atmosph\u00e4re f\u00fcr unsere j\u00e4hrliche F\u00fchrungskr\u00e4ftetagung und die Teilnehmenden hatten eine unvergessliche Erfahrung.&#8220;<\/p>\n\n\n\n<p><em>\u2013 Ryan Stanton, International Civil Society Centre<\/em><\/p>\n\n\n\n<figure class=\"wp-block-image size-large\"><img loading=\"lazy\" decoding=\"async\" width=\"1024\" height=\"378\" src=\"\/wp-content\/uploads\/2024\/01\/Outside-1024x378.png\" alt=\"\" class=\"wp-image-5529\" srcset=\"https:\/\/www.cauxpalace.ch\/wp-content\/uploads\/2024\/01\/Outside-1024x378.png 1024w, https:\/\/www.cauxpalace.ch\/wp-content\/uploads\/2024\/01\/Outside-300x111.png 300w, https:\/\/www.cauxpalace.ch\/wp-content\/uploads\/2024\/01\/Outside-768x284.png 768w, https:\/\/www.cauxpalace.ch\/wp-content\/uploads\/2024\/01\/Outside-1536x567.png 1536w, https:\/\/www.cauxpalace.ch\/wp-content\/uploads\/2024\/01\/Outside.png 1600w\" sizes=\"auto, (max-width: 1024px) 100vw, 1024px\" \/><\/figure>\n\n\n\n<h3 class=\"wp-block-heading\"><strong>Schreiben Sie uns<\/strong><\/h3>\n\n\n\n<p>F\u00fcr ausf\u00fchrliche Informationen zu unserem Hotellerie- und Eventangebot: <strong><a href=\"mailto:Hospitality@caux.ch\">EMAIL<\/a><\/strong><\/p>\n","protected":false},"excerpt":{"rendered":"<p>Unser Hospitality-Team bietet Ihnen eine breite Palette an Teambuilding- und Freizeitaktivit\u00e4ten, die auf Ihre Bed\u00fcrfnisse zugeschnitten sind. MEHR DAZU HIER Was sie \u00fcber ihren Aufenthalt im Caux Palace sagen &#8222;Alles war sehr professionell und wir verbrachten perfekte Einkehrtage&#8220;. \u2013 Baha Mansour, KAICIID \u2013 International Dialogue Centre *** &#8222;Der Caux Palace bietet ein ideales Umfeld, um [&hellip;]<\/p>\n","protected":false},"author":6,"featured_media":0,"parent":517,"menu_order":7,"comment_status":"closed","ping_status":"closed","template":"food-and-catering.php","meta":{"_acf_changed":false,"footnotes":""},"class_list":["post-6244","page","type-page","status-publish","hentry"],"acf":[],"_links":{"self":[{"href":"https:\/\/www.cauxpalace.ch\/de\/wp-json\/wp\/v2\/pages\/6244","targetHints":{"allow":["GET"]}}],"collection":[{"href":"https:\/\/www.cauxpalace.ch\/de\/wp-json\/wp\/v2\/pages"}],"about":[{"href":"https:\/\/www.cauxpalace.ch\/de\/wp-json\/wp\/v2\/types\/page"}],"author":[{"embeddable":true,"href":"https:\/\/www.cauxpalace.ch\/de\/wp-json\/wp\/v2\/users\/6"}],"replies":[{"embeddable":true,"href":"https:\/\/www.cauxpalace.ch\/de\/wp-json\/wp\/v2\/comments?post=6244"}],"version-history":[{"count":3,"href":"https:\/\/www.cauxpalace.ch\/de\/wp-json\/wp\/v2\/pages\/6244\/revisions"}],"predecessor-version":[{"id":6255,"href":"https:\/\/www.cauxpalace.ch\/de\/wp-json\/wp\/v2\/pages\/6244\/revisions\/6255"}],"up":[{"embeddable":true,"href":"https:\/\/www.cauxpalace.ch\/de\/wp-json\/wp\/v2\/pages\/517"}],"wp:attachment":[{"href":"https:\/\/www.cauxpalace.ch\/de\/wp-json\/wp\/v2\/media?parent=6244"}],"curies":[{"name":"wp","href":"https:\/\/api.w.org\/{rel}","templated":true}]}}