{"id":6238,"date":"2024-02-24T09:10:27","date_gmt":"2024-02-24T08:10:27","guid":{"rendered":"https:\/\/cauxpalace.ch\/?page_id=6238"},"modified":"2025-05-28T14:55:10","modified_gmt":"2025-05-28T12:55:10","slug":"kunst-kultur","status":"publish","type":"page","link":"https:\/\/www.cauxpalace.ch\/de\/gastfreundschaft-wandel\/kunst-kultur\/","title":{"rendered":"Kunst &#038; Kultur"},"content":{"rendered":"\n<p>Caux Initiativen der Ver\u00e4nderung ist seit langem mit der Kunst verbunden und hat die Kraft eines  k\u00fcnstlerischen Ausdrucks zur F\u00f6rderung von Verst\u00e4ndnis, Vers\u00f6hnung und positivem sozialen Wandel erkannt.<\/p>\n\n\n\n<p> F\u00fcr Konzerte, Residenzen, Ausstellungen und Theaterauff\u00fchrungen bietet der Caux Palace einen einzigartigen und inspirierenden Veranstaltungsort, der Ihrem Publikum garantiert ein unvergessliches Erlebnis beschert.<\/p>\n\n\n\n<p><\/p>\n\n\n\n<p><\/p>\n\n\n\n<figure class=\"wp-block-image size-large\"><img loading=\"lazy\" decoding=\"async\" width=\"1024\" height=\"372\" src=\"\/wp-content\/uploads\/2024\/01\/Maria-banner-1024x372.png\" alt=\"\" class=\"wp-image-5143\" srcset=\"https:\/\/www.cauxpalace.ch\/wp-content\/uploads\/2024\/01\/Maria-banner-1024x372.png 1024w, https:\/\/www.cauxpalace.ch\/wp-content\/uploads\/2024\/01\/Maria-banner-300x109.png 300w, https:\/\/www.cauxpalace.ch\/wp-content\/uploads\/2024\/01\/Maria-banner-768x279.png 768w, https:\/\/www.cauxpalace.ch\/wp-content\/uploads\/2024\/01\/Maria-banner-1536x559.png 1536w, https:\/\/www.cauxpalace.ch\/wp-content\/uploads\/2024\/01\/Maria-banner.png 1650w\" sizes=\"auto, (max-width: 1024px) 100vw, 1024px\" \/><\/figure>\n\n\n\n<p>Zu unseren R\u00e4umlichkeiten geh\u00f6ren das voll ausgestattete Barock-Theater mit 385 Pl\u00e4tzen, der Grosse Saal und der Ausstellungsraum der Belle Epoque.<\/p>\n\n\n\n<p>Fl\u00fcgel im Theater, im Grossen Saal und im Belle Epoque-Saal stehen zu Ihrer Verf\u00fcgung. Der Grosse Saal ist zudem mit einer informellen B\u00fchne ausgestattet und verf\u00fcgt \u00fcber einen Projektor, Licht und Ton.<\/p>\n\n\n\n<p><\/p>\n\n\n\n<h3 class=\"wp-block-heading\"><strong>Schreiben Sie uns<\/strong><\/h3>\n\n\n\n<p>F\u00fcr ausf\u00fchrliche Informationen zu unserem Angebot: <strong><a href=\"mailto:Hospitality@caux.ch\">EMAIL<\/a><\/strong><\/p>\n","protected":false},"excerpt":{"rendered":"<p>Caux Initiativen der Ver\u00e4nderung ist seit langem mit der Kunst verbunden und hat die Kraft eines k\u00fcnstlerischen Ausdrucks zur F\u00f6rderung von Verst\u00e4ndnis, Vers\u00f6hnung und positivem sozialen Wandel erkannt. F\u00fcr Konzerte, Residenzen, Ausstellungen und Theaterauff\u00fchrungen bietet der Caux Palace einen einzigartigen und inspirierenden Veranstaltungsort, der Ihrem Publikum garantiert ein unvergessliches Erlebnis beschert. Zu unseren R\u00e4umlichkeiten geh\u00f6ren [&hellip;]<\/p>\n","protected":false},"author":6,"featured_media":4739,"parent":517,"menu_order":5,"comment_status":"closed","ping_status":"closed","template":"food-and-catering.php","meta":{"_acf_changed":false,"footnotes":""},"class_list":["post-6238","page","type-page","status-publish","has-post-thumbnail","hentry"],"acf":[],"_links":{"self":[{"href":"https:\/\/www.cauxpalace.ch\/de\/wp-json\/wp\/v2\/pages\/6238","targetHints":{"allow":["GET"]}}],"collection":[{"href":"https:\/\/www.cauxpalace.ch\/de\/wp-json\/wp\/v2\/pages"}],"about":[{"href":"https:\/\/www.cauxpalace.ch\/de\/wp-json\/wp\/v2\/types\/page"}],"author":[{"embeddable":true,"href":"https:\/\/www.cauxpalace.ch\/de\/wp-json\/wp\/v2\/users\/6"}],"replies":[{"embeddable":true,"href":"https:\/\/www.cauxpalace.ch\/de\/wp-json\/wp\/v2\/comments?post=6238"}],"version-history":[{"count":3,"href":"https:\/\/www.cauxpalace.ch\/de\/wp-json\/wp\/v2\/pages\/6238\/revisions"}],"predecessor-version":[{"id":7365,"href":"https:\/\/www.cauxpalace.ch\/de\/wp-json\/wp\/v2\/pages\/6238\/revisions\/7365"}],"up":[{"embeddable":true,"href":"https:\/\/www.cauxpalace.ch\/de\/wp-json\/wp\/v2\/pages\/517"}],"wp:featuredmedia":[{"embeddable":true,"href":"https:\/\/www.cauxpalace.ch\/de\/wp-json\/wp\/v2\/media\/4739"}],"wp:attachment":[{"href":"https:\/\/www.cauxpalace.ch\/de\/wp-json\/wp\/v2\/media?parent=6238"}],"curies":[{"name":"wp","href":"https:\/\/api.w.org\/{rel}","templated":true}]}}