{"id":6223,"date":"2024-02-24T08:56:34","date_gmt":"2024-02-24T07:56:34","guid":{"rendered":"https:\/\/cauxpalace.ch\/?page_id=6223"},"modified":"2025-05-28T14:54:44","modified_gmt":"2025-05-28T12:54:44","slug":"seminare-meetings-retreats","status":"publish","type":"page","link":"https:\/\/www.cauxpalace.ch\/de\/gastfreundschaft-wandel\/seminare-meetings-retreats\/","title":{"rendered":"Seminare, Tagungen und Einkehrtage"},"content":{"rendered":"\n<h3 class=\"wp-block-heading\"><\/h3>\n\n\n\n<p>Zus\u00e4tzlich zu den zahlreichen Tagungsr\u00e4umen im Caux Palace bietet die Villa Maria, die sich direkt gegen\u00fcber dem Caux Palace befindet, das ganze Jahr \u00fcber exklusive R\u00e4umlichkeiten f\u00fcr Ihre Tagungen und Konferenzen. Diese durchdacht gestalteten R\u00e4ume bieten eine angenehme, intime Atmosph\u00e4re, die zu offenen Diskussionen einl\u00e4dt. Die Villa Maria bietet privatisierte und einen ger\u00e4umigen Konferenzraum, der mit modernen audiovisuellen Ger\u00e4ten und raumf\u00fcllenden Whiteboards ausgestattet ist.<\/p>\n\n\n\n<p><a rel=\"noreferrer noopener\" href=\"https:\/\/www.iofc.ch\/sites\/default\/files\/2023-09\/Caux_iofC_Flyer_English.pdf\" target=\"_blank\">Laden Sie unsere Flyer herunter<\/a><\/p>\n\n\n\n<figure class=\"wp-block-image size-large\"><img loading=\"lazy\" decoding=\"async\" width=\"1024\" height=\"378\" src=\"\/wp-content\/uploads\/2024\/01\/Quiet-Time-1024x378.png\" alt=\"\" class=\"wp-image-5513\" srcset=\"https:\/\/www.cauxpalace.ch\/wp-content\/uploads\/2024\/01\/Quiet-Time-1024x378.png 1024w, https:\/\/www.cauxpalace.ch\/wp-content\/uploads\/2024\/01\/Quiet-Time-300x111.png 300w, https:\/\/www.cauxpalace.ch\/wp-content\/uploads\/2024\/01\/Quiet-Time-768x284.png 768w, https:\/\/www.cauxpalace.ch\/wp-content\/uploads\/2024\/01\/Quiet-Time-1536x568.png 1536w, https:\/\/www.cauxpalace.ch\/wp-content\/uploads\/2024\/01\/Quiet-Time.png 1905w\" sizes=\"auto, (max-width: 1024px) 100vw, 1024px\" \/><\/figure>\n\n\n\n<h2 class=\"has-text-align-center wp-block-heading\">Was sie \u00fcber ihr Event im Caux Palace sagen<\/h2>\n\n\n\n<p class=\"has-text-align-center\">\u201eDer Caux Palace bietet ein ideales Umfeld, um Wohlwollen und Vertrauen unter den Teammitgliedern aufzubauen und zu st\u00e4rken\u201c.<\/p>\n\n\n\n<p class=\"has-text-align-center\"><em>\u2013 Stephen Cornish, \u00c4rzte ohne Grenzen<\/em><\/p>\n\n\n\n<p class=\"has-text-align-center\">***<\/p>\n\n\n\n<p class=\"has-text-align-center\">&#8222;Caux bot eine hervorragende Atmosph\u00e4re f\u00fcr unsere j\u00e4hrliche F\u00fchrungskr\u00e4ftetagung und die Teilnehmenden hatten eine unvergessliche Erfahrung.&#8220;<\/p>\n\n\n\n<p class=\"has-text-align-center\"><em>\u2013 Ryan Stanton, International Civil Society Centre<\/em><\/p>\n\n\n\n<p class=\"has-text-align-center\">***<\/p>\n\n\n\n<p class=\"has-text-align-center\">&#8222;Mitglieder der CCHN-Community haben uns mitgeteilt, wie privilegiert sie sich f\u00fchlen, einen so einzigartigen Ort zu entdecken, an dem sie wirklich neue Energie tanken, sich mit der Natur verbinden und eine Auszeit von ihrem hektischen Leben nehmen k\u00f6nnen, um sich um sich selbst zu k\u00fcmmern&#8220;.<\/p>\n\n\n\n<p class=\"has-text-align-center\"><em>\u2013 Jo\u00eblle Germanier, Centre of Competence on Humanitarian Negotiation (CCHN)<\/em><\/p>\n\n\n\n<figure class=\"wp-block-image size-large\"><img loading=\"lazy\" decoding=\"async\" width=\"1024\" height=\"378\" src=\"\/wp-content\/uploads\/2024\/01\/Conference-Roomv3-1024x378.png\" alt=\"\" class=\"wp-image-4531\" srcset=\"https:\/\/www.cauxpalace.ch\/wp-content\/uploads\/2024\/01\/Conference-Roomv3-1024x378.png 1024w, https:\/\/www.cauxpalace.ch\/wp-content\/uploads\/2024\/01\/Conference-Roomv3-300x111.png 300w, https:\/\/www.cauxpalace.ch\/wp-content\/uploads\/2024\/01\/Conference-Roomv3-768x284.png 768w, https:\/\/www.cauxpalace.ch\/wp-content\/uploads\/2024\/01\/Conference-Roomv3-1536x568.png 1536w, https:\/\/www.cauxpalace.ch\/wp-content\/uploads\/2024\/01\/Conference-Roomv3.png 1905w\" sizes=\"auto, (max-width: 1024px) 100vw, 1024px\" \/><\/figure>\n\n\n\n<h3 class=\"has-text-align-center wp-block-heading\"><strong>Schreiben Sie uns<\/strong><\/h3>\n\n\n\n<p class=\"has-text-align-center\">F\u00fcr ausf\u00fchrliche Informationen zu unserem Hotellerieangebot: <strong><a href=\"mailto:Hospitality@caux.ch\">EMAIL<\/a><\/strong><\/p>\n","protected":false},"excerpt":{"rendered":"<p>Zus\u00e4tzlich zu den zahlreichen Tagungsr\u00e4umen im Caux Palace bietet die Villa Maria, die sich direkt gegen\u00fcber dem Caux Palace befindet, das ganze Jahr \u00fcber exklusive R\u00e4umlichkeiten f\u00fcr Ihre Tagungen und Konferenzen. Diese durchdacht gestalteten R\u00e4ume bieten eine angenehme, intime Atmosph\u00e4re, die zu offenen Diskussionen einl\u00e4dt. Die Villa Maria bietet privatisierte und einen ger\u00e4umigen Konferenzraum, der [&hellip;]<\/p>\n","protected":false},"author":6,"featured_media":0,"parent":517,"menu_order":4,"comment_status":"closed","ping_status":"closed","template":"food-and-catering.php","meta":{"_acf_changed":false,"footnotes":""},"class_list":["post-6223","page","type-page","status-publish","hentry"],"acf":[],"_links":{"self":[{"href":"https:\/\/www.cauxpalace.ch\/de\/wp-json\/wp\/v2\/pages\/6223","targetHints":{"allow":["GET"]}}],"collection":[{"href":"https:\/\/www.cauxpalace.ch\/de\/wp-json\/wp\/v2\/pages"}],"about":[{"href":"https:\/\/www.cauxpalace.ch\/de\/wp-json\/wp\/v2\/types\/page"}],"author":[{"embeddable":true,"href":"https:\/\/www.cauxpalace.ch\/de\/wp-json\/wp\/v2\/users\/6"}],"replies":[{"embeddable":true,"href":"https:\/\/www.cauxpalace.ch\/de\/wp-json\/wp\/v2\/comments?post=6223"}],"version-history":[{"count":13,"href":"https:\/\/www.cauxpalace.ch\/de\/wp-json\/wp\/v2\/pages\/6223\/revisions"}],"predecessor-version":[{"id":7364,"href":"https:\/\/www.cauxpalace.ch\/de\/wp-json\/wp\/v2\/pages\/6223\/revisions\/7364"}],"up":[{"embeddable":true,"href":"https:\/\/www.cauxpalace.ch\/de\/wp-json\/wp\/v2\/pages\/517"}],"wp:attachment":[{"href":"https:\/\/www.cauxpalace.ch\/de\/wp-json\/wp\/v2\/media?parent=6223"}],"curies":[{"name":"wp","href":"https:\/\/api.w.org\/{rel}","templated":true}]}}