{"id":5951,"date":"2024-02-15T10:48:54","date_gmt":"2024-02-15T09:48:54","guid":{"rendered":"https:\/\/cauxpalace.ch\/?page_id=5951"},"modified":"2025-05-28T14:54:15","modified_gmt":"2025-05-28T12:54:15","slug":"konferenzen","status":"publish","type":"page","link":"https:\/\/www.cauxpalace.ch\/de\/gastfreundschaft-wandel\/konferenzen\/","title":{"rendered":"Konferenzen"},"content":{"rendered":"\n<p>Der Hauptsaal im mittelalterlichen Stil und das Barocktheater bieten Platz f\u00fcr bis zu 385 Personen. Mit mehr als 20 separaten Tagungsr\u00e4umen und -fl\u00e4chen, darunter der historische Salon des Dames, der Salon du Pasquier und die Belle Epoque, bieten wir Ihnen eine breite Palette an M\u00f6glichkeiten f\u00fcr Ihre Konferenzen und Tagungen.<\/p>\n\n\n\n<p>F\u00fcr die Unterbringung bietet das Caux Palace Centre \u00fcber 200 Zimmer mit Originalm\u00f6beln aus der Zeit, eigenen B\u00e4dern, Balkonen und Seeblick.<\/p>\n\n\n\n<figure class=\"wp-block-image size-large\"><img loading=\"lazy\" decoding=\"async\" width=\"1024\" height=\"378\" src=\"\/wp-content\/uploads\/2024\/01\/Kofi-Annan-1600-1024x378.png\" alt=\"\" class=\"wp-image-5467\" srcset=\"https:\/\/www.cauxpalace.ch\/wp-content\/uploads\/2024\/01\/Kofi-Annan-1600-1024x378.png 1024w, https:\/\/www.cauxpalace.ch\/wp-content\/uploads\/2024\/01\/Kofi-Annan-1600-300x111.png 300w, https:\/\/www.cauxpalace.ch\/wp-content\/uploads\/2024\/01\/Kofi-Annan-1600-768x284.png 768w, https:\/\/www.cauxpalace.ch\/wp-content\/uploads\/2024\/01\/Kofi-Annan-1600-1536x567.png 1536w, https:\/\/www.cauxpalace.ch\/wp-content\/uploads\/2024\/01\/Kofi-Annan-1600.png 1600w\" sizes=\"auto, (max-width: 1024px) 100vw, 1024px\" \/><\/figure>\n\n\n\n<h3 class=\"wp-block-heading\">Was unsere Kunden \u00fcber ihr Event in Caux sagen<\/h3>\n\n\n\n<p>&#8222;Mitglieder der CCHN-Community haben uns mitgeteilt, wie privilegiert sie sich f\u00fchlen, einen so einzigartigen Ort zu entdecken, an dem sie wirklich neue Energie tanken, sich mit der Natur verbinden und eine Auszeit von ihrem hektischen Leben nehmen k\u00f6nnen, um sich um sich selbst zu k\u00fcmmern.&#8220;<\/p>\n\n\n\n<p><em>\u2013 Jo\u00eblle Germanier, Centre of Competence on Humanitarian Negotiation (CCHN)<\/em><\/p>\n\n\n\n<p>***<\/p>\n\n\n\n<p>&#8222;Das Genfer Zentrum f\u00fcr Sicherheitspolitik und die Initiativen des Wandels haben die gleiche Aufgabe: die F\u00f6rderung des internationalen Friedens und der Sicherheit. Beide Organisationen haben es sich zur Aufgabe gemacht, Menschen zu bef\u00e4higen, dieses Ziel zu erreichen, und beide profitieren voneinander durch den Austausch von Wissen und Expertise.&#8220;<\/p>\n\n\n\n<p><em>\u2013<\/em> <em>Christina Orisich, Geneva Centre for Security Policy<\/em><\/p>\n\n\n\n<p>***<\/p>\n\n\n\n<p>&#8222;Das 30-j\u00e4hrige Bestehen der Stiftung \u00c9toile filante mit Initiativen der Ver\u00e4nderung zu feiern, war ein Erlebnis von purer Magie. Sie haben die Mauern \u00fcberwunden und jede Herausforderung gemeistert. Die Familien konnten Momente der Qualit\u00e4t, des Cocooning und der Freizeit teilen. Die Akteure auf sozialer, famili\u00e4rer und unterhaltender Ebene konnten zur Freude von Kindern und Erwachsenen Synergien schaffen. Wir m\u00f6chten uns noch einmal bei all unseren Partnern und Unterst\u00fctzern bedanken, die diese magische Veranstaltung m\u00f6glich gemacht haben. Dank Ihnen allen werden Tr\u00e4ume wahr!<\/p>\n\n\n\n<p><em>\u2013 M\u00e9lodie Schlaepfer, Stiftung \u00c9toile filante <\/em><\/p>\n\n\n\n<figure class=\"wp-block-image size-large\"><img loading=\"lazy\" decoding=\"async\" width=\"1024\" height=\"378\" src=\"\/wp-content\/uploads\/2024\/01\/Terrace-3-1024x378.png\" alt=\"\" class=\"wp-image-5508\" srcset=\"https:\/\/www.cauxpalace.ch\/wp-content\/uploads\/2024\/01\/Terrace-3-1024x378.png 1024w, https:\/\/www.cauxpalace.ch\/wp-content\/uploads\/2024\/01\/Terrace-3-300x111.png 300w, https:\/\/www.cauxpalace.ch\/wp-content\/uploads\/2024\/01\/Terrace-3-768x284.png 768w, https:\/\/www.cauxpalace.ch\/wp-content\/uploads\/2024\/01\/Terrace-3.png 1500w\" sizes=\"auto, (max-width: 1024px) 100vw, 1024px\" \/><\/figure>\n\n\n\n<h3 class=\"wp-block-heading\"><strong>Schreiben Sie uns<\/strong><\/h3>\n\n\n\n<p>F\u00fcr ausf\u00fchrliche Informationen zu unserem Hotellerie- und Eventangebot: <strong><a href=\"mailto:Hospitality@caux.ch\">EMAIL<\/a><\/strong><\/p>\n","protected":false},"excerpt":{"rendered":"<p>Der Hauptsaal im mittelalterlichen Stil und das Barocktheater bieten Platz f\u00fcr bis zu 385 Personen. Mit mehr als 20 separaten Tagungsr\u00e4umen und -fl\u00e4chen, darunter der historische Salon des Dames, der Salon du Pasquier und die Belle Epoque, bieten wir Ihnen eine breite Palette an M\u00f6glichkeiten f\u00fcr Ihre Konferenzen und Tagungen. F\u00fcr die Unterbringung bietet das [&hellip;]<\/p>\n","protected":false},"author":6,"featured_media":0,"parent":517,"menu_order":3,"comment_status":"closed","ping_status":"closed","template":"food-and-catering.php","meta":{"_acf_changed":false,"footnotes":""},"class_list":["post-5951","page","type-page","status-publish","hentry"],"acf":[],"_links":{"self":[{"href":"https:\/\/www.cauxpalace.ch\/de\/wp-json\/wp\/v2\/pages\/5951","targetHints":{"allow":["GET"]}}],"collection":[{"href":"https:\/\/www.cauxpalace.ch\/de\/wp-json\/wp\/v2\/pages"}],"about":[{"href":"https:\/\/www.cauxpalace.ch\/de\/wp-json\/wp\/v2\/types\/page"}],"author":[{"embeddable":true,"href":"https:\/\/www.cauxpalace.ch\/de\/wp-json\/wp\/v2\/users\/6"}],"replies":[{"embeddable":true,"href":"https:\/\/www.cauxpalace.ch\/de\/wp-json\/wp\/v2\/comments?post=5951"}],"version-history":[{"count":3,"href":"https:\/\/www.cauxpalace.ch\/de\/wp-json\/wp\/v2\/pages\/5951\/revisions"}],"predecessor-version":[{"id":7363,"href":"https:\/\/www.cauxpalace.ch\/de\/wp-json\/wp\/v2\/pages\/5951\/revisions\/7363"}],"up":[{"embeddable":true,"href":"https:\/\/www.cauxpalace.ch\/de\/wp-json\/wp\/v2\/pages\/517"}],"wp:attachment":[{"href":"https:\/\/www.cauxpalace.ch\/de\/wp-json\/wp\/v2\/media?parent=5951"}],"curies":[{"name":"wp","href":"https:\/\/api.w.org\/{rel}","templated":true}]}}