{"id":5941,"date":"2024-02-14T15:41:29","date_gmt":"2024-02-14T14:41:29","guid":{"rendered":"https:\/\/cauxpalace.ch\/?page_id=5941"},"modified":"2025-05-28T14:53:50","modified_gmt":"2025-05-28T12:53:50","slug":"catering","status":"publish","type":"page","link":"https:\/\/www.cauxpalace.ch\/de\/gastfreundschaft-wandel\/catering\/","title":{"rendered":"Catering"},"content":{"rendered":"\n<p>Unser Hospitality-Team bietet eine breite Palette von Catering- und Teambuilding-Aktivit\u00e4ten an, die ganz auf Ihre Bed\u00fcrfnisse zugeschnitten sind.<\/p>\n\n\n\n<p>Im Sommer bietet unser ger\u00e4umiger Speisesaal mit Selbstbedienung Platz f\u00fcr bis zu 350 G\u00e4ste, die sowohl drinnen als auch auf der grossen, schattigen Terrasse mit einem spektakul\u00e4rem Blick auf den Genfer See Platz nehmen k\u00f6nnen. F\u00fcr Buffets und Empf\u00e4nge ist der Grosse Saal der ideale Veranstaltungsort im Haus.<\/p>\n\n\n\n<p>Kleinere Gruppen haben das ganze Jahr \u00fcber die M\u00f6glichkeit, sich in der Villa Maria selbst zu verpflegen oder sich f\u00fcr ein Buffet oder einen Tischservice zu entscheiden, der ganz ihren W\u00fcnschen entspricht.<\/p>\n\n\n\n<p><a rel=\"noreferrer noopener\" href=\"https:\/\/www.iofc.ch\/sites\/default\/files\/2023-09\/Caux_iofC_Flyer_English.pdf\" target=\"_blank\">Laden Sie unsere Flyer herunter<\/a><\/p>\n\n\n\n<figure class=\"wp-block-image size-large\"><img loading=\"lazy\" decoding=\"async\" width=\"1024\" height=\"378\" src=\"\/wp-content\/uploads\/2024\/01\/Salle-a-manger-1024x378.png\" alt=\"\" class=\"wp-image-4816\" srcset=\"https:\/\/www.cauxpalace.ch\/wp-content\/uploads\/2024\/01\/Salle-a-manger-1024x378.png 1024w, https:\/\/www.cauxpalace.ch\/wp-content\/uploads\/2024\/01\/Salle-a-manger-300x111.png 300w, https:\/\/www.cauxpalace.ch\/wp-content\/uploads\/2024\/01\/Salle-a-manger-768x284.png 768w, https:\/\/www.cauxpalace.ch\/wp-content\/uploads\/2024\/01\/Salle-a-manger-1536x568.png 1536w, https:\/\/www.cauxpalace.ch\/wp-content\/uploads\/2024\/01\/Salle-a-manger.png 1905w\" sizes=\"auto, (max-width: 1024px) 100vw, 1024px\" \/><\/figure>\n\n\n\n<h3 class=\"wp-block-heading\"><strong>Schreiben Sie uns<\/strong><\/h3>\n\n\n\n<p>F\u00fcr ausf\u00fchrliche Informationen zu unserem Hotellerieangebot: <strong><a href=\"mailto:Hospitality@caux.ch\">EMAIL<\/a><\/strong><\/p>\n\n\n\n<figure class=\"wp-block-image size-large\"><img loading=\"lazy\" decoding=\"async\" width=\"1024\" height=\"378\" src=\"\/wp-content\/uploads\/2024\/01\/Belle-Epoque-2-1024x378.png\" alt=\"\" class=\"wp-image-5495\" srcset=\"https:\/\/www.cauxpalace.ch\/wp-content\/uploads\/2024\/01\/Belle-Epoque-2-1024x378.png 1024w, https:\/\/www.cauxpalace.ch\/wp-content\/uploads\/2024\/01\/Belle-Epoque-2-300x111.png 300w, https:\/\/www.cauxpalace.ch\/wp-content\/uploads\/2024\/01\/Belle-Epoque-2-768x284.png 768w, https:\/\/www.cauxpalace.ch\/wp-content\/uploads\/2024\/01\/Belle-Epoque-2.png 1500w\" sizes=\"auto, (max-width: 1024px) 100vw, 1024px\" \/><\/figure>\n\n\n\n<h3 class=\"wp-block-heading\"><strong>Was unsere Kunden sagen<\/strong><\/h3>\n\n\n\n<p>&#8222;Alles war sehr professionell und wir hatten eine perfekte Klausurtagung&#8220;.<\/p>\n\n\n\n<p><em>\u2013<\/em> <em>Baha Mansour, KAICIID \u2013 International Dialogue Centre<\/em><\/p>\n\n\n\n<p>***<\/p>\n\n\n\n<p>&#8222;Der Caux Palace bietet ein ideales Umfeld, um Wohlwollen und Vertrauen unter den Teammitgliedern aufzubauen und zu st\u00e4rken&#8220;.<\/p>\n\n\n\n<p><em>\u2013 Stephen Cornish, \u00c4rzte ohne Grenzen<\/em><\/p>\n\n\n\n<p>***<\/p>\n\n\n\n<p>&#8222;Vielen Dank f\u00fcr all Ihre Bem\u00fchungen und Ihre Unterst\u00fctzung bei der Organisation der ICVA-Klausurtagung.&#8220;<\/p>\n\n\n\n<p><em>\u2013 Myl\u00e8ne Soto, International Council of Voluntary Agencies<\/em> (<em>ICVA<\/em>)<\/p>\n","protected":false},"excerpt":{"rendered":"<p>Unser Hospitality-Team bietet eine breite Palette von Catering- und Teambuilding-Aktivit\u00e4ten an, die ganz auf Ihre Bed\u00fcrfnisse zugeschnitten sind. Im Sommer bietet unser ger\u00e4umiger Speisesaal mit Selbstbedienung Platz f\u00fcr bis zu 350 G\u00e4ste, die sowohl drinnen als auch auf der grossen, schattigen Terrasse mit einem spektakul\u00e4rem Blick auf den Genfer See Platz nehmen k\u00f6nnen. F\u00fcr Buffets [&hellip;]<\/p>\n","protected":false},"author":6,"featured_media":0,"parent":517,"menu_order":2,"comment_status":"closed","ping_status":"closed","template":"food-and-catering.php","meta":{"_acf_changed":false,"footnotes":""},"class_list":["post-5941","page","type-page","status-publish","hentry"],"acf":[],"_links":{"self":[{"href":"https:\/\/www.cauxpalace.ch\/de\/wp-json\/wp\/v2\/pages\/5941","targetHints":{"allow":["GET"]}}],"collection":[{"href":"https:\/\/www.cauxpalace.ch\/de\/wp-json\/wp\/v2\/pages"}],"about":[{"href":"https:\/\/www.cauxpalace.ch\/de\/wp-json\/wp\/v2\/types\/page"}],"author":[{"embeddable":true,"href":"https:\/\/www.cauxpalace.ch\/de\/wp-json\/wp\/v2\/users\/6"}],"replies":[{"embeddable":true,"href":"https:\/\/www.cauxpalace.ch\/de\/wp-json\/wp\/v2\/comments?post=5941"}],"version-history":[{"count":7,"href":"https:\/\/www.cauxpalace.ch\/de\/wp-json\/wp\/v2\/pages\/5941\/revisions"}],"predecessor-version":[{"id":7362,"href":"https:\/\/www.cauxpalace.ch\/de\/wp-json\/wp\/v2\/pages\/5941\/revisions\/7362"}],"up":[{"embeddable":true,"href":"https:\/\/www.cauxpalace.ch\/de\/wp-json\/wp\/v2\/pages\/517"}],"wp:attachment":[{"href":"https:\/\/www.cauxpalace.ch\/de\/wp-json\/wp\/v2\/media?parent=5941"}],"curies":[{"name":"wp","href":"https:\/\/api.w.org\/{rel}","templated":true}]}}