{"id":519,"date":"2017-04-06T14:32:32","date_gmt":"2017-04-06T13:32:32","guid":{"rendered":"http:\/\/caux-palace.dev.acw.website\/reservation\/"},"modified":"2025-11-25T11:45:42","modified_gmt":"2025-11-25T10:45:42","slug":"kontakt-anreise","status":"publish","type":"page","link":"https:\/\/www.cauxpalace.ch\/de\/kontakt-anreise\/","title":{"rendered":"Kontakt"},"content":{"rendered":"\n<h2 class=\"wp-block-heading\"><strong>Anreise<\/strong><\/h2>\n\n\n\n<p>Wir empfehlen Ihnen, mit \u00f6ffentlichen Verkehrsmitteln nach Caux zu reisen, da die Parkpl\u00e4tze begrenzt sind.<\/p>\n\n\n\n<p>Der <strong>Bahnhof von Caux<\/strong> befindet sich direkt neben dem Caux Palace.<\/p>\n\n\n\n<p>Caux ist mit dem Auto oder Zug innerhalb von eineinhalb Stunden von Genf und zwei Stunden von Bern aus erreichbar. Z\u00fcge verkehren st\u00fcndlich sowohl vom Flughafen Genf als auch von Bern aus.<\/p>\n\n\n\n<p>Die genauen Reisezeiten und Verbindungen finden Sie unter <a href=\"http:\/\/www.rail.ch\/\" target=\"_blank\" rel=\"noopener noreferrer\">www.rail.ch<\/a>.<\/p>\n\n\n\n<p><strong>Anfahrt mit dem Auto:<\/strong> Ein kleiner Tipp f\u00fcr Ihre Autofahrt von Lausanne oder Vevey aus. Geben Sie in Ihr Navigationsger\u00e4t die Route \u00fcber Clarens oder Montreux Gare ein. Die Option \u201eLes Avants\u201d ist eine Bergstrasse, die l\u00e4nger und kurviger ist und vermieden werden sollte.<\/p>\n\n\n\n<p>Klicken Sie <a rel=\"noopener noreferrer\" href=\"http:\/\/maps.google.ch\/maps?f=q&amp;hl=fr&amp;geocode=&amp;q=rue+du+panorama,+caux&amp;sll=46.4321,6.937713&amp;sspn=0.010766,0.020084&amp;ie=UTF8&amp;z=16&amp;iwloc=addr\" target=\"_blank\">hier<\/a> f\u00fcr eine detaillierte Karte der Region.<\/p>\n\n\n\n<div style=\"height:70px\" aria-hidden=\"true\" class=\"wp-block-spacer\"><\/div>\n\n\n\n<h2 class=\"wp-block-heading\"><strong>Richtlinien zur Medienberichterstattung<\/strong><\/h2>\n\n\n\n<p>F\u00fcr Anfragen zur Medienberichterstattung lesen Sie bitte <a href=\"https:\/\/www.cauxpalace.ch\/access-contact\/media-coverage-policy\/\">unsere Richtlinien zur Medienberichterstattung und kontaktieren Sie uns per Email.<\/a><\/p>\n","protected":false},"excerpt":{"rendered":"<p>Anreise Wir empfehlen Ihnen, mit \u00f6ffentlichen Verkehrsmitteln nach Caux zu reisen, da die Parkpl\u00e4tze begrenzt sind. Der Bahnhof von Caux befindet sich direkt neben dem Caux Palace. Caux ist mit dem Auto oder Zug innerhalb von eineinhalb Stunden von Genf und zwei Stunden von Bern aus erreichbar. Z\u00fcge verkehren st\u00fcndlich sowohl vom Flughafen Genf als [&hellip;]<\/p>\n","protected":false},"author":9,"featured_media":0,"parent":0,"menu_order":8,"comment_status":"closed","ping_status":"closed","template":"contact-us.php","meta":{"_acf_changed":false,"footnotes":""},"class_list":["post-519","page","type-page","status-publish","hentry"],"acf":[],"_links":{"self":[{"href":"https:\/\/www.cauxpalace.ch\/de\/wp-json\/wp\/v2\/pages\/519","targetHints":{"allow":["GET"]}}],"collection":[{"href":"https:\/\/www.cauxpalace.ch\/de\/wp-json\/wp\/v2\/pages"}],"about":[{"href":"https:\/\/www.cauxpalace.ch\/de\/wp-json\/wp\/v2\/types\/page"}],"author":[{"embeddable":true,"href":"https:\/\/www.cauxpalace.ch\/de\/wp-json\/wp\/v2\/users\/9"}],"replies":[{"embeddable":true,"href":"https:\/\/www.cauxpalace.ch\/de\/wp-json\/wp\/v2\/comments?post=519"}],"version-history":[{"count":38,"href":"https:\/\/www.cauxpalace.ch\/de\/wp-json\/wp\/v2\/pages\/519\/revisions"}],"predecessor-version":[{"id":7410,"href":"https:\/\/www.cauxpalace.ch\/de\/wp-json\/wp\/v2\/pages\/519\/revisions\/7410"}],"wp:attachment":[{"href":"https:\/\/www.cauxpalace.ch\/de\/wp-json\/wp\/v2\/media?parent=519"}],"curies":[{"name":"wp","href":"https:\/\/api.w.org\/{rel}","templated":true}]}}