{"id":3143,"date":"2020-10-20T11:53:02","date_gmt":"2020-10-20T09:53:02","guid":{"rendered":"http:\/\/www.cauxpalace.ch\/?page_id=3143"},"modified":"2021-02-02T21:02:21","modified_gmt":"2021-02-02T20:02:21","slug":"richtlinien-zur-medienberichterstattung","status":"publish","type":"page","link":"https:\/\/www.cauxpalace.ch\/de\/kontakt-anreise\/richtlinien-zur-medienberichterstattung\/","title":{"rendered":"Richtlinien zur Medienberichterstattung"},"content":{"rendered":"<h2><\/h2>\n<h2 style=\"text-align: center;\"><strong>Initiativen der Ver\u00e4nderung &#8211; Events &amp; R\u00e4umlichkeiten<br \/>\n<\/strong><\/h2>\n<p>&nbsp;<\/p>\n<p><strong>Journalistinnen und Journalisten, Bloggerinnen und Blogger, Organisationen, Institutaitonen und Einzelpersonen, die \u00fcber die Events im Caux Palace berichten m\u00f6chten, sind herzlich willkommen. Je nachdem, welcher Kategorie Sie angeh\u00f6ren, m\u00f6chten wir Sie bitten, die folgenden Anforderungen, Richtlinien und Bedingungen zu ber\u00fccksichtigen.<\/strong><\/p>\n<p><strong>Alle Anfragen f\u00fcr eine Berichterstattung \u00fcber Events im Caux Palace sowie Interviews mit Teilnehmenden, Referentinnen und Referenten k\u00f6nnen Sie uns\u00a0<a href=\"mailto:%20comms@caux.ch\">per Email<\/a> zukommen lassen. . \u00a0<\/strong><\/p>\n<p><strong>Sie k\u00f6nnen ausserdem das beiliegende Formular nutzen.<\/strong><\/p>\n<p>&nbsp;<\/p>\n<h3><u>Berichterstattung<\/u><\/h3>\n<p>Journalistinnen, Jouranlisten und Medienstellen, die \u00fcber Events im Caux Palace berichten wollen, werden gebeten, im Vorfeld eine Anfrage einzureichen. Medienvertreterinnen und\u00a0 -vertreter haben keinen Zugang zu vertraulichen Treffen sowie den Veranstaltungen der Community-Gruppen. Ausnahmen k\u00f6nnen mit dem Organisationsteam des entsprechenden Events und dem Caux Forum-Kommunikationsteam im Vorfeld abgesprochen werden.<\/p>\n<p>Der Zugang zu allen \u00f6ffentlichen Events ist kostenlos.<\/p>\n<p><strong>F\u00fcr Anfragen bitten wir Sie, das untenstehende Formular auszuf\u00fcllen.<\/strong><\/p>\n<p>&nbsp;<\/p>\n<h3><u>Unabh\u00e4ngige Bloggerinnen und Blogger sowie Organisationen<br \/>\n<\/u><\/h3>\n<p>Unabh\u00e4ngige Bloggerinnen und Blogger sowie Vertreterinnen und Vertreter zivilgesellschaftliche Organisationen m\u00fcssen sich zu den \u00fcblichen Geb\u00fchren und Anmeldebedingungen des jeweiligen Events anmelden.<\/p>\n<p>Fotos und Videoaufnahmen sind nur mit Zustimmung des Kommunikationsteams sowie des Organisationsteams des jeweiligen Events erlaubt. Anfragen, die erst am Tag der geplanten Foto-\/Videoaufnahmen eingereicht werden, k\u00f6nnen aus zeitlichen Gr\u00fcnden leider nicht werden.<\/p>\n<p><strong>F\u00fcllen Sie das Formular f\u00fcr Foto- und Videoaufnahmen bitte mindestens eine Woche vor dem Event aus!<\/strong><\/p>\n<p>&nbsp;<\/p>\n<h3><u>Partnerorganisationen und Institutionen<br \/>\n<\/u><\/h3>\n<p>Kommunikationsaktivit\u00e4ten von Partnerorganisationen und -institutionen und\/oder Event-Organisationsteams, die mit dem Caux Palace zusammenarbeiten, unterliegen spezifischen Bedingungen, die durch eine Absichtserkl\u00e4rung im Vorfeld festgelegt werden.<\/p>\n<p>Sonderanfragen f\u00fcr Foto- und Videoaufnahmen k\u00f6nnen nur im Rahmen der entsprechenden Partnerschaft ber\u00fccksichtigt werden. Entscheidungen zur Autorisierung jeglicher Medienberichterstattung unterliegt den Bedingungen des Absichtserkl\u00e4rung und der Zustimmung der jeweiligen Vertagspartner.<\/p>\n<p>Kommunikationsaufgaben unterliegen der Zustimmung des Kommunikationsteams und werden im Rahmen der Absichtserkl\u00e4rung bestimmt.<\/p>\n<p>&nbsp;<\/p>\n<h3><u>Fotos<\/u><\/h3>\n<p>Die Veranstaltungen von Initiativen der Ver\u00e4nderung Schweiz bieten einen sicheren Raum, der respektiert werden muss. Bitte fragen Sie das Organisationsteams des jeweiligen Events, ob es in Ordnung ist, Fotos oder Screenshots zu machen. Screenshots und Aufnahmen sollten wie andere potenziell bel\u00e4stigende zwischenmenschliche Interaktionen behandelt werden, d. h. wenn eine Person in der Interaktion &#8222;Stopp&#8220; oder &#8222;Lass mich in Ruhe&#8220; oder entsprechende Worte sagt, muss die Interaktion beendet werden. In einem solchen Fall sollten die Teilnehmenden nicht versuchen, diese Person erneut zu fotografieren. Ausserdem kann die betroffene Person den Screenshot\/die Aufnahme jederzeit einsehen, und auf Wunsch muss das Foto oder Filmmaterial usw. sofort gel\u00f6scht werden.<\/p>\n<p>F\u00fcr Sonderevents beauftragt das Caux Forum-Kommunikationsteam professionnelle Fotografen. Diese Fotos stehen ebenfalls kostenfrei zur Verf\u00fcgung und m\u00fcssen mit folgendem Bildnachweis gekennzeichnet werden : \u00a9 Initiativen der Ver\u00e4nderung | Foto von (Name des\/der Fotografen\/in)<\/p>\n<p><strong>Bitte senden Sie uns eine Woche vor den geplanten Aufnahmen alle Anfragen f\u00fcr eine Fotoberichterstattung \u00fcber unser Formular zu.<\/strong><\/p>\n<p>&nbsp;<\/p>\n<h3><u>Videoaufnahmen<br \/>\n<\/u><\/h3>\n<p>Teilnehmenden von Online-Veranstaltungen ist es nicht gestattet, die Events aufzuzeichnen. Bei einigen Events wird den Teilnehmenden eine Aufzeichnung zur Verf\u00fcgung gestellt. Sie wird zu Beginn der Sitzungen angek\u00fcndigt.<\/p>\n<p>Jegliche Videoaufnahmen w\u00e4hrend der Veranstaltungen m\u00fcssen vorher vom Kommunikationsteam mindestens eine Woche vor dem gew\u00fcnschten Aufnahmetermin genehmigt werden. Diejenigen, die sich nicht an dieses Verfahren halten, k\u00f6nnen gegebenenfalls aufgefordert werden, die Veranstaltung und das Gel\u00e4nde des Caux Palace zu verlassen.<\/p>\n<p>Jegliche Videoaufnahmen auf dem Gel\u00e4nde des Konferenz- und Seminarzentrums von Caux bed\u00fcrfen ebenfalls der vorherigen Genehmigung.<\/p>\n<p><strong>F\u00fcr Videoaufnahmen bitten wir Sie, uns das untenstehende Formular zukommen zu lassen.<\/strong><\/p>\n<p>&nbsp;<\/p>\n<h3><u>Live-\u00dcbertragungen<\/u><\/h3>\n<p>Einige Veranstaltungen werden \u00fcber verschiedene Plattformen, u.a soziale Medien, live \u00fcbertragen. Initiativen der Ver\u00e4nderung Schweiz verf\u00fcgt \u00fcber das Alleinrecht dieser \u00dcbertragungen.<\/p>\n<p>Andere Live-Streamings oder \u00dcbertragungen werden nicht genehmigt.<\/p>\n<p>&nbsp;<\/p>\n<p><strong>F\u00fcr weitere Ausk\u00fcnfte steht Ihnen das <\/strong><a href=\"mailto:comms@caux.ch\"><strong>Kommunikationsteam von IofC Schweiz jederzeit gerne per Email zur Verf\u00fcgung. <\/strong><\/a><\/p>\n<p>&nbsp;<\/p>\n<p><iframe loading=\"lazy\" style=\"position: relative; width: 1px; min-width: 100%; *width: 100%;\" frameborder=\"0\" height=\"508\" scrolling=\"yes\" src=\"https:\/\/services.cognitoforms.com\/f\/yN7RjhEjnkujE280ybIhjQ?id=29\" width=\"100%\"><\/iframe><\/p>\n<p>&nbsp;<\/p>\n","protected":false},"excerpt":{"rendered":"<p>Initiativen der Ver\u00e4nderung &#8211; Events &amp; R\u00e4umlichkeiten &nbsp; Journalistinnen und Journalisten, Bloggerinnen und Blogger, Organisationen, Institutaitonen und Einzelpersonen, die \u00fcber die Events im Caux Palace berichten m\u00f6chten, sind herzlich willkommen. Je nachdem, welcher Kategorie Sie angeh\u00f6ren, m\u00f6chten wir Sie bitten, die folgenden Anforderungen, Richtlinien und Bedingungen zu ber\u00fccksichtigen. Alle Anfragen f\u00fcr eine Berichterstattung \u00fcber Events [&hellip;]<\/p>\n","protected":false},"author":6,"featured_media":0,"parent":519,"menu_order":0,"comment_status":"closed","ping_status":"closed","template":"plain-page.php","meta":{"_acf_changed":false,"footnotes":""},"class_list":["post-3143","page","type-page","status-publish","hentry"],"acf":[],"_links":{"self":[{"href":"https:\/\/www.cauxpalace.ch\/de\/wp-json\/wp\/v2\/pages\/3143","targetHints":{"allow":["GET"]}}],"collection":[{"href":"https:\/\/www.cauxpalace.ch\/de\/wp-json\/wp\/v2\/pages"}],"about":[{"href":"https:\/\/www.cauxpalace.ch\/de\/wp-json\/wp\/v2\/types\/page"}],"author":[{"embeddable":true,"href":"https:\/\/www.cauxpalace.ch\/de\/wp-json\/wp\/v2\/users\/6"}],"replies":[{"embeddable":true,"href":"https:\/\/www.cauxpalace.ch\/de\/wp-json\/wp\/v2\/comments?post=3143"}],"version-history":[{"count":6,"href":"https:\/\/www.cauxpalace.ch\/de\/wp-json\/wp\/v2\/pages\/3143\/revisions"}],"predecessor-version":[{"id":3350,"href":"https:\/\/www.cauxpalace.ch\/de\/wp-json\/wp\/v2\/pages\/3143\/revisions\/3350"}],"up":[{"embeddable":true,"href":"https:\/\/www.cauxpalace.ch\/de\/wp-json\/wp\/v2\/pages\/519"}],"wp:attachment":[{"href":"https:\/\/www.cauxpalace.ch\/de\/wp-json\/wp\/v2\/media?parent=3143"}],"curies":[{"name":"wp","href":"https:\/\/api.w.org\/{rel}","templated":true}]}}