{"id":2978,"date":"2020-07-23T12:24:41","date_gmt":"2020-07-23T10:24:41","guid":{"rendered":"http:\/\/www.cauxpalace.ch\/?page_id=2978"},"modified":"2026-01-21T15:46:51","modified_gmt":"2026-01-21T14:46:51","slug":"angebote-2026","status":"publish","type":"page","link":"https:\/\/www.cauxpalace.ch\/de\/angebote\/angebote-2026\/","title":{"rendered":"Angebote 2026"},"content":{"rendered":"<p><strong>Buchen Sie Ihren Dialog, Training oder Retreat in einer einzigartigen Umgebung<\/strong><\/p>\n<p>Mit Blick auf den Genfer See und oberhalb von Montreux in der Schweiz gelegen, bietet der <strong><a href=\"https:\/\/www.cauxpalace.ch\/de\/raeumlichkeiten\/caux-palace\/\">Caux Palace<\/a><\/strong>\u00a0eine inspirierende Umgebung. Besuchen Sie uns und gewinnen Sie eine neue Perspektive an einem Ort, der zu einem fruchtbaren Austausch anregt.<\/p>\n<p><strong>Wir bieten folgende Optionen f\u00fcr Ihr Meeting, Ihren Workshop oder Ihr Retreat:<\/strong><\/p>\n<ul>\n<li><strong>Ein Sommer-Spezial<\/strong> (g\u00fcltig vom 15. Juni &#8211; 31. August 2026) f\u00fcr Gruppen von 25 bis 250 Personen.<\/li>\n<li><strong>Ein ganzj\u00e4hriges Angebot f\u00fcr die exklusive Vermietung der Villa Maria<\/strong> f\u00fcr Gruppen von 15 bis 30 Personen.<\/li>\n<\/ul>\n<p><strong>Bitte kontaktieren Sie uns direkt, um Verf\u00fcgbarkeit und Preise zu erfragen. Gerne erstellen wir Ihnen ein individuelles Angebot f\u00fcr Ihre Bed\u00fcrfnisse. Nachstehend finden Sie Einzelheiten zu unseren Angeboten und Paketen. <\/strong><\/p>\n<h3><strong>Sommer-Spezial<br \/>\n<\/strong><\/h3>\n<ul>\n<li>G\u00fcltig vom 15. Juni &#8211; 31. August 2026 (leider schon ausgebucht)<\/li>\n<li>F\u00fcr Gruppen von 25 bis 250 Personen<\/li>\n<li>Mindestaufenthaltsdauer 2 \u00dcbernachtungen<\/li>\n<li>Der <a href=\"https:\/\/www.cauxpalace.ch\/de\/raeumlichkeiten\/caux-palace\/\">Caux Palace <\/a>kann entweder exklusiv oder f\u00fcr kleinere Gruppen in Gemeinschaftsnutzung mit anderen Gruppen gebucht werden.<\/li>\n<li>Die Kurtaxen erm\u00f6glichen jedoch den Zugang zu den Erm\u00e4ssigungen der Riviera Card, einschliesslich der kostenlosen Nutzung der \u00f6ffentlichen Verkehrsmittel nach und von Montreux<\/li>\n<\/ul>\n<p><strong>Im Preis inbegriffen:<\/strong><\/p>\n<ul>\n<li>Unterkunft im <a href=\"https:\/\/www.cauxpalace.ch\/de\/raeumlichkeiten\/caux-palace\/\">Caux Palace<\/a><\/li>\n<li>Fr\u00fchst\u00fcck, Mittagessen, Abendessen (B\u00fcffet-Stil mit Kaffee und Tee)<\/li>\n<li>2 halbe Tage Nutzung unserer ausgestatteten Tagungsr\u00e4ume (inkl. WLAN)<\/li>\n<li>1 Kaffeepause und 1 Teepause am Nachmittag<\/li>\n<\/ul>\n<p><strong>Wir bieten <a href=\"https:\/\/www.cauxpalace.ch\/de\/gaestezimmer\/\">drei verschiedene Zimmerkategorien an<\/a>:<\/strong><\/p>\n<ul>\n<li><a href=\"https:\/\/www.cauxpalace.ch\/de\/gaestezimmer\/\">Standard-Doppelzimmer<\/a><\/li>\n<li><a href=\"https:\/\/www.cauxpalace.ch\/de\/gaestezimmer\/\">Standard-Einzelzimmer <\/a><\/li>\n<li><a href=\"https:\/\/www.cauxpalace.ch\/de\/gaestezimmer\/\">Premium-Zimmer<\/a><\/li>\n<\/ul>\n<p>Alle unsere Zimmer verf\u00fcgen \u00fcber ein eigenes Badezimmer mit Dusche\/Badewanne und WC und bieten von ihrem Balkon einen wundersch\u00f6nen Blick auf die Alpen und den Genfer See.<\/p>\n<p><strong>\u00a0<\/strong><\/p>\n<h3><strong>Villa Maria: Ganzt\u00e4gige Seminarpauschale<br \/>\n<\/strong><\/h3>\n<ul>\n<li>Exklusive Nutzung der<a href=\"https:\/\/www.cauxpalace.ch\/de\/raeumlichkeiten\/villa-maria\/\"> Villa Maria<\/a><\/li>\n<li>Ausgestattete Tagungsr\u00e4ume (inkl. WLAN)<\/li>\n<li>Mittagessen, Abendessen und Kaffeepausen<\/li>\n<li>Ganzt\u00e4gige Erfrischungsecke<\/li>\n<\/ul>\n<h3><strong>Sie w\u00fcrden gerne \u00fcber Nacht bleiben?<br \/>\n<\/strong><\/h3>\n<ul>\n<li>Unterbringung im <a href=\"https:\/\/www.cauxpalace.ch\/facilities\/caux-palace\/\">Caux Palace<\/a> (25 Zimmer)<\/li>\n<li>Unterbringung in der <a href=\"https:\/\/www.cauxpalace.ch\/facilities\/villa-maria\/\">Villa Maria<\/a> (6 Zimmer)<\/li>\n<li>Gesundes Fr\u00fchst\u00fcck<\/li>\n<\/ul>\n<h3><\/h3>\n<h3><strong>Villa Maria: Ganzj\u00e4hrige Angebote<br \/>\n<\/strong><\/h3>\n<ul>\n<li>F\u00fcr Gruppen von 15 bis 30 Personen<\/li>\n<li>Die <a href=\"https:\/\/www.cauxpalace.ch\/facilities\/villa-maria\/\">Villa Maria<\/a> kann sowohl als Tagesst\u00e4tte als auch mit \u00dcbernachtung gebucht werden<\/li>\n<li>Die Kurtaxen erm\u00f6glichen jedoch den Zugang zu den Erm\u00e4ssigungen der Riviera Card, inklusive freiem \u00f6ffentlichem Verkehr von und nach Montreux<\/li>\n<\/ul>\n<p><strong>F\u00fcr NGOs und Partnerorganisationen sind Erm\u00e4ssigungen m\u00f6glich.<\/strong><\/p>\n<h3><strong>Entdecken Sie die Sehensw\u00fcrdigkeiten der Region!<br \/>\n<\/strong><\/h3>\n<ul>\n<li>Den Panoramablick vom<a href=\"https:\/\/www.myswitzerland.com\/fr-fr\/decouvrir\/rochers-de-naye\/\"> Rochers-de-Naye<\/a><\/li>\n<li>Ein Besuch im ber\u00fchmten <a href=\"https:\/\/www.chillon.ch\/\">Castle Chillon<\/a><\/li>\n<li>Eine <a href=\"https:\/\/www.tripadvisor.com\/Attraction_Review-g188107-d1830342-Reviews-La_Suisse_Belle_Epoque_paddle_steamboat-Lausanne_Canton_of_Vaud.html\">Belle Epoque-Dampfschifffahrt<\/a> auf dem Genfer See<\/li>\n<li>Das unvergessliche <a href=\"https:\/\/www.chaplinsworld.com\/en\">Chaplin\u2019s World-Museum in Corsier-sur-Vevey<\/a><\/li>\n<li>Ein Spaziergang in <a href=\"https:\/\/www.montreux.ch\/accueil\">Montreux <\/a>&amp; <a href=\"https:\/\/www.vevey.ch\/\">Vevey<\/a> am See<\/li>\n<\/ul>\n<p>Erfahren Sie mehr \u00fcber erm\u00e4ssigte Preise mit der <a href=\"https:\/\/static.mycity.travel\/manage\/uploads\/6\/24\/262987\/9\/montreux-riviera-card-prestations-et-transports-2025.pdf\">Riviera Card vom Fremdenverkehrsamt Montreux.\u00a0<\/a><\/p>\n<h3><strong>Gestalten Sie Ihr Event interaktiv!<br \/>\n<\/strong><\/h3>\n<p>Initiativen der Ver\u00e4nderung verf\u00fcgt \u00fcber 80 Jahre Erfahrung bei der<a href=\"https:\/\/www.iofc.ch\/de\/vertrauen-aufbauen\/dialogfacilitation\"> Facilitation interaktiver Events und Veranstaltungen.<\/a> Erfragen Sie unser Angebot.<\/p>\n<p><strong><a href=\"mailto: info@cauxpalace.ch\">Kontaktieren Sie uns<\/a> f\u00fcr weitere Informationen sowie f\u00fcr ein detailliertes Angebot oder f\u00fcllen Sie hier unser <a href=\"https:\/\/www.cauxpalace.ch\/access-contact\/\">Kontaktformular aus.<\/a><\/strong><\/p>\n<h3><strong>Allgemeine Gesch\u00e4ftsbedingungen<\/strong><\/h3>\n<p>Um Ihren Aufenthalt im Caux Palace so gut wie m\u00f6glich vorzubereiten, bitten wir Sie, unsere <a href=\"https:\/\/cauxpalace.ch\/de\/allgemeine-geschaeftsbedingungen\/\" target=\"_blank\" rel=\"noopener\">Allgemeinen Gesch\u00e4ftsbedingungen<\/a> gr\u00fcndlich durchzulesen.<\/p>\n<p>________________________________________________________________________________<\/p>\n<p><em>Der Caux Palace ist Eigentum der gemeinn\u00fctzigen <a href=\"https:\/\/www.iofc.ch\/de\">Stiftung Caux Initiativen der Ver\u00e4nderung<\/a>, die 1946 gegr\u00fcndet wurde.<\/em><br \/>\n<em>Caux Initiativen der Ver\u00e4nderung verfolgt die Vision einer gerechten, friedlichen und nachhaltigen Welt, in der Menschen im Bewusstsein globaler wechselseitiger Abh\u00e4ngigkeiten und Verantwortungen handeln.<\/em><\/p>\n","protected":false},"excerpt":{"rendered":"<p>Buchen Sie Ihren Dialog, Training oder Retreat in einer einzigartigen Umgebung Mit Blick auf den Genfer See und oberhalb von Montreux in der Schweiz gelegen, bietet der Caux Palace\u00a0eine inspirierende Umgebung. Besuchen Sie uns und gewinnen Sie eine neue Perspektive an einem Ort, der zu einem fruchtbaren Austausch anregt. Wir bieten folgende Optionen f\u00fcr Ihr [&hellip;]<\/p>\n","protected":false},"author":6,"featured_media":0,"parent":2881,"menu_order":0,"comment_status":"closed","ping_status":"closed","template":"plain-page.php","meta":{"_acf_changed":false,"footnotes":""},"class_list":["post-2978","page","type-page","status-publish","hentry"],"acf":[],"_links":{"self":[{"href":"https:\/\/www.cauxpalace.ch\/de\/wp-json\/wp\/v2\/pages\/2978","targetHints":{"allow":["GET"]}}],"collection":[{"href":"https:\/\/www.cauxpalace.ch\/de\/wp-json\/wp\/v2\/pages"}],"about":[{"href":"https:\/\/www.cauxpalace.ch\/de\/wp-json\/wp\/v2\/types\/page"}],"author":[{"embeddable":true,"href":"https:\/\/www.cauxpalace.ch\/de\/wp-json\/wp\/v2\/users\/6"}],"replies":[{"embeddable":true,"href":"https:\/\/www.cauxpalace.ch\/de\/wp-json\/wp\/v2\/comments?post=2978"}],"version-history":[{"count":36,"href":"https:\/\/www.cauxpalace.ch\/de\/wp-json\/wp\/v2\/pages\/2978\/revisions"}],"predecessor-version":[{"id":7423,"href":"https:\/\/www.cauxpalace.ch\/de\/wp-json\/wp\/v2\/pages\/2978\/revisions\/7423"}],"up":[{"embeddable":true,"href":"https:\/\/www.cauxpalace.ch\/de\/wp-json\/wp\/v2\/pages\/2881"}],"wp:attachment":[{"href":"https:\/\/www.cauxpalace.ch\/de\/wp-json\/wp\/v2\/media?parent=2978"}],"curies":[{"name":"wp","href":"https:\/\/api.w.org\/{rel}","templated":true}]}}