{"id":2886,"date":"2020-06-14T10:11:48","date_gmt":"2020-06-14T08:11:48","guid":{"rendered":"http:\/\/www.cauxpalace.ch\/?page_id=2886"},"modified":"2025-02-13T09:59:01","modified_gmt":"2025-02-13T08:59:01","slug":"caux-palace-fuehrungen","status":"publish","type":"page","link":"https:\/\/www.cauxpalace.ch\/de\/angebote\/caux-palace-fuehrungen\/","title":{"rendered":"F\u00fchrungen"},"content":{"rendered":"\n<p>Tauchen Sie ein in die faszinierende Geschichte des <a href=\"https:\/\/cauxpalace.ch\/de\/\"><strong>Caux Palace<\/strong><\/a>, der zwischen 1900 und 1902 als pr\u00e4chtiges Grandhotel der Belle Epoque erbaut wurde und eine der spektakul\u00e4rsten Aussichten der Schweiz bietet.<\/p>\n\n\n\n<p>Der Caux Palace ist ein historisches Denkmal von aussergew\u00f6hnlicher Bedeutung. Das ehemalige Belle \u00c9poque-Hotel, das als Objekt von nationalem Interesse eingestuft ist, ist ein einzigartiges St\u00fcck Schweizer Kulturerbe und seine Architektur, Geschichte und kulturelle Rolle machen es zu einem faszinierenden Ort mit einem reichen Erbe.<\/p>\n\n\n\n<div style=\"height:30px\" aria-hidden=\"true\" class=\"wp-block-spacer\"><\/div>\n\n\n\n<figure class=\"wp-block-image size-large\"><img loading=\"lazy\" decoding=\"async\" width=\"1024\" height=\"378\" src=\"\/wp-content\/uploads\/2024\/11\/Main-Hall-historical-2-1024x378.png\" alt=\"\" class=\"wp-image-6988\" srcset=\"https:\/\/www.cauxpalace.ch\/wp-content\/uploads\/2024\/11\/Main-Hall-historical-2-1024x378.png 1024w, https:\/\/www.cauxpalace.ch\/wp-content\/uploads\/2024\/11\/Main-Hall-historical-2-300x111.png 300w, https:\/\/www.cauxpalace.ch\/wp-content\/uploads\/2024\/11\/Main-Hall-historical-2-768x284.png 768w, https:\/\/www.cauxpalace.ch\/wp-content\/uploads\/2024\/11\/Main-Hall-historical-2-1536x568.png 1536w, https:\/\/www.cauxpalace.ch\/wp-content\/uploads\/2024\/11\/Main-Hall-historical-2.png 1905w\" sizes=\"auto, (max-width: 1024px) 100vw, 1024px\" \/><figcaption class=\"wp-element-caption\">Der Caux Palace in den fr\u00fchen 1900er Jahren<\/figcaption><\/figure>\n\n\n\n<div style=\"height:33px\" aria-hidden=\"true\" class=\"wp-block-spacer\"><\/div>\n\n\n\n<p>Das 1902 von <strong>Eug\u00e8ne Jost<\/strong>, dem Architekten des Majestic Palace Hotels, erbaute Hotel liegt auf einer \u00fcber 500 Meter langen Terrasse in den H\u00f6hen von Montreux auf einer H\u00f6he von 1000 Metern und bietet einen atemberaubenden Blick auf das gesamte Genferseebecken und die Schweizer Alpen.<\/p>\n\n\n\n<p>W\u00e4hrend der F\u00fchrung entdecken Sie prestigetr\u00e4chtige R\u00e4ume wie das barocke <a href=\"https:\/\/cauxpalace.ch\/facilities\/caux-palace\/theater\/\">Theater<\/a> und die imposante <a href=\"https:\/\/cauxpalace.ch\/facilities\/caux-palace\/main-hall\/\">Grossen Halle<\/a>&nbsp;und erkunden Bereiche hinter den Kulissen, wie die Waschk\u00fcchen und die Bauwerkst\u00e4tten.<\/p>\n\n\n\n<p>Ausserdem erfahren Sie mehr \u00fcber das internationale Netzwerk der<a href=\"https:\/\/www.iofc.ch\/discover-iofc\">&nbsp;Stiftung Caux Initiativen der Ver\u00e4nderung<\/a>&nbsp;und ihre Aktivit\u00e4ten in der Schweiz und im Ausland.<\/p>\n\n\n\n<div style=\"height:31px\" aria-hidden=\"true\" class=\"wp-block-spacer\"><\/div>\n\n\n\n<figure class=\"wp-block-image size-large\"><img loading=\"lazy\" decoding=\"async\" width=\"1024\" height=\"372\" src=\"\/wp-content\/uploads\/2024\/11\/corridor-1024x372.png\" alt=\"\" class=\"wp-image-7054\" srcset=\"https:\/\/www.cauxpalace.ch\/wp-content\/uploads\/2024\/11\/corridor-1024x372.png 1024w, https:\/\/www.cauxpalace.ch\/wp-content\/uploads\/2024\/11\/corridor-300x109.png 300w, https:\/\/www.cauxpalace.ch\/wp-content\/uploads\/2024\/11\/corridor-768x279.png 768w, https:\/\/www.cauxpalace.ch\/wp-content\/uploads\/2024\/11\/corridor-1536x559.png 1536w, https:\/\/www.cauxpalace.ch\/wp-content\/uploads\/2024\/11\/corridor.png 1650w\" sizes=\"auto, (max-width: 1024px) 100vw, 1024px\" \/><\/figure>\n\n\n\n<div style=\"height:32px\" aria-hidden=\"true\" class=\"wp-block-spacer\"><\/div>\n\n\n\n<h3 class=\"wp-block-heading\"><strong>GESCHICHTE<\/strong><\/h3>\n\n\n\n<p>Der Caux Palace wurde zu Beginn des 20. Jahrhunderts als Luxushotel f\u00fcr die Reichen und Ber\u00fchmten erbaut. Doch die beiden Weltkriege trieben den Caux Palace in den Bankrott und er wurde 1944 von der Schweizer Armee beschlagnahmt, um j\u00fcdische Fl\u00fcchtlinge unterzubringen.<\/p>\n\n\n\n<p>1946 wurde der Caux Palace von 100 Schweizer Familien gekauft, um einen Ort f\u00fcr die \u201eMoralische Aufr\u00fcstung\u201c (heute bekannt als <a href=\"https:\/\/www.iofc.ch\/discover-iofc\">Initiativen der Ver\u00e4nderung<\/a>) zu schaffen, eine von dem Amerikaner Frank Buchman initiierte Bewegung, die den Wiederaufbau Europas nach dem Zweiten Weltkrieg unterst\u00fctzen sollte. Seitdem kommen Einzelpersonen und Delegationen aus Europa und der ganzen Welt nach Caux, um sich f\u00fcr<a href=\"https:\/\/www.iofc.ch\/anniversary-stories\"> Frieden und Vers\u00f6hnung<\/a> einzusetzen.<\/p>\n\n\n\n<div style=\"height:35px\" aria-hidden=\"true\" class=\"wp-block-spacer\"><\/div>\n\n\n\n<figure class=\"wp-block-image size-large\"><img loading=\"lazy\" decoding=\"async\" width=\"1024\" height=\"372\" src=\"\/wp-content\/uploads\/2024\/11\/JOEUP-3-1024x372.png\" alt=\"\" class=\"wp-image-6991\" srcset=\"https:\/\/www.cauxpalace.ch\/wp-content\/uploads\/2024\/11\/JOEUP-3-1024x372.png 1024w, https:\/\/www.cauxpalace.ch\/wp-content\/uploads\/2024\/11\/JOEUP-3-300x109.png 300w, https:\/\/www.cauxpalace.ch\/wp-content\/uploads\/2024\/11\/JOEUP-3-768x279.png 768w, https:\/\/www.cauxpalace.ch\/wp-content\/uploads\/2024\/11\/JOEUP-3-1536x559.png 1536w, https:\/\/www.cauxpalace.ch\/wp-content\/uploads\/2024\/11\/JOEUP-3.png 1650w\" sizes=\"auto, (max-width: 1024px) 100vw, 1024px\" \/><\/figure>\n\n\n\n<div style=\"height:40px\" aria-hidden=\"true\" class=\"wp-block-spacer\"><\/div>\n\n\n\n<h3 class=\"wp-block-heading\"><strong>UNSERE F\u00dcHRUNGEN \u2013 EIN UNVERGESSLICHES ERLEBNIS<\/strong><\/h3>\n\n\n\n<div style=\"height:20px\" aria-hidden=\"true\" class=\"wp-block-spacer\"><\/div>\n\n\n\n<p>Entdecken Sie die vielen historischen Sch\u00e4tze des Caux Palace und folgen Sie uns auf einer faszinierenden F\u00fchrung durch das Geb\u00e4ude und seine reiche Geschichte.<\/p>\n\n\n\n<p>Buchen Sie eine F\u00fchrung durch den Caux Palace und besuchen Sie prestigetr\u00e4chtige R\u00e4ume, wie das <a href=\"https:\/\/cauxpalace.ch\/offers\/historic-house-tours\/_wp_link_placeholder\">Theater<\/a> im Barockstil, das Zimmer, in dem der Maharaja von Baroda \u00fcbernachtete, oder die <a href=\"https:\/\/cauxpalace.ch\/facilities\/caux-palace\/main-hall\/\">Grosse Halle&nbsp;<\/a>und die Backstage-Bereiche, wie die Waschk\u00fcche und die Bauwerkst\u00e4tten, die in der in Zusammenarbeit mit Netflix gedrehten Serie RTS <a rel=\"noreferrer noopener\" href=\"https:\/\/www.rts.ch\/fiction\/2024\/article\/winter-palace-une-serie-realisee-par-pierre-monnard-28676845.html\" target=\"_blank\"><em>Winter Palace<\/em><\/a>&nbsp;verwendet wurden.<\/p>\n\n\n\n<div style=\"height:8px\" aria-hidden=\"true\" class=\"wp-block-spacer\"><\/div>\n\n\n\n<p>Ihr F\u00fchrer ist <a href=\"https:\/\/www.iofc.ch\/de\/andrew-stallybrass\"><strong>Andrew Stallybrass<\/strong><\/a>, ein Experte der Geschichte des Caux Palace und der Bewegung Initiativen der Ver\u00e4nderung.<\/p>\n\n\n\n<p>Bitte beachten Sie, dass die F\u00fchrungen<strong> auf Franz\u00f6sisch oder Englisch<\/strong> stattfinden und ca. 1,5 Stunden dauern! F\u00fchrungen <strong>auf Ukrainisch<\/strong> sind auf Anfrage ebenfalls m\u00f6glich.<\/p>\n\n\n\n<p>Gruppen sind willkommen (max. 20 Personen)<\/p>\n\n\n\n<div style=\"height:38px\" aria-hidden=\"true\" class=\"wp-block-spacer\"><\/div>\n\n\n\n<figure class=\"wp-block-image size-large\"><img loading=\"lazy\" decoding=\"async\" width=\"1024\" height=\"379\" src=\"\/wp-content\/uploads\/2024\/11\/Maharadja-1536x568-1-1024x379.png\" alt=\"\" class=\"wp-image-7062\" srcset=\"https:\/\/www.cauxpalace.ch\/wp-content\/uploads\/2024\/11\/Maharadja-1536x568-1-1024x379.png 1024w, https:\/\/www.cauxpalace.ch\/wp-content\/uploads\/2024\/11\/Maharadja-1536x568-1-300x111.png 300w, https:\/\/www.cauxpalace.ch\/wp-content\/uploads\/2024\/11\/Maharadja-1536x568-1-768x284.png 768w, https:\/\/www.cauxpalace.ch\/wp-content\/uploads\/2024\/11\/Maharadja-1536x568-1.png 1536w\" sizes=\"auto, (max-width: 1024px) 100vw, 1024px\" \/><\/figure>\n\n\n\n<div style=\"height:37px\" aria-hidden=\"true\" class=\"wp-block-spacer\"><\/div>\n\n\n\n<h3 class=\"wp-block-heading\"><strong>GEB\u00dcHREN<\/strong><\/h3>\n\n\n\n<p>Erwachsene: CHF 20.-\/Person<\/p>\n\n\n\n<p>Kinder 6 &#8211; 15 Jahre: CHF 10.-\/Person<\/p>\n\n\n\n<p>Kinder 0 &#8211; 5 Jahre: kostenlos<\/p>\n\n\n\n<p>Gruppenpreise (max 20 Personen) auf Anfrage:\u00a0\u00a0<a href=\"mailto:info@cauxpalace.ch\">E-Mail<\/a><\/p>\n\n\n\n<p><\/p>\n\n\n\n<div style=\"height:33px\" aria-hidden=\"true\" class=\"wp-block-spacer\"><\/div>\n\n\n\n<h3 class=\"wp-block-heading\"><strong>ZUS\u00c4TZLICHE SERVICEANGEBOTE<\/strong><\/h3>\n\n\n\n<p>Aperitif nach dem Besuch mit einem Caux Palace-Bier oder 2dl Wein aus unserer Auswahl an lokalen Weinen: CHF 15.-\/Person<\/p>\n\n\n\n<p>Kaffeepause nach dem Besuch, inklusive Saft + Heissgetr\u00e4nke + s\u00fcsse Snacks + Obst: CHF 8.-\/Person<\/p>\n\n\n\n<div style=\"height:39px\" aria-hidden=\"true\" class=\"wp-block-spacer\"><\/div>\n\n\n\n<figure class=\"wp-block-image size-large\"><img loading=\"lazy\" decoding=\"async\" width=\"1024\" height=\"384\" src=\"\/wp-content\/uploads\/2024\/11\/Caux-Conference-and-Seminar-Centre_Caux-Village-1024x384.jpg\" alt=\"\" class=\"wp-image-7020\" srcset=\"https:\/\/www.cauxpalace.ch\/wp-content\/uploads\/2024\/11\/Caux-Conference-and-Seminar-Centre_Caux-Village-1024x384.jpg 1024w, https:\/\/www.cauxpalace.ch\/wp-content\/uploads\/2024\/11\/Caux-Conference-and-Seminar-Centre_Caux-Village-300x113.jpg 300w, https:\/\/www.cauxpalace.ch\/wp-content\/uploads\/2024\/11\/Caux-Conference-and-Seminar-Centre_Caux-Village-768x288.jpg 768w, https:\/\/www.cauxpalace.ch\/wp-content\/uploads\/2024\/11\/Caux-Conference-and-Seminar-Centre_Caux-Village-1536x576.jpg 1536w, https:\/\/www.cauxpalace.ch\/wp-content\/uploads\/2024\/11\/Caux-Conference-and-Seminar-Centre_Caux-Village.jpg 2000w\" sizes=\"auto, (max-width: 1024px) 100vw, 1024px\" \/><\/figure>\n\n\n\n<div style=\"height:40px\" aria-hidden=\"true\" class=\"wp-block-spacer\"><\/div>\n\n\n\n<h3 class=\"wp-block-heading\"><strong>ANFAHRT ZUM CAUX PALACE<\/strong><\/h3>\n\n\n\n<div style=\"height:21px\" aria-hidden=\"true\" class=\"wp-block-spacer\"><\/div>\n\n\n\n<p><strong>ANREISE<\/strong><\/p>\n\n\n\n<p>Mit dem Zug: Haltestelle \u201eCaux\u201c der Montreux-Rochers de Naye-Bahn \/ Mit dem Auto: von Montreux aus: Richtung \u201eGlion \u2013 Caux\u201c<\/p>\n\n\n\n<div style=\"height:23px\" aria-hidden=\"true\" class=\"wp-block-spacer\"><\/div>\n\n\n\n<p><strong>PARKPLATZ<\/strong><\/p>\n\n\n\n<p>Parkpl\u00e4tze sind in der N\u00e4he vorhanden.<\/p>\n\n\n\n<div style=\"height:26px\" aria-hidden=\"true\" class=\"wp-block-spacer\"><\/div>\n\n\n\n<p><strong>EINGESCHR\u00c4NKTE MOBILIT\u00c4T<\/strong><\/p>\n\n\n\n<p>Rollstuhlzugang und PRM-Toiletten \u2013 alle Details finden Sie <a href=\"https:\/\/cauxpalace.ch\/news-post\/barrier-free-living\/\">hier<\/a>!<\/p>\n\n\n\n<div style=\"height:51px\" aria-hidden=\"true\" class=\"wp-block-spacer\"><\/div>\n\n\n\n<h2 class=\"wp-block-heading has-text-align-center\"><a href=\"https:\/\/www.montreuxriviera.com\/fr\/F2185\/visite-guidee-au-caux-palace#\/\"><strong>HIER BUCHEN<\/strong><\/a><\/h2>\n\n\n\n<div style=\"height:57px\" aria-hidden=\"true\" class=\"wp-block-spacer\"><\/div>\n\n\n\n<p>Weitere Informationen finden Sie auf der <a href=\"https:\/\/www.montreuxriviera.com\/fr\/F2185\/visite-guidee-au-caux-palace#\/experience\/TDS00020014816614277\">Website von Montreux Riviera<\/a><\/p>\n\n\n\n<p>F\u00fcr weitere Informationen kontaktieren Sie uns bitte per <a href=\"mailto:info@cauxpalace.ch\">E-Mail<\/a> oder telefonisch unter +41 (0)21 962 91 11.<\/p>\n\n\n\n<div style=\"height:33px\" aria-hidden=\"true\" class=\"wp-block-spacer\"><\/div>\n","protected":false},"excerpt":{"rendered":"<p>Tauchen Sie ein in die faszinierende Geschichte des Caux Palace, der zwischen 1900 und 1902 als pr\u00e4chtiges Grandhotel der Belle Epoque erbaut wurde und eine der spektakul\u00e4rsten Aussichten der Schweiz bietet. Der Caux Palace ist ein historisches Denkmal von aussergew\u00f6hnlicher Bedeutung. Das ehemalige Belle \u00c9poque-Hotel, das als Objekt von nationalem Interesse eingestuft ist, ist ein [&hellip;]<\/p>\n","protected":false},"author":6,"featured_media":0,"parent":2881,"menu_order":1,"comment_status":"closed","ping_status":"closed","template":"food-and-catering.php","meta":{"_acf_changed":false,"footnotes":""},"class_list":["post-2886","page","type-page","status-publish","hentry"],"acf":[],"_links":{"self":[{"href":"https:\/\/www.cauxpalace.ch\/de\/wp-json\/wp\/v2\/pages\/2886","targetHints":{"allow":["GET"]}}],"collection":[{"href":"https:\/\/www.cauxpalace.ch\/de\/wp-json\/wp\/v2\/pages"}],"about":[{"href":"https:\/\/www.cauxpalace.ch\/de\/wp-json\/wp\/v2\/types\/page"}],"author":[{"embeddable":true,"href":"https:\/\/www.cauxpalace.ch\/de\/wp-json\/wp\/v2\/users\/6"}],"replies":[{"embeddable":true,"href":"https:\/\/www.cauxpalace.ch\/de\/wp-json\/wp\/v2\/comments?post=2886"}],"version-history":[{"count":42,"href":"https:\/\/www.cauxpalace.ch\/de\/wp-json\/wp\/v2\/pages\/2886\/revisions"}],"predecessor-version":[{"id":7154,"href":"https:\/\/www.cauxpalace.ch\/de\/wp-json\/wp\/v2\/pages\/2886\/revisions\/7154"}],"up":[{"embeddable":true,"href":"https:\/\/www.cauxpalace.ch\/de\/wp-json\/wp\/v2\/pages\/2881"}],"wp:attachment":[{"href":"https:\/\/www.cauxpalace.ch\/de\/wp-json\/wp\/v2\/media?parent=2886"}],"curies":[{"name":"wp","href":"https:\/\/api.w.org\/{rel}","templated":true}]}}