{"id":1207,"date":"2017-05-10T16:06:55","date_gmt":"2017-05-10T15:06:55","guid":{"rendered":"http:\/\/www.cauxpalace.ch\/essen-und-aktivitaeten\/activities-around-caux\/"},"modified":"2024-02-24T10:57:09","modified_gmt":"2024-02-24T09:57:09","slug":"aktivitaeten-rund-um-caux","status":"publish","type":"page","link":"https:\/\/www.cauxpalace.ch\/de\/angebote\/aktivitaeten-rund-um-caux\/","title":{"rendered":"Rund um Caux"},"content":{"rendered":"\n<p><strong>Inmitten der Natur und dennoch stadtnah bietet Caux eine Atmosph\u00e4re der Ruhe und eine Auszeit vom Alltagsstress.<\/strong><\/p>\n\n\n\n<p>Nutzen Sie Pausen oder Gruppenaktivit\u00e4ten im Freien und lassen Sie sich von der atemberaubenden Kulisse von Caux inspirieren.<\/p>\n\n\n\n<p>Sie k\u00f6nnen direkt hinter dem Palace den Rochers de Naye (2024m) besteigen oder mit der Zahnradbahn von Caux aus auf den Berg fahren.<\/p>\n\n\n\n<figure class=\"wp-block-image size-large\"><img loading=\"lazy\" decoding=\"async\" width=\"1024\" height=\"378\" src=\"\/wp-content\/uploads\/2024\/01\/Mountain-view-4-1024x378.png\" alt=\"\" class=\"wp-image-5407\" srcset=\"https:\/\/www.cauxpalace.ch\/wp-content\/uploads\/2024\/01\/Mountain-view-4-1024x378.png 1024w, https:\/\/www.cauxpalace.ch\/wp-content\/uploads\/2024\/01\/Mountain-view-4-300x111.png 300w, https:\/\/www.cauxpalace.ch\/wp-content\/uploads\/2024\/01\/Mountain-view-4-768x284.png 768w, https:\/\/www.cauxpalace.ch\/wp-content\/uploads\/2024\/01\/Mountain-view-4-1536x568.png 1536w, https:\/\/www.cauxpalace.ch\/wp-content\/uploads\/2024\/01\/Mountain-view-4.png 1905w\" sizes=\"auto, (max-width: 1024px) 100vw, 1024px\" \/><\/figure>\n\n\n\n<p>Die Region bietet Ausflugsziele in die Schweizer Alpen, Besichtigungen der St\u00e4dte entlang des Genfer Sees, wundersch\u00f6ne Exkursionen, die Sie nicht verpassen d\u00fcrfen und viele Aktivit\u00e4ten, die Ihren Aufenthalt bereichern.<\/p>\n\n\n\n<p>Kosten Sie die regionalen Men\u00fcs der umliegenden Restaurants und erleben Sie durch Museen, Kunstgalerien und Konzers\u00e4le Kultur, Musik und Kunst hautnah.<\/p>\n\n\n\n<figure class=\"wp-block-image size-full\"><img loading=\"lazy\" decoding=\"async\" width=\"1024\" height=\"384\" src=\"\/wp-content\/uploads\/2024\/01\/Slider-Summer-2021-Four-1024x384-2.jpg\" alt=\"\" class=\"wp-image-5412\" srcset=\"https:\/\/www.cauxpalace.ch\/wp-content\/uploads\/2024\/01\/Slider-Summer-2021-Four-1024x384-2.jpg 1024w, https:\/\/www.cauxpalace.ch\/wp-content\/uploads\/2024\/01\/Slider-Summer-2021-Four-1024x384-2-300x113.jpg 300w, https:\/\/www.cauxpalace.ch\/wp-content\/uploads\/2024\/01\/Slider-Summer-2021-Four-1024x384-2-768x288.jpg 768w\" sizes=\"auto, (max-width: 1024px) 100vw, 1024px\" \/><\/figure>\n","protected":false},"excerpt":{"rendered":"<p>Inmitten der Natur und dennoch stadtnah bietet Caux eine Atmosph\u00e4re der Ruhe und eine Auszeit vom Alltagsstress. Nutzen Sie Pausen oder Gruppenaktivit\u00e4ten im Freien und lassen Sie sich von der atemberaubenden Kulisse von Caux inspirieren. Sie k\u00f6nnen direkt hinter dem Palace den Rochers de Naye (2024m) besteigen oder mit der Zahnradbahn von Caux aus auf [&hellip;]<\/p>\n","protected":false},"author":9,"featured_media":1291,"parent":2881,"menu_order":3,"comment_status":"closed","ping_status":"closed","template":"activities.php","meta":{"_acf_changed":false,"footnotes":""},"class_list":["post-1207","page","type-page","status-publish","has-post-thumbnail","hentry"],"acf":[],"_links":{"self":[{"href":"https:\/\/www.cauxpalace.ch\/de\/wp-json\/wp\/v2\/pages\/1207","targetHints":{"allow":["GET"]}}],"collection":[{"href":"https:\/\/www.cauxpalace.ch\/de\/wp-json\/wp\/v2\/pages"}],"about":[{"href":"https:\/\/www.cauxpalace.ch\/de\/wp-json\/wp\/v2\/types\/page"}],"author":[{"embeddable":true,"href":"https:\/\/www.cauxpalace.ch\/de\/wp-json\/wp\/v2\/users\/9"}],"replies":[{"embeddable":true,"href":"https:\/\/www.cauxpalace.ch\/de\/wp-json\/wp\/v2\/comments?post=1207"}],"version-history":[{"count":17,"href":"https:\/\/www.cauxpalace.ch\/de\/wp-json\/wp\/v2\/pages\/1207\/revisions"}],"predecessor-version":[{"id":6314,"href":"https:\/\/www.cauxpalace.ch\/de\/wp-json\/wp\/v2\/pages\/1207\/revisions\/6314"}],"up":[{"embeddable":true,"href":"https:\/\/www.cauxpalace.ch\/de\/wp-json\/wp\/v2\/pages\/2881"}],"wp:featuredmedia":[{"embeddable":true,"href":"https:\/\/www.cauxpalace.ch\/de\/wp-json\/wp\/v2\/media\/1291"}],"wp:attachment":[{"href":"https:\/\/www.cauxpalace.ch\/de\/wp-json\/wp\/v2\/media?parent=1207"}],"curies":[{"name":"wp","href":"https:\/\/api.w.org\/{rel}","templated":true}]}}